{"id":1718,"date":"2023-08-03T12:00:16","date_gmt":"2023-08-03T15:00:16","guid":{"rendered":"https:\/\/laboratoriounimedical.com\/?post_type=product&#038;p=1718"},"modified":"2023-11-27T13:12:57","modified_gmt":"2023-11-27T16:12:57","slug":"prednisolona-40","status":"publish","type":"product","link":"https:\/\/laboratoriounimedical.com\/en\/producto\/prednisolona-40\/","title":{"rendered":"Prednisolona 40"},"content":{"rendered":"<p><strong>Antiinflamatorio, antipruriginoso y antial\u00e9rgico. &#8211; \u00a0Comprimidos de uso oral<\/strong><\/p>\n<p>La prednisolona es un corticosteroide sint\u00e9tico de acci\u00f3n intermedia.<\/p>\n<p><strong>F\u00d3RMULA<\/strong><br \/>\nCada comprimido contiene:<br \/>\nPrednisolona &#8230;&#8230;&#8230;&#8230;&#8230;&#8230;&#8230;&#8230;&#8230;&#8230;&#8230;&#8230;&#8230;&#8230;&#8230;&#8230;&#8230;. 40 mg<br \/>\nExcipientes c.s.p&#8230;&#8230;&#8230;&#8230;&#8230;&#8230;&#8230;&#8230;&#8230;&#8230;&#8230;&#8230;&#8230;&#8230;&#8230;. 250 mg<\/p>\n<p><strong>INDICACIONES<\/strong><br \/>\nLa prednisolona 40 mg Unimedical se indica su uso en caninos como antiinflamatorio, antipruriginoso y antial\u00e9rgico.<br \/>\nSe recomienda en lesiones inflamatorias y al\u00e9rgicas de la piel.<br \/>\nComo terapia de reemplazo, como tratamiento de procesos inflamatorios y al\u00e9rgicos, al suprimir los procesos inflamatorios.<br \/>\nControla los procesos autoinmunes (p\u00e9nfigo, vulgar, p\u00e9nfigo vegetante, p\u00e9nfigo foli\u00e1ceo y el p\u00e9nfigo eritematoso) dermatitis al\u00e9rgicas, por contacto, seborreicas.<\/p>\n<p><strong>ADMINISTRACI\u00d3N Y DOSIS<\/strong><br \/>\nSe aconseja administrar los comprimidos en el perro, en la ma\u00f1ana, entre 7 y 10 hs y en el gato , en la noche , entre 22 y 24 hs para coincidir con la curva hormonal normal.<br \/>\nUn comprimido cada 40 kg de peso por d\u00eda preferentemente durante la ma\u00f1ana en los perros y en la tarde en gatos.<\/p>\n<p>En procesos inflamatorios o al\u00e9rgicos se sugiere iniciar el tratamiento con 1 mg\/kg\/d\u00eda durante la primera semana de tratamiento y luego reducir a dosis a 0,5 mg\/kg\/d\u00eda en la segunda semana.<br \/>\nLuego puede continuarse la terapia a d\u00edas alternos o diariamente con la m\u00ednima dosis efectiva o hasta suspensi\u00f3n.<\/p>\n<p>Como inmunosupresor la dosis es de 2-4 mg\/kg d\u00eda en dos tomas durante 5 a 7 d\u00edas reduciendo la dosis a la mitad en forma semanal hasta finalizar el tratamiento. Antineopl\u00e1sico\/citot\u00f3xico: Cuando se utiliza prednisolona como agente antineopl\u00e1sico, solo o en un protocolo de quimioterapia multif\u00e1rmaco, las siguientes dosis deben utilizarse s\u00f3lo como gu\u00eda general. Se recomienda encarecidamente consultar a un onc\u00f3logo veterinario.<\/p>\n<p>Perros: Prednisolona 2 mg\/kg\/d\u00eda.<br \/>\nGatos: Los gatos son relativamente resistentes a los esteroides y requieren dosis m\u00e1s altas que los perros.<\/p>\n<p>Las dosis pueden duplicarse con seguridad en comparaci\u00f3n con las de los perros.<br \/>\nCuando se utiliza con otros agentes citot\u00f3xicos en protocolos de quimioterapia, las dosis de prednisolona pueden reducirse.<br \/>\nNo debe suspenderse el tratamiento en forma brusca para evitar la insuficiencia adrenal, sobre todo en tratamientos prolongados<\/p>\n<p><strong>ADVERTENCIAS Y PRECAUCIONES<\/strong><br \/>\nNo usar en animales gestantes.<br \/>\nLos efectos adversos est\u00e1n generalmente asociados a terapias de larga duraci\u00f3n especialmente con dosis altas o dosis diarias. Son poco comunes en las terapias antinflamatorias. Los signos son similares a los del hiperadrenocorticalismo. Estos efectos son m\u00e1s comunes y severos en terapias inmunosupresivas. En pacientes que se les suministra junto con Anfotericina B o diur\u00e9ticos que movilizan el K, puede ocurrir hipokalemia. Administrados junto con gluc\u00f3sidos digit\u00e1licos aumenta la posibilidad de intoxicaci\u00f3n por digit\u00e1licos. Los requerimientos de insulina pueden verse incrementados cuando hay una terapia con glucocorticoides.<\/p>\n<p>Usar con precauci\u00f3n en enfermedades infecciosas, insuficiencia renal o hep\u00e1tica, ulceras gastrointestinales. Se recomienda precauci\u00f3n para su uso en animales con una infecci\u00f3n bacteriana<br \/>\nactiva, \u00falcera corneal, hiperadrenocortisismo (s\u00edndrome de Cushing), diabetes, osteoporosis, reacciones psic\u00f3ticas cr\u00f3nicas, predisposici\u00f3n a tromboflebitis, hipertensi\u00f3n, insuficiencia card\u00edaca congestiva e insuficiencia renal.<\/p>\n<p><strong>ALMACENAMIENTO<\/strong><br \/>\nNo almacenar a temperaturas superiores de 25 C.<br \/>\nConservar en un lugar fresco, seco y protegido de la luz solar.<br \/>\nMantener fuera del alcance de ni\u00f1os y animales dom\u00e9sticos.<br \/>\nEliminar el envase en el centro de acopio m\u00e1s cercano.<\/p>\n","protected":false},"excerpt":{"rendered":"<p>Prednisolona 40,0 mg Excipientes c.s.p 250,0 mg &nbsp;<\/p>\n","protected":false},"featured_media":1721,"comment_status":"open","ping_status":"closed","template":"","meta":[],"product_cat":[603,542],"product_tag":[],"class_list":["post-1718","product","type-product","status-publish","has-post-thumbnail","hentry","product_cat-products-a-z","product_cat-anti-inflammatories","thumb-has-effect","prod-rating-off"],"acf":[],"aioseo_notices":[],"_links":{"self":[{"href":"https:\/\/laboratoriounimedical.com\/en\/wp-json\/wp\/v2\/product\/1718","targetHints":{"allow":["GET"]}}],"collection":[{"href":"https:\/\/laboratoriounimedical.com\/en\/wp-json\/wp\/v2\/product"}],"about":[{"href":"https:\/\/laboratoriounimedical.com\/en\/wp-json\/wp\/v2\/types\/product"}],"replies":[{"embeddable":true,"href":"https:\/\/laboratoriounimedical.com\/en\/wp-json\/wp\/v2\/comments?post=1718"}],"wp:featuredmedia":[{"embeddable":true,"href":"https:\/\/laboratoriounimedical.com\/en\/wp-json\/wp\/v2\/media\/1721"}],"wp:attachment":[{"href":"https:\/\/laboratoriounimedical.com\/en\/wp-json\/wp\/v2\/media?parent=1718"}],"wp:term":[{"taxonomy":"product_cat","embeddable":true,"href":"https:\/\/laboratoriounimedical.com\/en\/wp-json\/wp\/v2\/product_cat?post=1718"},{"taxonomy":"product_tag","embeddable":true,"href":"https:\/\/laboratoriounimedical.com\/en\/wp-json\/wp\/v2\/product_tag?post=1718"}],"curies":[{"name":"wp","href":"https:\/\/api.w.org\/{rel}","templated":true}]}}