{"id":1583,"date":"2023-07-06T11:32:22","date_gmt":"2023-07-06T14:32:22","guid":{"rendered":"https:\/\/laboratoriounimedical.com\/empresa\/"},"modified":"2023-12-16T16:22:55","modified_gmt":"2023-12-16T19:22:55","slug":"companhia","status":"publish","type":"page","link":"https:\/\/laboratoriounimedical.com\/pt-br\/companhia\/","title":{"rendered":"Companhia"},"content":{"rendered":"<section class=\"wpb-content-wrapper\"><p>[vc_row][vc_column][vc_column_text]<\/p>\r\n<h4>Unimedical ofrece a sus clientes productos y tecnolog\u00eda aplicada a la salud animal.<\/h4>\r\n<p>[\/vc_column_text][vc_separator color=&#8221;custom&#8221; align=&#8221;align_left&#8221; border_width=&#8221;4&#8243; el_width=&#8221;10&#8243; accent_color=&#8221;#e5c420&#8243;][\/vc_column][\/vc_row][vc_row][vc_column width=&#8221;1\/2&#8243;][vc_column_text]<\/p>\r\n<p>L\u00edder local no campo de produtos farmac\u00eauticos veterin\u00e1rios para pequenos animais, a empresa desenvolve, comercializa e exporta seus produtos com base nos mais recentes avan\u00e7os tecnol\u00f3gicos e cient\u00edficos adaptados aos padr\u00f5es internacionais.<\/p>\r\n<p>[\/vc_column_text][vc_column_text]<\/p>\r\n<p>Dinamismo e versatilidade s\u00e3o as principais caracter\u00edsticas nas \u00e1reas de produ\u00e7\u00e3o e comercializa\u00e7\u00e3o<\/p>\r\n<p>A busca por novos produtos veterin\u00e1rios que apresentados nas dosagem mais adequadas fazem desta linha a escolha mais segura para uso profissional.<\/p>\r\n<p>Um grupo qualificado de t\u00e9cnicos agu\u00e7a todos os detalhes para a correta formula\u00e7\u00e3o e prepara\u00e7\u00e3o.<\/p>\r\n<p>Orientada inicialmente a pequenas esp\u00e9cies, abrange todas as necessidades da veterin\u00e1ria medido tanto na medica\u00e7\u00e3o parent\u00e9rica como a indica\u00e7\u00e3o domiciliaria.<\/p>\r\n<p>O suporte t\u00e9cnico que recebe o profissional ao administrar ou prescrever qualquer um dos nossos produtos lhe permite no seu dia a dia ter a confian\u00e7a de estar usando produtos provados e controlados.<\/p>\r\n<p>S\u00f3lidos princ\u00edpios \u00e9ticos e de neg\u00f3cios ligados aos regulamentos das autoridades de sa\u00fade a n\u00edvel local e internacional nos permitem penetrar com sucesso em mercados exigentes.<\/p>\r\n<p>[\/vc_column_text][\/vc_column][vc_column width=&#8221;1\/2&#8243;][vc_single_image image=&#8221;1633&#8243; img_size=&#8221;full&#8221;][\/vc_column][\/vc_row][vc_row full_width=&#8221;stretch_row_content&#8221; content_placement=&#8221;middle&#8221;][vc_column width=&#8221;5\/6&#8243;][vc_column_text]<div id=\"mapplic-id1032\" data-mapdata=\"{&quot;mapwidth&quot;:&quot;1500&quot;,&quot;mapheight&quot;:&quot;900&quot;,&quot;action&quot;:&quot;tooltip&quot;,&quot;maxscale&quot;:&quot;15&quot;,&quot;fullscreen&quot;:false,&quot;hovertip&quot;:true,&quot;hovertipdesc&quot;:false,&quot;smartip&quot;:false,&quot;deeplinking&quot;:true,&quot;linknewtab&quot;:false,&quot;minimap&quot;:false,&quot;animations&quot;:true,&quot;zoom&quot;:false,&quot;zoombuttons&quot;:false,&quot;clearbutton&quot;:true,&quot;zoomoutclose&quot;:false,&quot;closezoomout&quot;:true,&quot;mousewheel&quot;:false,&quot;mapfill&quot;:false,&quot;sidebar&quot;:false,&quot;search&quot;:false,&quot;searchdescription&quot;:false,&quot;alphabetic&quot;:false,&quot;thumbholder&quot;:false,&quot;sidebartoggle&quot;:false,&quot;filtersopened&quot;:false,&quot;highlight&quot;:false,&quot;customcss&quot;:&quot;&quot;,&quot;levels&quot;:[{&quot;id&quot;:&quot;my-map&quot;,&quot;title&quot;:&quot;My Map&quot;,&quot;map&quot;:&quot;\\\/\\\/laboratoriounimedical.com\\\/wp-content\\\/uploads\\\/2023\\\/10\\\/world-1-1.svg&quot;,&quot;minimap&quot;:&quot;&lt;br \\\/&gt;&lt;b&gt;Warning&lt;\\\/b&gt;:  Undefined array key &quot;}],&quot;styles&quot;:[{&quot;base&quot;:{&quot;fill&quot;:&quot;#686868&quot;},&quot;hover&quot;:{&quot;fill&quot;:&quot;#474747&quot;},&quot;active&quot;:{&quot;fill&quot;:&quot;&quot;},&quot;class&quot;:&quot;colorinche&quot;},{&quot;base&quot;:{&quot;fill&quot;:&quot;#ffc857&quot;},&quot;hover&quot;:{&quot;fill&quot;:&quot;#ffab05&quot;},&quot;active&quot;:{&quot;fill&quot;:&quot;&quot;},&quot;class&quot;:&quot;uruguay&quot;}],&quot;categories&quot;:[],&quot;locations&quot;:[{&quot;title&quot;:&quot;Uruguay&quot;,&quot;id&quot;:&quot;uy&quot;,&quot;fill&quot;:&quot;#ffc857&quot;,&quot;action&quot;:&quot;tooltip&quot;,&quot;x&quot;:&quot;0.3541&quot;,&quot;y&quot;:&quot;0.8388&quot;,&quot;level&quot;:&quot;my-map&quot;,&quot;color&quot;:&quot;#ffc857&quot;,&quot;pin&quot;:&quot;hidden&quot;,&quot;style&quot;:&quot;uruguay&quot;,&quot;description&quot;:&quot;&lt;p&gt;&lt;a href=\\&quot;mailto:comercioexterior@unimedical.com\\&quot;&gt;comercioexterior@unimedical.com&lt;\\\/a&gt;&lt;\\\/p&gt;&quot;},{&quot;title&quot;:&quot;Arabia Saudita&quot;,&quot;id&quot;:&quot;sa&quot;,&quot;pin&quot;:&quot;hidden&quot;,&quot;style&quot;:&quot;colorinche&quot;,&quot;action&quot;:&quot;default&quot;,&quot;x&quot;:&quot;0.6046&quot;,&quot;y&quot;:&quot;0.5888&quot;,&quot;level&quot;:&quot;my-map&quot;,&quot;description&quot;:&quot;&lt;p&gt;&lt;a href=\\&quot;mailto:comercioexterior@unimedical.com\\&quot;&gt;comercioexterior@unimedical.com&lt;\\\/a&gt;&lt;\\\/p&gt;&quot;},{&quot;title&quot;:&quot;Emiratos \\u00c1rabes Unidos&quot;,&quot;id&quot;:&quot;ae&quot;,&quot;pin&quot;:&quot;hidden&quot;,&quot;style&quot;:&quot;colorinche&quot;,&quot;action&quot;:&quot;default&quot;,&quot;x&quot;:&quot;0.6354&quot;,&quot;y&quot;:&quot;0.5926&quot;,&quot;level&quot;:&quot;my-map&quot;,&quot;description&quot;:&quot;&lt;p&gt;&lt;a href=\\&quot;mailto:comercioexterior@unimedical.com\\&quot;&gt;comercioexterior@unimedical.com&lt;\\\/a&gt;&lt;\\\/p&gt;&quot;},{&quot;title&quot;:&quot;Brasil&quot;,&quot;id&quot;:&quot;br&quot;,&quot;pin&quot;:&quot;hidden&quot;,&quot;style&quot;:&quot;colorinche&quot;,&quot;action&quot;:&quot;default&quot;,&quot;x&quot;:&quot;0.3744&quot;,&quot;y&quot;:&quot;0.7526&quot;,&quot;level&quot;:&quot;my-map&quot;,&quot;description&quot;:&quot;&lt;p&gt;&lt;a href=\\&quot;mailto:comercioexterior@unimedical.com\\&quot;&gt;comercioexterior@unimedical.com&lt;\\\/a&gt;&lt;\\\/p&gt;&quot;},{&quot;title&quot;:&quot;Paraguay&quot;,&quot;id&quot;:&quot;py&quot;,&quot;pin&quot;:&quot;hidden&quot;,&quot;style&quot;:&quot;colorinche&quot;,&quot;action&quot;:&quot;default&quot;,&quot;x&quot;:&quot;0.3481&quot;,&quot;y&quot;:&quot;0.7863&quot;,&quot;level&quot;:&quot;my-map&quot;,&quot;description&quot;:&quot;&lt;p&gt;&lt;a href=\\&quot;mailto:comercioexterior@unimedical.com\\&quot;&gt;comercioexterior@unimedical.com&lt;\\\/a&gt;&lt;\\\/p&gt;&quot;},{&quot;title&quot;:&quot;Venezuela&quot;,&quot;id&quot;:&quot;ve&quot;,&quot;pin&quot;:&quot;hidden&quot;,&quot;style&quot;:&quot;colorinche&quot;,&quot;action&quot;:&quot;default&quot;,&quot;x&quot;:&quot;0.3286&quot;,&quot;y&quot;:&quot;0.6638&quot;,&quot;level&quot;:&quot;my-map&quot;,&quot;description&quot;:&quot;&lt;p&gt;&lt;a href=\\&quot;mailto:comercioexterior@unimedical.com\\&quot;&gt;comercioexterior@unimedical.com&lt;\\\/a&gt;&lt;\\\/p&gt;&quot;},{&quot;title&quot;:&quot;Guatemala&quot;,&quot;id&quot;:&quot;gt&quot;,&quot;pin&quot;:&quot;hidden&quot;,&quot;style&quot;:&quot;colorinche&quot;,&quot;action&quot;:&quot;default&quot;,&quot;x&quot;:&quot;0.2656&quot;,&quot;y&quot;:&quot;0.6313&quot;,&quot;level&quot;:&quot;my-map&quot;,&quot;description&quot;:&quot;&lt;p&gt;&lt;a href=\\&quot;mailto:comercioexterior@unimedical.com\\&quot;&gt;comercioexterior@unimedical.com&lt;\\\/a&gt;&lt;\\\/p&gt;&quot;},{&quot;title&quot;:&quot;Panam\\u00e1&quot;,&quot;id&quot;:&quot;pa&quot;,&quot;pin&quot;:&quot;hidden&quot;,&quot;style&quot;:&quot;colorinche&quot;,&quot;action&quot;:&quot;default&quot;,&quot;x&quot;:&quot;0.2904&quot;,&quot;y&quot;:&quot;0.6688&quot;,&quot;level&quot;:&quot;my-map&quot;,&quot;description&quot;:&quot;&lt;p&gt;&lt;a href=\\&quot;mailto:comercioexterior@unimedical.com\\&quot;&gt;comercioexterior@unimedical.com&lt;\\\/a&gt;&lt;\\\/p&gt;&quot;},{&quot;title&quot;:&quot;Costa Rica&quot;,&quot;id&quot;:&quot;cr&quot;,&quot;pin&quot;:&quot;hidden&quot;,&quot;style&quot;:&quot;colorinche&quot;,&quot;action&quot;:&quot;default&quot;,&quot;x&quot;:&quot;0.2806&quot;,&quot;y&quot;:&quot;0.6576&quot;,&quot;level&quot;:&quot;my-map&quot;,&quot;description&quot;:&quot;&lt;p&gt;&lt;a href=\\&quot;mailto:comercioexterior@unimedical.com\\&quot;&gt;comercioexterior@unimedical.com&lt;\\\/a&gt;&lt;\\\/p&gt;&quot;},{&quot;title&quot;:&quot;Rep\\u00fablica Dominicana&quot;,&quot;id&quot;:&quot;do&quot;,&quot;pin&quot;:&quot;hidden&quot;,&quot;style&quot;:&quot;colorinche&quot;,&quot;action&quot;:&quot;default&quot;,&quot;x&quot;:&quot;0.3196&quot;,&quot;y&quot;:&quot;0.6263&quot;,&quot;level&quot;:&quot;my-map&quot;,&quot;description&quot;:&quot;&lt;p&gt;&lt;a href=\\&quot;mailto:comercioexterior@unimedical.com\\&quot;&gt;comercioexterior@unimedical.com&lt;\\\/a&gt;&lt;\\\/p&gt;&quot;}]}\" data-height=\"auto\"><\/div><br \/>[\/vc_column_text][\/vc_column][vc_column width=&#8221;1\/6&#8243;][\/vc_column][\/vc_row][vc_row full_width=&#8221;stretch_row&#8221; content_placement=&#8221;middle&#8221; el_class=&#8221;mapa-vender&#8221; css=&#8221;.vc_custom_1696420404837{margin-top: -450px !important;margin-bottom: 200px !important;}&#8221;][vc_column width=&#8221;3\/4&#8243;][\/vc_column][vc_column width=&#8221;1\/4&#8243;][vc_column_text css=&#8221;.vc_custom_1700763324264{margin-bottom: 0px !important;border-bottom-width: 0px !important;padding-bottom: 0px !important;}&#8221;]<\/p>\r\n<h1 style=\"text-align: center;\"><strong>Unimedical no mundo<\/strong><\/h1>\r\n<p>[\/vc_column_text][vc_btn title=&#8221;Venda unimedical em seu pa\u00eds&#8221; style=&#8221;custom&#8221; custom_background=&#8221;#fdc300&#8243; custom_text=&#8221;#000000&#8243; align=&#8221;center&#8221; link=&#8221;url:mailto%3Acomercioexterior%40laboratoriounimedical.com&#8221;][\/vc_column][\/vc_row][vc_row el_class=&#8221;cta&#8221; css=&#8221;.vc_custom_1696423312134{margin-top: 50px !important;}&#8221;][vc_column][vc_cta h2=&#8221;Voc\u00ea est\u00e1 procurando conselhos?&#8221; style=&#8221;3d&#8221; color=&#8221;chino&#8221; add_button=&#8221;right&#8221; btn_title=&#8221;Contate-nos&#8221; btn_color=&#8221;black&#8221; btn_size=&#8221;lg&#8221; btn_align=&#8221;center&#8221; btn_button_block=&#8221;true&#8221; btn_link=&#8221;url:https%3A%2F%2Flaboratoriounimedical.com%2Fpt-br%2Fcontato%2F|title:Contato&#8221;][\/vc_cta][\/vc_column][\/vc_row]<\/p><\/section>","protected":false},"excerpt":{"rendered":"<p>[vc_row][vc_column][vc_column_text] Unimedical ofrece a sus clientes productos y tecnolog\u00eda aplicada a la salud animal. [\/vc_column_text][vc_separator color=&#8221;custom&#8221; align=&#8221;align_left&#8221; border_width=&#8221;4&#8243; el_width=&#8221;10&#8243; accent_color=&#8221;#e5c420&#8243;][\/vc_column][\/vc_row][vc_row][vc_column width=&#8221;1\/2&#8243;][vc_column_text] L\u00edder local no campo de produtos farmac\u00eauticos veterin\u00e1rios para pequenos animais, a empresa desenvolve, comercializa e exporta seus produtos com base nos mais recentes avan\u00e7os tecnol\u00f3gicos e cient\u00edficos adaptados aos padr\u00f5es internacionais. [\/vc_column_text][vc_column_text] Dinamismo e versatilidade s\u00e3o as principais&hellip;<\/p>\n","protected":false},"author":1,"featured_media":0,"parent":0,"menu_order":0,"comment_status":"closed","ping_status":"closed","template":"","meta":{"footnotes":""},"class_list":["post-1583","page","type-page","status-publish","hentry"],"acf":[],"aioseo_notices":[],"_links":{"self":[{"href":"https:\/\/laboratoriounimedical.com\/pt-br\/wp-json\/wp\/v2\/pages\/1583","targetHints":{"allow":["GET"]}}],"collection":[{"href":"https:\/\/laboratoriounimedical.com\/pt-br\/wp-json\/wp\/v2\/pages"}],"about":[{"href":"https:\/\/laboratoriounimedical.com\/pt-br\/wp-json\/wp\/v2\/types\/page"}],"author":[{"embeddable":true,"href":"https:\/\/laboratoriounimedical.com\/pt-br\/wp-json\/wp\/v2\/users\/1"}],"replies":[{"embeddable":true,"href":"https:\/\/laboratoriounimedical.com\/pt-br\/wp-json\/wp\/v2\/comments?post=1583"}],"version-history":[{"count":4,"href":"https:\/\/laboratoriounimedical.com\/pt-br\/wp-json\/wp\/v2\/pages\/1583\/revisions"}],"predecessor-version":[{"id":1664,"href":"https:\/\/laboratoriounimedical.com\/pt-br\/wp-json\/wp\/v2\/pages\/1583\/revisions\/1664"}],"wp:attachment":[{"href":"https:\/\/laboratoriounimedical.com\/pt-br\/wp-json\/wp\/v2\/media?parent=1583"}],"curies":[{"name":"wp","href":"https:\/\/api.w.org\/{rel}","templated":true}]}}