{"id":1608,"date":"2023-07-15T11:30:41","date_gmt":"2023-07-15T14:30:41","guid":{"rendered":"https:\/\/laboratoriounimedical.com\/producto\/dermaven\/"},"modified":"2023-11-28T16:08:21","modified_gmt":"2023-11-28T19:08:21","slug":"dermaven","status":"publish","type":"product","link":"https:\/\/laboratoriounimedical.com\/pt-br\/producto\/dermaven\/","title":{"rendered":"Dermaven"},"content":{"rendered":"<p><strong>Uso en caninos y felinos. Uso topico.<\/strong><\/p>\n<p>Dermaven es un shampoo hipoalergenico formulado en base a ingredientes naturales, de pH equilibrado. Sin parabenos, sal y sulfato. Proporciona brillo y suavidad.<\/p>\n<p>Ideal para pieles sensibles.<\/p>\n<p>Limpia sin causar irritaci\u00f3n. Su composici\u00f3n de avena y glicerina mas agentes limpiadores suavizantes proporciona nutrici\u00f3n intensa y crea una pel\u00edcula protectora.<\/p>\n<p><strong>F\u00d3RMULA<\/strong><\/p>\n<p>Cada 100 ml contiene<\/p>\n<p>Avena Coloidal &#8230;&#8230;&#8230;&#8230;&#8230;&#8230;&#8230;&#8230;&#8230;&#8230;&#8230;&#8230;&#8230;&#8230;&#8230;&#8230;&#8230;&#8230;&#8230;&#8230; 1,95 g<\/p>\n<p>Glicerina &#8230;&#8230;&#8230;&#8230;&#8230;&#8230;&#8230;&#8230;&#8230;&#8230;&#8230;&#8230;&#8230;&#8230;&#8230;&#8230;&#8230;&#8230;&#8230;&#8230;&#8230;&#8230;&#8230;. 4,80 g<\/p>\n<p>Excipientes csp &#8230;&#8230;&#8230;&#8230;&#8230;&#8230;&#8230;&#8230;&#8230;&#8230;&#8230;&#8230;&#8230;&#8230;&#8230;&#8230;&#8230;&#8230;&#8230;. 100 ml<\/p>\n<p>Las propiedades nutritivas y dermocosmeticas de la avena coloidal proporciona una capa protectora de la piel lo que retrasa la evaporaci\u00f3n de humedad. Por otra parte promueve la producci\u00f3n de queratina lo que da fuerza y brillo. La glicerina es un derivado del aceite vegetal, por lo tanto, es un producto natural que se obtiene del aceite de coco entre otros aceites. Hidrata la piel intensamente y le ayuda a retener la humedad propia.<\/p>\n<p><strong>INDICACIONES<\/strong><\/p>\n<p>Indicado para perros y gatos con pieles sensibles, irritadas o secas. Ideal para razas de pelo largo, fino o fr\u00e1gil as\u00ed como tambi\u00e9n pelajes cortos y pieles normales. La avena con sus propiedades cosm\u00e9ticas protegen el pelaje y la piel, mejorando la hidrataci\u00f3n natural. El uso frecuente de Dermaven no altera las propiedades protectoras de la piel.<\/p>\n<p><strong>APLICACI\u00d3N<\/strong><\/p>\n<p>Mojar al animal con agua tibia, aplicar cantidad suficiente Dermaven de acuerdo al pelaje, masajear hasta formar abundante espuma y enjuagar con agua tibia. Repita el procedimiento en caso de ser necesario.<\/p>\n<p><strong>INSTRUCCIONES DE ALMACENAMIENTO: <\/strong><\/p>\n<p>Mantener fuera el alcance de los ni\u00f1os y animales dom\u00e9sticos. No almacenar a temperatura superiores a 30 C.<\/p>\n<p>Almacenar en un lugar fresco seco y protegido de la luz solar.<\/p>\n","protected":false},"excerpt":{"rendered":"<p>Cada 100ml contiene Avena Coloidal 1,95 g Glicerina 4,80 g Excipientes csp 100 ml<\/p>\n","protected":false},"featured_media":1667,"comment_status":"open","ping_status":"closed","template":"","meta":[],"product_cat":[604,566],"product_tag":[],"class_list":["post-1608","product","type-product","status-publish","has-post-thumbnail","hentry","product_cat-produtos-a-z","product_cat-trat-shampoo-plugicidas-pt-br","thumb-has-effect","prod-rating-off"],"acf":[],"aioseo_notices":[],"_links":{"self":[{"href":"https:\/\/laboratoriounimedical.com\/pt-br\/wp-json\/wp\/v2\/product\/1608","targetHints":{"allow":["GET"]}}],"collection":[{"href":"https:\/\/laboratoriounimedical.com\/pt-br\/wp-json\/wp\/v2\/product"}],"about":[{"href":"https:\/\/laboratoriounimedical.com\/pt-br\/wp-json\/wp\/v2\/types\/product"}],"replies":[{"embeddable":true,"href":"https:\/\/laboratoriounimedical.com\/pt-br\/wp-json\/wp\/v2\/comments?post=1608"}],"wp:featuredmedia":[{"embeddable":true,"href":"https:\/\/laboratoriounimedical.com\/pt-br\/wp-json\/wp\/v2\/media\/1667"}],"wp:attachment":[{"href":"https:\/\/laboratoriounimedical.com\/pt-br\/wp-json\/wp\/v2\/media?parent=1608"}],"wp:term":[{"taxonomy":"product_cat","embeddable":true,"href":"https:\/\/laboratoriounimedical.com\/pt-br\/wp-json\/wp\/v2\/product_cat?post=1608"},{"taxonomy":"product_tag","embeddable":true,"href":"https:\/\/laboratoriounimedical.com\/pt-br\/wp-json\/wp\/v2\/product_tag?post=1608"}],"curies":[{"name":"wp","href":"https:\/\/api.w.org\/{rel}","templated":true}]}}