{"id":1924,"date":"2023-08-11T13:00:07","date_gmt":"2023-08-11T16:00:07","guid":{"rendered":"https:\/\/laboratoriounimedical.com\/producto\/uniletas-gotas\/"},"modified":"2023-11-29T10:13:43","modified_gmt":"2023-11-29T13:13:43","slug":"uniletas-gotas","status":"publish","type":"product","link":"https:\/\/laboratoriounimedical.com\/pt-br\/producto\/uniletas-gotas\/","title":{"rendered":"Uniletas gotas"},"content":{"rendered":"<p><strong>Anticonvulsivante, sedante para Caninos y Felinos.<\/strong><\/p>\n<p>El fenobarbital s\u00f3dico espec\u00edficamente deprime los centros motores de la corteza cerebral. Tiene el mas amplio espectro de actividad ante los diferentes patrones convulsivantes y es uno de los mas potentes anticonvulsivantes disponibles, es tambi\u00e9n el menos t\u00f3xico.<\/p>\n<p><strong>F\u00d3RMULA<\/strong><br \/>\nCada 100 ml contiene:<br \/>\nFenobarbital &#8230;&#8230;&#8230;&#8230;&#8230;&#8230;&#8230;&#8230;&#8230;&#8230;&#8230;&#8230;&#8230;&#8230;&#8230;&#8230;&#8230;&#8230;&#8230;&#8230;&#8230;&#8230;&#8230;&#8230;&#8230;&#8230;&#8230;..4 gr<\/p>\n<p><strong>INDICACIONES:<\/strong><br \/>\nControl sintom\u00e1tico y profil\u00e1ctico de las contracciones convulsivantes de la epilepsia usado para el tratamiento de mantenimiento, epilepsia primaria o idiop\u00e1tica, epilepsia secundaria. Convulsiones focalizadas o generalizadas.<br \/>\nSedante oral general en caninos y felinos nerviosos para sujeci\u00f3n. Indicado en animales con prurito a fin de deprimir la sensaci\u00f3n de picaz\u00f3n y evitar el rascado.<br \/>\nControl de la hiperexcitabilidad y evitar la automutilaci\u00f3n. Control de la vocalizaci\u00f3n excesiva en felinos mientras se los transporta en autom\u00f3viles.<\/p>\n<p><strong>DOSIFICACION<\/strong><br \/>\nDosis orientativa.<br \/>\nPara mantenimiento a largo plazo:<br \/>\nCaninos: 2 a 6 mg Kg\/d\u00eda (0.05 a 0.15 ml) equivalente 1 a 3 gotas por cada kilo de peso vivo dividido en 2 o 3 tomas diarias hasta lograr establecer la dosis terap\u00e9utica \u00f3ptima. La variaci\u00f3n extrema en la absorci\u00f3n oral requiere vigilancia en la concentraci\u00f3n del f\u00e1rmaco 3 semanas desde el inicio del tratamiento y 2 semanas despu\u00e9s de cambiar la posolog\u00eda. Al alcanzar la dosis estable de mantenimiento se dosifica cada 12 horas<br \/>\nFelinos: 1-3 mg\/Kg (0.05 a 0.15 ml) equivalente 1 a 3 gotas cada 2 Kg de peso vivo cada 12 hs.<br \/>\nHay una gran variaci\u00f3n a la dosificaci\u00f3n individual por lo que se recomienda seguir el criterio del profesional actuante.<\/p>\n<p><strong>CONTRAINDICACIONES<\/strong><br \/>\nNo utilizar en animales hipersensibles al principio activo o con deficiencias hep\u00e1ticas ni renales severas. No utilizar en animales que padecen de depresi\u00f3n respiratoria.<\/p>\n<p><strong>PRESENTACION<\/strong><br \/>\nFrasco gotero 20 ml<\/p>\n","protected":false},"excerpt":{"rendered":"<p>Fenobarbital 4gr<\/p>\n","protected":false},"featured_media":1374,"comment_status":"open","ping_status":"closed","template":"","meta":[],"product_cat":[604,539],"product_tag":[],"class_list":["post-1924","product","type-product","status-publish","has-post-thumbnail","hentry","product_cat-produtos-a-z","product_cat-sicotropicos-pt-br","thumb-has-effect","prod-rating-off"],"acf":[],"aioseo_notices":[],"_links":{"self":[{"href":"https:\/\/laboratoriounimedical.com\/pt-br\/wp-json\/wp\/v2\/product\/1924","targetHints":{"allow":["GET"]}}],"collection":[{"href":"https:\/\/laboratoriounimedical.com\/pt-br\/wp-json\/wp\/v2\/product"}],"about":[{"href":"https:\/\/laboratoriounimedical.com\/pt-br\/wp-json\/wp\/v2\/types\/product"}],"replies":[{"embeddable":true,"href":"https:\/\/laboratoriounimedical.com\/pt-br\/wp-json\/wp\/v2\/comments?post=1924"}],"wp:featuredmedia":[{"embeddable":true,"href":"https:\/\/laboratoriounimedical.com\/pt-br\/wp-json\/wp\/v2\/media\/1374"}],"wp:attachment":[{"href":"https:\/\/laboratoriounimedical.com\/pt-br\/wp-json\/wp\/v2\/media?parent=1924"}],"wp:term":[{"taxonomy":"product_cat","embeddable":true,"href":"https:\/\/laboratoriounimedical.com\/pt-br\/wp-json\/wp\/v2\/product_cat?post=1924"},{"taxonomy":"product_tag","embeddable":true,"href":"https:\/\/laboratoriounimedical.com\/pt-br\/wp-json\/wp\/v2\/product_tag?post=1924"}],"curies":[{"name":"wp","href":"https:\/\/api.w.org\/{rel}","templated":true}]}}