{"id":2935,"date":"2025-07-17T20:32:35","date_gmt":"2025-07-17T23:32:35","guid":{"rendered":"https:\/\/laboratoriounimedical.com\/?post_type=product&#038;p=2935"},"modified":"2025-07-17T21:22:59","modified_gmt":"2025-07-18T00:22:59","slug":"cardiovet-10-copy","status":"publish","type":"product","link":"https:\/\/laboratoriounimedical.com\/pt-br\/producto\/cardiovet-10-copy\/","title":{"rendered":"Cardiovet 10 (Copy)"},"content":{"rendered":"<p class=\"western\" style=\"text-align: center;\"><span style=\"color: #212121;\"><b>Comprimidos para uso oral &#8211; uso em c\u00e3es<\/b><\/span><\/p>\n<p class=\"western\"><span style=\"color: #212121;\">Inibi\u00e7\u00e3o do eixo renina &#8211; angiotensina.<br \/>\n<\/span><span style=\"color: #212121;\">Enalapril \u00e9 convertido pelo f\u00edgado para o composto activo enaprilato. O enaprilato evita a forma\u00e7\u00e3o de angiostensina II competem com a angiotensina I. Esta diminui as concentra\u00e7\u00f5es de angiotensina II, diminui a secre\u00e7\u00e3o de aldosterona e aumenta a actividade da renina plasm\u00e1tica.<br \/>\n<\/span><span style=\"color: #212121;\">Os efeitos do enalaprilato em pacientes com insufici\u00eancia card\u00edaca congestiva s\u00e3o diminui\u00e7\u00e3o da resist\u00eancia perif\u00e9rica total, resist\u00eancia vascular pulmonar, press\u00e3o arterial m\u00e9dia e atrial dereita press\u00e3o capilar pulmonar inalterada ou diminui\u00e7\u00e3o do ritmo card\u00edaco e aumento da frequ\u00eancia card\u00edaca e volume minuto , descarga sist\u00f3lica e toler\u00e2ncia ao esfor\u00e7o<br \/>\n<\/span><span style=\"color: #212121;\">O fluxo sangu\u00edneo renal pode aumentar com pouca mudan\u00e7a no fluxo sangu\u00edneo hep\u00e1tico.<br \/>\n<\/span><span style=\"color: #212121;\">Desempenha um duplo papel reduzindo vasoconstri\u00e7\u00e3o e, indiretamente, reduz os n\u00edveis de reten\u00e7\u00e3o de \u00e1gua e s\u00f3dio ao reduzir os n\u00edveis de aldosterona e ADH. Provoca vasodilata\u00e7\u00e3o por aumento dos n\u00edveis de bradquinina circulante ja que diminui sua degrada\u00e7\u00e3o e aumenta os n\u00edveis de prostaglandina E-2 por por bloqueio de enzimas que a inactivam.<\/span><\/p>\n<p class=\"western\"><span style=\"color: #212121;\"><b>FORMULA | Cada comprimido cont\u00e9m:<br \/>\n<\/b><\/span><span style=\"color: #212121;\">Enalapril maleato \u2026\u2026\u2026\u2026\u2026\u2026\u2026\u202610 mg<br \/>\n<\/span><span style=\"color: #212121;\">Excipientes csp\u2026\u2026\u2026\u2026\u2026\u2026\u2026\u2026. 250 mg<\/span><\/p>\n<p class=\"western\"><span style=\"color: #212121;\"><b>INDICA\u00c7\u00d5ES:<br \/>\n<\/b><\/span><span style=\"color: #212121;\">Utiliza\u00e7\u00e3o em c\u00e3es.<br \/>\n<\/span><span style=\"color: #212121;\">vasodilatador misto arterio-venoso no tratamento da insufici\u00eancia card\u00edaca e hipertens\u00e3o. Adjuvante na doen\u00e7a glomerular e neuropatias perdedoras de prote\u00ednas. Indicado para o tratamento de insufici\u00eancia card\u00edaca congestiva causada por doen\u00e7as valvulares, de qualquer etiologia. A sua utiliza\u00e7\u00e3o reduz a mortalidade e aumenta a qualidade de vida de c\u00e3es com casos moderados a graves de falha card\u00edaca congestiva usando sozinho em monoterapia ou associando digoxina e \/ ou furosemida. Melhora a situa\u00e7\u00e3o hemodin\u00e2mica em pacientes com insufici\u00eancia card\u00edaca congestiva, diminuiu a resist\u00eancia vascular e aumenta o d\u00e9bito card\u00edaco.<\/span><\/p>\n<p class=\"western\"><span style=\"color: #212121;\">Com a sua utiliza\u00e7\u00e3o se obtem:<br \/>\n<\/span><span style=\"color: #212121;\">-Redu\u00e7\u00e3o da press\u00e3o sanguinea capilar pulmonar, com melhora dos sintomas cl\u00ednicos de congest\u00e3o pulmonar.<br \/>\n<\/span><span style=\"color: #212121;\">&#8211; Redu\u00e7\u00e3o da press\u00e3o sanguinea arterial pulmonar de modo que a press\u00e3o sangu\u00ednea do \u00e1trio direito \u00e9 diminu\u00edda, melhorando os sintomas cl\u00ednicos de congest\u00e3o abdominal.<br \/>\n<\/span><span style=\"color: #212121;\">-Redu\u00e7\u00e3o moderada da frequ\u00eancia card\u00edaca .<br \/>\n<\/span><span style=\"color: #212121;\">-Redu\u00e7\u00e3o da press\u00e3o sanguinea perif\u00e9rica sist\u00eamica.<br \/>\n<\/span><span style=\"color: #212121;\">-Redu\u00e7\u00e3o na press\u00e3o arterial m\u00e9dia, resist\u00eancia vascular perif\u00e9rica e for\u00e7a que deve bater o cora\u00e7\u00e3o em cada s\u00edstole (p\u00f3s-carga), aumentando assim o d\u00e9bito card\u00edaco e o volume de sangue bombeado em cada s\u00edstole.<br \/>\n<\/span><span style=\"color: #212121;\">-Aumenta a toler\u00e2ncia ao exerc\u00edcio, diminuindo assim a categoria de insufici\u00eancia card\u00edaca congestiva NYHA (New York Heart Association)<\/span><\/p>\n<p class=\"western\"><span style=\"color: #212121;\">Quando houver edema pulmonar reduz a sua presen\u00e7a e inclusive o elimina.<br \/>\n<\/span><span style=\"color: #212121;\">-Retrasa Ou p\u00e1ra o processo de hipertrofia compensat\u00f3ria do mioc\u00e1rdio ventricular<\/span><\/p>\n<p class=\"western\"><span style=\"color: #212121;\">Elimina vasoconstri\u00e7\u00e3o selectiva arteriolar glomerular aferente, diminuindo a press\u00e3o de filtrado, por que de vez em quando pode provocar uma insufici\u00eancia renal revers\u00edvel, com n\u00edveis elevados de ureia e creatinina no plasma.<\/span><\/p>\n<p class=\"western\"><span style=\"color: #212121;\">Ele remove o efeito tubular da aldosterona que produz um excesso de reten\u00e7\u00e3o de s\u00f3dio.<\/span><\/p>\n<p class=\"western\"><span style=\"color: #212121;\"><b>ADMINISTRA\u00c7\u00c3O E DOSAGEM<br \/>\n<\/b><\/span><span style=\"color: #212121;\">A dose recomendada em c\u00e3es \u00e9 um comprimido de Cardiovet cada 20 kg de peso (0,5 mg \/ kg) a cada 12 ou 24 horas, dependendo da condi\u00e7\u00e3o do paciente e da resposta observada.<br \/>\n<\/span><span style=\"color: #212121;\">Come\u00e7a com uma dose di\u00e1ria e se a resposta for inadequada \u00e9 administrado um comprimido de Cardiovet C \/ 20 kg (0,5 mg \/ kg de peso corporal) a cada 12 horas.<\/span><\/p>\n<p class=\"western\"><span style=\"color: #212121;\"><b>PRECAU\u00c7\u00d5ES:<br \/>\n<\/b><\/span><span style=\"color: #212121;\">Os efeitos adversos s\u00e3o dist\u00farbios gastrintestinais (anorexia, v\u00f3mitos, diarreia) deve ser realizado o monitoramento de s\u00e9rie da fun\u00e7\u00e3o renal em pacientes que tenham associado neuropatias. ampla margem de seguran\u00e7a. A dose letal em c\u00e3es \u00e9 de 200 mg \/ kg<\/span><\/p>\n<p class=\"western\"><span style=\"color: #212121;\"><strong>Apresenta\u00e7\u00f5es:<\/strong><br \/>\nCaixa contendo 30 comprimidos.<\/span><\/p>\n<p class=\"western\"><span style=\"color: #212121;\">Manter entre 5 \u00b0 e 35 \u00b0 C Reg. N \u00b0 A 4759 MGAP<\/span><\/p>\n","protected":false},"excerpt":{"rendered":"<p>Enalapril maleato 10 mg Excipientes csp 250 mg<\/p>\n","protected":false},"featured_media":3126,"comment_status":"open","ping_status":"closed","template":"","meta":[],"product_cat":[604,559],"product_tag":[],"class_list":["post-2935","product","type-product","status-publish","has-post-thumbnail","hentry","product_cat-produtos-a-z","product_cat-cardiovasculares-pt-br","thumb-has-effect","prod-rating-off"],"acf":[],"aioseo_notices":[],"_links":{"self":[{"href":"https:\/\/laboratoriounimedical.com\/pt-br\/wp-json\/wp\/v2\/product\/2935","targetHints":{"allow":["GET"]}}],"collection":[{"href":"https:\/\/laboratoriounimedical.com\/pt-br\/wp-json\/wp\/v2\/product"}],"about":[{"href":"https:\/\/laboratoriounimedical.com\/pt-br\/wp-json\/wp\/v2\/types\/product"}],"replies":[{"embeddable":true,"href":"https:\/\/laboratoriounimedical.com\/pt-br\/wp-json\/wp\/v2\/comments?post=2935"}],"wp:featuredmedia":[{"embeddable":true,"href":"https:\/\/laboratoriounimedical.com\/pt-br\/wp-json\/wp\/v2\/media\/3126"}],"wp:attachment":[{"href":"https:\/\/laboratoriounimedical.com\/pt-br\/wp-json\/wp\/v2\/media?parent=2935"}],"wp:term":[{"taxonomy":"product_cat","embeddable":true,"href":"https:\/\/laboratoriounimedical.com\/pt-br\/wp-json\/wp\/v2\/product_cat?post=2935"},{"taxonomy":"product_tag","embeddable":true,"href":"https:\/\/laboratoriounimedical.com\/pt-br\/wp-json\/wp\/v2\/product_tag?post=2935"}],"curies":[{"name":"wp","href":"https:\/\/api.w.org\/{rel}","templated":true}]}}