{"id":2973,"date":"2025-09-02T23:13:28","date_gmt":"2025-09-03T02:13:28","guid":{"rendered":"https:\/\/laboratoriounimedical.com\/?post_type=product&#038;p=2973"},"modified":"2025-09-02T23:40:32","modified_gmt":"2025-09-03T02:40:32","slug":"guardian-pet-shampoo-copy","status":"publish","type":"product","link":"https:\/\/laboratoriounimedical.com\/pt-br\/producto\/guardian-pet-shampoo-copy\/","title":{"rendered":"Guardian Pet Shampoo (Copy)"},"content":{"rendered":"<p class=\"western\"><span style=\"color: #212121;\"><b>Pulguicida, anti-inflamat\u00f3rios, piolhicida de Caninos e Felinos<\/b><\/span><\/p>\n<p class=\"western\"><span style=\"color: #212121;\"><b>F\u00f3rmula | Cada 100 ml cont\u00e9m:<br \/>\n<\/b><\/span><span style=\"color: #212121;\">D. Tetrametrina&#8230;&#8230;&#8230;&#8230;&#8230;&#8230;&#8230;..50,0 mg<br \/>\n<\/span><span style=\"color: #212121;\">Cifenotrina&#8230;&#8230;&#8230;&#8230;&#8230;&#8230;&#8230;&#8230;&#8230;&#8230;150,0 mg<br \/>\n<\/span><span style=\"color: #212121;\">But\u00f3xido de piperonilo&#8230;&#8230;&#8230;&#8230;300,0 mg<br \/>\n<\/span><span style=\"color: #212121;\">Excipientes c.s.p&#8230;&#8230;&#8230;&#8230;&#8230;&#8230;&#8230;100,0 ml<\/span><\/p>\n<p class=\"western\"><span style=\"color: #212121;\"><b>Indica\u00e7\u00f5es \/ Usos:<br \/>\n<\/b><\/span><span style=\"color: #212121;\">Pulguicida.<\/span><\/p>\n<p class=\"western\"><span style=\"color: #212121;\"><b>Administra\u00e7\u00e3o e dosagem:<br \/>\n<\/b><\/span><span style=\"color: #212121;\">Molhar o animal, aplicar na parte de tr\u00e1s em forma de jato. Esfregue e massagie com rica espuma. Deixe por 5 a 10 minutos e depois enxaguar. Repetir o processo, se necess\u00e1rio. O intervalo m\u00ednimo de aplica\u00e7\u00e3o \u00e9 de 4 dias.<\/span><\/p>\n<p class=\"western\"><span style=\"color: #212121;\"><b>Contra-indica\u00e7\u00f5es \/ precau\u00e7\u00f5es<\/b><\/span><span style=\"color: #212121;\">:<br \/>\n<\/span><span style=\"color: #212121;\">N\u00e3o utilizar em cachorros com menos de 30 dias.<\/span><\/p>\n<p class=\"western\"><span style=\"color: #212121;\"><b>Apresenta\u00e7\u00e3o:<br \/>\n<\/b><\/span><span style=\"color: #212121;\">Frasco contendo 200 ml.<\/span><\/p>\n<p class=\"western\"><span style=\"color: #212121;\">Mantenha entre 5 \u00b0 C. e 35 graus c.<br \/>\n<\/span><span style=\"color: #212121;\">Manter afastado de luz solar directa, humidade e calor.<\/span><\/p>\n<p class=\"western\"><span style=\"color: #212121;\">Registro Minist\u00e9rio da Pecu\u00e1ria, Agricultura e Pesca (Uruguai): A 2164<\/span><\/p>\n","protected":false},"excerpt":{"rendered":"<p>D. Tetrametrina 50,0 mg Cifenotrina 150,0 mg But\u00f3xido de piperonilo 300,0 mg Excipientes c.s.p 100,0 ml<\/p>\n","protected":false},"featured_media":1287,"comment_status":"open","ping_status":"closed","template":"","meta":[],"product_cat":[],"product_tag":[],"class_list":["post-2973","product","type-product","status-publish","has-post-thumbnail","hentry","thumb-has-effect","prod-rating-off"],"acf":[],"aioseo_notices":[],"_links":{"self":[{"href":"https:\/\/laboratoriounimedical.com\/pt-br\/wp-json\/wp\/v2\/product\/2973","targetHints":{"allow":["GET"]}}],"collection":[{"href":"https:\/\/laboratoriounimedical.com\/pt-br\/wp-json\/wp\/v2\/product"}],"about":[{"href":"https:\/\/laboratoriounimedical.com\/pt-br\/wp-json\/wp\/v2\/types\/product"}],"replies":[{"embeddable":true,"href":"https:\/\/laboratoriounimedical.com\/pt-br\/wp-json\/wp\/v2\/comments?post=2973"}],"wp:featuredmedia":[{"embeddable":true,"href":"https:\/\/laboratoriounimedical.com\/pt-br\/wp-json\/wp\/v2\/media\/1287"}],"wp:attachment":[{"href":"https:\/\/laboratoriounimedical.com\/pt-br\/wp-json\/wp\/v2\/media?parent=2973"}],"wp:term":[{"taxonomy":"product_cat","embeddable":true,"href":"https:\/\/laboratoriounimedical.com\/pt-br\/wp-json\/wp\/v2\/product_cat?post=2973"},{"taxonomy":"product_tag","embeddable":true,"href":"https:\/\/laboratoriounimedical.com\/pt-br\/wp-json\/wp\/v2\/product_tag?post=2973"}],"curies":[{"name":"wp","href":"https:\/\/api.w.org\/{rel}","templated":true}]}}