{"id":3443,"date":"2026-04-28T13:56:45","date_gmt":"2026-04-28T16:56:45","guid":{"rendered":"https:\/\/laboratoriounimedical.com\/?post_type=product&#038;p=3443"},"modified":"2026-04-28T16:17:16","modified_gmt":"2026-04-28T19:17:16","slug":"uniflox-e-copy","status":"publish","type":"product","link":"https:\/\/laboratoriounimedical.com\/pt-br\/producto\/uniflox-e-copy\/","title":{"rendered":"Uniflox E (Copy)"},"content":{"rendered":"<p class=\"western\" style=\"text-align: center;\"><span style=\"color: #212121;\"><b>Antibi\u00f3tico de amplo espectro para c\u00e3es, gatos e coelhos.<\/b><\/span><\/p>\n<p class=\"western\"><span style=\"color: #212121;\">E. Uniflox \u00e9 um antibi\u00f3tico de \u00faltima gera\u00e7\u00e3o com comprovados efeitos ja que trata-se de uma quinolona do grupo das fluorquinolonas con \u00f3timos efeitos contra bact\u00e9rias gram-positivas e gram-negativas, assim como Mycoplasma e clam\u00eddia .<\/span><\/p>\n<p class=\"western\"><span style=\"color: #212121;\">Quinolonas s\u00e3o geralmente bactericidas, microrganismos sens\u00edveis perdem a sua viabilidade dentro de 20 minutos de exposi\u00e7\u00e3o a concentra\u00e7\u00f5es \u00f3timas de novas fluoroquinolonas. As fluoroquinolonas exibem actividade antibacteriana significativa em concentra\u00e7\u00f5es extremamente baixas. A resist\u00eancia cruzada ocorre entre algumas quinolonas estreitamente relacionadas.<br \/>\nE. Uniflox \u00e9 activa contra ampla variedade de micoplasma por clam\u00eddia, bact\u00e9rias aer\u00f3bicas, Gram-negativas e gram-positivas bem como micoplasma e clam\u00eddia.<\/span><\/p>\n<p class=\"western\"><span style=\"color: #212121;\"><b>F\u00f3rmula | Cada comprimido cont\u00e9m:<\/b><\/span><span style=\"color: #212121;\"><br \/>\nEnrofloxacina&#8230;&#8230;&#8230;&#8230;&#8230;&#8230;&#8230;&#8230;&#8230;&#8230;&#8230;&#8230;&#8230;&#8230; ..50,0 Mg<br \/>\nExcipientes&#8230;&#8230;&#8230;&#8230;&#8230;&#8230;&#8230;&#8230;&#8230;&#8230;&#8230;&#8230; ..250,0 Qs mg Excipientes<\/span><\/p>\n<p class=\"western\"><span style=\"color: #212121;\"><b>Indica\u00e7\u00f5es \/ Usos:<br \/>\n<\/b><\/span><span style=\"color: #212121;\">Tratamento de infec\u00e7\u00f5es locaes e sist\u00e9micas, especialmente contra infec\u00e7\u00f5es profundas e pat\u00f3genos intracelulares. Infec\u00e7\u00f5es respirat\u00f3rias, intestinal, infec\u00e7\u00f5es urin\u00e1rias, ouvidos, pele, bem como a prostatite, meningoencefalite, osteomielite e artrite bacteriana<br \/>\n<\/span><\/p>\n<p class=\"western\"><span style=\"color: #212121;\"><b>Administra\u00e7\u00e3o e dosagem:<\/b><\/span><span style=\"color: #212121;\"><br \/>\n1 comprimido (50 mg) a cada 10 kg de peso a cada 24 horas durante 5 a 10 dias, ou a crit\u00e9rio do m\u00e9dico veterin\u00e1rio respons\u00e1vel.<br \/>\n<\/span><\/p>\n<p class=\"western\"><span style=\"color: #212121;\"><b>Contra-indica\u00e7\u00f5es \/ precau\u00e7\u00f5es:<\/b><\/span><span style=\"color: #212121;\"><br \/>\nEvitar o uso para tratamentos prolongados em animais em crescimento, porque ocorrem eros\u00f5es cartilaginosas.<br \/>\n<\/span><\/p>\n<p class=\"western\"><span style=\"color: #212121;\"><b>Apresenta\u00e7\u00e3o:<\/b><\/span><span style=\"color: #212121;\"><br \/>\nCaixa contendo blister com 12 comp.<br \/>\nManter entre 5 \u00b0 C e 35 \u00b0 C.<br \/>\nManter afastado de luz solar directa, humidade e calor.<br \/>\n<\/span><\/p>\n<p class=\"western\"><span style=\"color: #212121;\">Registro no Minist\u00e9rio da Pecu\u00e1ria, Agricultura e Pesca (Uruguai): A 2139<\/span><\/p>\n","protected":false},"excerpt":{"rendered":"<p>Enrofloxacina 50,0 mg Excipients c.s.p 250,0 mg<\/p>\n","protected":false},"featured_media":1377,"comment_status":"open","ping_status":"closed","template":"","meta":[],"product_cat":[604,554],"product_tag":[],"class_list":["post-3443","product","type-product","status-publish","has-post-thumbnail","hentry","product_cat-produtos-a-z","product_cat-antibioticos-pt-br","thumb-has-effect","prod-rating-off"],"acf":[],"aioseo_notices":[],"_links":{"self":[{"href":"https:\/\/laboratoriounimedical.com\/pt-br\/wp-json\/wp\/v2\/product\/3443","targetHints":{"allow":["GET"]}}],"collection":[{"href":"https:\/\/laboratoriounimedical.com\/pt-br\/wp-json\/wp\/v2\/product"}],"about":[{"href":"https:\/\/laboratoriounimedical.com\/pt-br\/wp-json\/wp\/v2\/types\/product"}],"replies":[{"embeddable":true,"href":"https:\/\/laboratoriounimedical.com\/pt-br\/wp-json\/wp\/v2\/comments?post=3443"}],"wp:featuredmedia":[{"embeddable":true,"href":"https:\/\/laboratoriounimedical.com\/pt-br\/wp-json\/wp\/v2\/media\/1377"}],"wp:attachment":[{"href":"https:\/\/laboratoriounimedical.com\/pt-br\/wp-json\/wp\/v2\/media?parent=3443"}],"wp:term":[{"taxonomy":"product_cat","embeddable":true,"href":"https:\/\/laboratoriounimedical.com\/pt-br\/wp-json\/wp\/v2\/product_cat?post=3443"},{"taxonomy":"product_tag","embeddable":true,"href":"https:\/\/laboratoriounimedical.com\/pt-br\/wp-json\/wp\/v2\/product_tag?post=3443"}],"curies":[{"name":"wp","href":"https:\/\/api.w.org\/{rel}","templated":true}]}}