{"id":364,"date":"2023-07-01T10:57:25","date_gmt":"2023-07-01T13:57:25","guid":{"rendered":"https:\/\/laboratoriounimedical.com\/producto\/acepet-10\/"},"modified":"2025-10-31T14:35:11","modified_gmt":"2025-10-31T17:35:11","slug":"acepet-10","status":"publish","type":"product","link":"https:\/\/laboratoriounimedical.com\/pt-br\/producto\/acepet-10\/","title":{"rendered":"Acepet 10"},"content":{"rendered":"<p class=\"western\" style=\"text-align: center;\"><span style=\"color: #212121;\"><b>Tranquilizante para caninos<\/b><\/span><\/p>\n<p class=\"western\"><span style=\"color: #212121;\">Acepet 10 (acetilpromazina Maleato) \u00e9 um derivado de fenotiazina maior pot\u00eancia do que a clorpromazina e a promazina.<br \/>\n<\/span><span style=\"color: #212121;\">\u00c9 um tranquilizante mayor (neurol\u00e9pticos) cuja principal a\u00e7\u00e3o \u00e9 alterar o temperamento do paciente diminuindo a resposta a est\u00edmulos.<br \/>\n<\/span><span style=\"color: #212121;\">\u00c9 um depressor seletivo do SNC, deprime o sistema l\u00edmbico por perturbar as conex\u00f5es entre ele eo sistema reticular, que produz um estado de quietude com a diminui\u00e7\u00e3o da ansiedade, agita\u00e7\u00e3o e agressividade, facilitando assim o manejo dos animais bem como o transporte e adapta\u00e7\u00e3o ao ambiente. Enquanto diminui a atividade motora espont\u00e2nea para doses pequenas e m\u00e9dias induz o sono por isso n\u00e3o h\u00e1 perda de consci\u00eancia. acepet 10 aumenta a actividade de analg\u00e9sicos, sedativos e anest\u00e9sicos.<\/span><\/p>\n<p class=\"western\"><span style=\"color: #212121;\"><b>F\u00f3rmula | Cada comprimido cont\u00e9m:<br \/>\n<\/b><\/span><span style=\"color: #212121;\">Maleato de acetilpromazina\u2026\u2026\u2026\u2026\u2026\u2026\u2026\u2026\u2026\u2026\u202610,0 mg<\/span><\/p>\n<p class=\"western\"><span style=\"color: #212121;\"><b>Indica\u00e7\u00f5es \/ Usos:<br \/>\n<\/b><\/span><span style=\"color: #212121;\">Acepet 10 \u00e9 indicado para acalmar animais excitados ou agressivos facilita o manuseio em diferentes interven\u00e7\u00f5es tanto para fins de diagn\u00f3stico (m\u00e9todos complementares) como terap\u00eautica (tratamento de feridas, drenagem de abscessos, limpeza de ouvido, etc.). Quando administrado como pr\u00e9-anest\u00e9sico facilita a administra\u00e7\u00e3o do anest\u00e9sico e reduz a dose necess\u00e1ria para produzir anestesia cir\u00fargica ou aumenta a dura\u00e7\u00e3o do efeito analg\u00e9sico.<\/span><\/p>\n<p class=\"western\"><span style=\"color: #212121;\"><b>Administra\u00e7\u00e3o e dosagem:<br \/>\n<\/b><\/span><span style=\"color: #212121;\">A administra\u00e7\u00e3o oral.<br \/>\n<\/span><span style=\"color: #212121;\">CANINA: pequenos animais a medios 1 comprimido por 10 kg. Animais de grande porte 1 comprimido por 15 kg.<br \/>\n<\/span><span style=\"color: #212121;\">FELINOS: 1 comprimido por 10 kg. A dose deve ser proporcional ao grau de tranquiliza\u00e7\u00e3o necess\u00e1ria. A dose mg \/ kg diminui com o aumento de peso do animal.<\/span><\/p>\n<p class=\"western\"><strong><span style=\"color: #212121;\">Contra-indica\u00e7\u00f5es \/ precau\u00e7\u00f5es:<br \/>\n<\/span><\/strong><span style=\"color: #212121;\">Epilepsia. insufici\u00eancia card\u00edaca descompensada, disfun\u00e7\u00e3o hep\u00e1tica grave.<\/span><\/p>\n<p class=\"western\"><span style=\"color: #212121;\"><b>Apresenta\u00e7\u00e3o:<br \/>\n<\/b><\/span><span style=\"color: #212121;\">Caixa com blister contendo 10 comprimidos.<\/span><\/p>\n<p class=\"western\"><span style=\"color: #212121;\">Mantenha entre 5 e 35 graus c.<br \/>\n<\/span><span style=\"color: #212121;\">Manter afastado de luz solar directa, humidade e calor.<br \/>\n<\/span><span style=\"color: #212121;\">Medica\u00e7\u00e3o psicotr\u00f3pica. Mantenha fora do alcance de crian\u00e7as.<\/span><\/p>\n<p class=\"western\"><span style=\"color: #212121;\">Registro Minist\u00e9rio da Pecu\u00e1ria, Agricultura e Pesca (Uruguai): A 2142<\/span><\/p>\n","protected":false},"excerpt":{"rendered":"<p>Maleato de acetilpromazina 10,0 mg<\/p>\n","protected":false},"featured_media":3089,"comment_status":"open","ping_status":"closed","template":"","meta":[],"product_cat":[604,539],"product_tag":[],"class_list":["post-364","product","type-product","status-publish","has-post-thumbnail","hentry","product_cat-produtos-a-z","product_cat-sicotropicos-pt-br","thumb-has-effect","prod-rating-off"],"acf":[],"aioseo_notices":[],"_links":{"self":[{"href":"https:\/\/laboratoriounimedical.com\/pt-br\/wp-json\/wp\/v2\/product\/364","targetHints":{"allow":["GET"]}}],"collection":[{"href":"https:\/\/laboratoriounimedical.com\/pt-br\/wp-json\/wp\/v2\/product"}],"about":[{"href":"https:\/\/laboratoriounimedical.com\/pt-br\/wp-json\/wp\/v2\/types\/product"}],"replies":[{"embeddable":true,"href":"https:\/\/laboratoriounimedical.com\/pt-br\/wp-json\/wp\/v2\/comments?post=364"}],"wp:featuredmedia":[{"embeddable":true,"href":"https:\/\/laboratoriounimedical.com\/pt-br\/wp-json\/wp\/v2\/media\/3089"}],"wp:attachment":[{"href":"https:\/\/laboratoriounimedical.com\/pt-br\/wp-json\/wp\/v2\/media?parent=364"}],"wp:term":[{"taxonomy":"product_cat","embeddable":true,"href":"https:\/\/laboratoriounimedical.com\/pt-br\/wp-json\/wp\/v2\/product_cat?post=364"},{"taxonomy":"product_tag","embeddable":true,"href":"https:\/\/laboratoriounimedical.com\/pt-br\/wp-json\/wp\/v2\/product_tag?post=364"}],"curies":[{"name":"wp","href":"https:\/\/api.w.org\/{rel}","templated":true}]}}