{"id":443,"date":"2023-07-02T13:42:00","date_gmt":"2023-07-02T16:42:00","guid":{"rendered":"https:\/\/laboratoriounimedical.com\/producto\/acepet-gotas\/"},"modified":"2025-10-31T17:39:20","modified_gmt":"2025-10-31T20:39:20","slug":"acepet-gotas","status":"publish","type":"product","link":"https:\/\/laboratoriounimedical.com\/pt-br\/producto\/acepet-gotas\/","title":{"rendered":"Acepet Gotas"},"content":{"rendered":"<p class=\"western\" style=\"text-align: left;\"><span style=\"color: #212121;\"><b>Tranquilizante para caninos<\/b><\/span><\/p>\n<p class=\"western\" style=\"text-align: left;\"><span style=\"color: #212121;\">Acepet gotas\u00a0(acetilpromazina Maleato) \u00e9 um derivado de fenotiazina maior pot\u00eancia do que a clorpromazina e a promazina.<br \/>\n<\/span><span style=\"color: #212121;\">\u00c9 um tranquilizante mayor (neurol\u00e9pticos) cuja principal a\u00e7\u00e3o \u00e9 alterar o temperamento do paciente diminuindo a resposta a est\u00edmulos.<br \/>\n<\/span><span style=\"color: #212121;\">\u00c9 um depressor seletivo do SNC, deprime o sistema l\u00edmbico por perturbar as conex\u00f5es entre ele eo sistema reticular, que produz um estado de quietude com a diminui\u00e7\u00e3o da ansiedade, agita\u00e7\u00e3o e agressividade, facilitando assim o manejo dos animais bem como o transporte e adapta\u00e7\u00e3o ao ambiente. Enquanto diminui a atividade motora espont\u00e2nea para doses pequenas e m\u00e9dias induz o sono por isso n\u00e3o h\u00e1 perda de consci\u00eancia. acepet 10 aumenta a actividade de analg\u00e9sicos, sedativos e anest\u00e9sicos.<\/span><\/p>\n<p class=\"western\" style=\"text-align: left;\"><span style=\"color: #212121;\"><b>F\u00f3rmula | Cada 100 ml cont\u00e9m:<br \/>\n<\/b><\/span><span style=\"color: #212121;\">Acetilpromazina maleato &#8230;&#8230;&#8230;&#8230;&#8230;&#8230;&#8230;&#8230;&#8230;&#8230; ..1,0 gr.<\/span><\/p>\n<p class=\"western\" style=\"text-align: left;\"><span style=\"color: #212121;\"><b>Indica\u00e7\u00f5es \/ Usos:<br \/>\n<\/b><\/span><span style=\"color: #212121;\">Acepet Gotas \u00e9 indicado para acalmar animais excitados ou agressivos facilita o manuseio em diferentes interven\u00e7\u00f5es tanto para fins de diagn\u00f3stico (m\u00e9todos complementares) como terap\u00eautica (tratamento de feridas, drenagem de abscessos, limpeza de ouvido, etc.). Quando administrado como pr\u00e9-anest\u00e9sico facilita a administra\u00e7\u00e3o do anest\u00e9sico e reduz a dose necess\u00e1ria para produzir anestesia cir\u00fargica ou aumenta a dura\u00e7\u00e3o do efeito analg\u00e9sico.<\/span><\/p>\n<p class=\"western\" style=\"text-align: left;\"><span style=\"color: #212121;\"><b>F\u00f3rmula | Cada 100 ml cont\u00e9m<\/b><\/span><span style=\"color: #212121;\">:<br \/>\n<\/span><span style=\"color: #212121;\">Acetilpromazina maleato &#8230;&#8230;&#8230;&#8230;&#8230;&#8230;&#8230;&#8230;&#8230;&#8230; ..1,0 gr.<\/span><\/p>\n<p class=\"western\" style=\"text-align: left;\"><span style=\"color: #212121;\"><b>Indica\u00e7\u00f5es \/ Usos<\/b><\/span><span style=\"color: #212121;\">:<br \/>\n<\/span><span style=\"color: #212121;\">Acepet gotas \u00e9 indicado para acalmar animais excitados ou agressivos que facilita o manuseio-los em diferentes interven\u00e7\u00f5es para ambos os fins de diagn\u00f3stico (m\u00e9todos complementares) e terap\u00eautica (ferida tramineto, drenagem de abscessos, limpeza de ouvido, etc.). Quando administrada como pr\u00e9-anest\u00e9sica que facilita a administra\u00e7\u00e3o de antest\u00e9sicos e reduz a dose necess\u00e1ria para produzir anestesia cir\u00fargica ou aumenta a dura\u00e7\u00e3o do efeito analg\u00e9sico.<\/span><\/p>\n<p class=\"western\" style=\"text-align: left;\"><span style=\"color: #212121;\"><b>Administra\u00e7\u00e3o e dosagem:<br \/>\n<\/b><\/span><span style=\"color: #212121;\">\u00c9 administrado por via oral directamente. Ele pode ser dissolvido em \u00e1gua. Ajustar a dose ao grau necess\u00e1rio de tranquiliza\u00e7\u00e3o. Tenha aten\u00e7\u00e3o em que a dose em mg \/ kg, diminui \u00e0 medida que aumenta o peso do animal.<\/span><\/p>\n<p class=\"western\" style=\"text-align: left;\"><span style=\"color: #212121;\"><b>Dose sugerida:<br \/>\n<\/b><\/span><span style=\"color: #212121;\">Caninos: a administra\u00e7\u00e3o de 0,5 mg a 2,0 mg por kg (. 1 a 4 gotas por kg)<br \/>\n<\/span><span style=\"color: #212121;\">Os felinos: a administra\u00e7\u00e3o de 1,0 mg a 2,0 mg por kg (. 2 a 4 gotas por kg)<\/span><\/p>\n<p class=\"western\" style=\"text-align: left;\"><span style=\"color: #212121;\"><b>Contra-indica\u00e7\u00f5es \/ precau\u00e7\u00f5es:<br \/>\n<\/b><\/span><span style=\"color: #212121;\">Epilepsia. insufici\u00eancia card\u00edaca descompensada, disfun\u00e7\u00e3o hep\u00e1tica grave.<\/span><\/p>\n<p class=\"western\" style=\"text-align: left;\"><span style=\"color: #212121;\"><b>Apresenta\u00e7\u00e3o:<br \/>\n<\/b><\/span><span style=\"color: #212121;\">Frasco conta-gotas contendo 10 ml.<\/span><\/p>\n<p class=\"western\" style=\"text-align: left;\"><span style=\"color: #212121;\">Mantenha entre 5 e 35 graus c.<br \/>\n<\/span><span style=\"color: #212121;\">Manter afastado de luz solar directa, humidade e calor.<br \/>\n<\/span><span style=\"color: #212121;\">Medica\u00e7\u00e3o psicotr\u00f3pica.<br \/>\n<\/span><span style=\"color: #212121;\">Mantenha fora do alcance de crian\u00e7as.<\/span><\/p>\n<p class=\"western\" style=\"text-align: left;\"><span style=\"color: #212121;\">Registro Minist\u00e9rio da Pecu\u00e1ria, Agricultura e Pesca (Uruguai): A 1979<\/span><\/p>\n","protected":false},"excerpt":{"rendered":"<p>Maleato de acetilpromazina 1.0 gr.<\/p>\n","protected":false},"featured_media":3098,"comment_status":"open","ping_status":"closed","template":"","meta":[],"product_cat":[604,539],"product_tag":[],"class_list":["post-443","product","type-product","status-publish","has-post-thumbnail","hentry","product_cat-produtos-a-z","product_cat-sicotropicos-pt-br","thumb-has-effect","prod-rating-off"],"acf":[],"aioseo_notices":[],"_links":{"self":[{"href":"https:\/\/laboratoriounimedical.com\/pt-br\/wp-json\/wp\/v2\/product\/443","targetHints":{"allow":["GET"]}}],"collection":[{"href":"https:\/\/laboratoriounimedical.com\/pt-br\/wp-json\/wp\/v2\/product"}],"about":[{"href":"https:\/\/laboratoriounimedical.com\/pt-br\/wp-json\/wp\/v2\/types\/product"}],"replies":[{"embeddable":true,"href":"https:\/\/laboratoriounimedical.com\/pt-br\/wp-json\/wp\/v2\/comments?post=443"}],"wp:featuredmedia":[{"embeddable":true,"href":"https:\/\/laboratoriounimedical.com\/pt-br\/wp-json\/wp\/v2\/media\/3098"}],"wp:attachment":[{"href":"https:\/\/laboratoriounimedical.com\/pt-br\/wp-json\/wp\/v2\/media?parent=443"}],"wp:term":[{"taxonomy":"product_cat","embeddable":true,"href":"https:\/\/laboratoriounimedical.com\/pt-br\/wp-json\/wp\/v2\/product_cat?post=443"},{"taxonomy":"product_tag","embeddable":true,"href":"https:\/\/laboratoriounimedical.com\/pt-br\/wp-json\/wp\/v2\/product_tag?post=443"}],"curies":[{"name":"wp","href":"https:\/\/api.w.org\/{rel}","templated":true}]}}