{"id":448,"date":"2023-07-04T13:53:30","date_gmt":"2023-07-04T16:53:30","guid":{"rendered":"https:\/\/laboratoriounimedical.com\/producto\/amixane-jabon\/"},"modified":"2023-11-28T16:00:09","modified_gmt":"2023-11-28T19:00:09","slug":"amixane-jabon","status":"publish","type":"product","link":"https:\/\/laboratoriounimedical.com\/pt-br\/producto\/amixane-jabon\/","title":{"rendered":"Amixane Jab\u00f3n"},"content":{"rendered":"<p class=\"western\"><span style=\"color: #212121;\"><b>Pulguicida, carrapaticida, sarnicida para os caninos.<br \/>\n<\/b><\/span><span style=\"color: #212121;\">O Amixane sab\u00e3o \u00e9 um sab\u00e3o sanit\u00e1rio que controla eficazmente os ectoparasitas, pulgas e especialmente carrapatos e sarna (Demodex canis, Cheyletiella, Otodectes,Sarcopes e Notoedres) porque o amitraz actua inibindo a monoamina oxidase. Pela sua formula\u00e7\u00e3o tem propriedades adstringentes, queratol\u00edticos e desodorantes que ajudam no tratamento bem sucedido. Seu uso regular mant\u00e9m sedoso, desodorizado e menos propensos a desenvolver a seborr\u00e9ia, removendo o excesso de \u00f3leo da pele.<\/span><\/p>\n<p class=\"western\"><span style=\"color: #212121;\"><b>F\u00f3rmula:<br \/>\n<\/b><\/span><span style=\"color: #212121;\">Amitraz\u2026\u2026\u2026\u2026\u2026\u2026\u2026\u2026\u2026\u2026.1,0 gr<br \/>\n<\/span><span style=\"color: #212121;\">Lauril sulfato de sodio\u2026\u2026\u2026\u20263,0 gr<br \/>\n<\/span><span style=\"color: #212121;\">Enxofre precipitado &#8230;&#8230;&#8230;&#8230;&#8230; ..3,0 gr<br \/>\n<\/span><span style=\"color: #212121;\">Colorante, irgasan, per\u00f3xido de benzo\u00edla.<br \/>\n<\/span><span style=\"color: #212121;\">Chips de sab\u00e3o&#8230;&#8230;&#8230;&#8230;&#8230;&#8230;&#8230; q.s.<\/span><\/p>\n<p class=\"western\"><span style=\"color: #212121;\"><b>Indica\u00e7\u00f5es \/ Usos:<br \/>\n<\/b><\/span><span style=\"color: #212121;\">Pulgas, carrapatos, adjuvante no tratamento da sarna, dermatite seborr\u00e9ica, demodicose.<\/span><\/p>\n<p class=\"western\"><span style=\"color: #212121;\"><b>Administra\u00e7\u00e3o e dosagem:<br \/>\n<\/b><\/span><span style=\"color: #212121;\">Medica\u00e7\u00e3o t\u00f3pica.<br \/>\n<\/span><span style=\"color: #212121;\">Banhar o animal com espuma rica, enxaguar abundantemente reiterar banho a cada 7 dias para obter os resultados desejados.<\/span><\/p>\n<p class=\"western\"><span style=\"color: #212121;\"><b>Contra-indica\u00e7\u00f5es \/ precau\u00e7\u00f5es:<br \/>\n<\/b><\/span><span style=\"color: #212121;\">Intoxicante.<\/span><\/p>\n<p class=\"western\"><span style=\"color: #212121;\"><b>Apresenta\u00e7\u00e3o:<br \/>\n<\/b><\/span><span style=\"color: #212121;\">caixa de sab\u00e3o contendo 80 gramas.<\/span><\/p>\n<p class=\"western\"><span style=\"color: #212121;\">Manter entre 5 \u00b0 C e 35 \u00b0 C.<br \/>\n<\/span><span style=\"color: #212121;\">Manter afastado de luz solar directa, humidade e calor.<br \/>\n<\/span><span style=\"color: #212121;\">Manter fora do alcance das crian\u00e7as.<\/span><\/p>\n<p class=\"western\"><span style=\"color: #212121;\">Registro Minist\u00e9rio da Pecu\u00e1ria, Agricultura e Pesca (Uruguai): A 2465<\/span><\/p>\n","protected":false},"excerpt":{"rendered":"<p>Amitraz 1,0 gr Lauril sulfato de sodio 3,0 gr enxofre precipitado 3,0 gr Colorante, irgasan, per\u00f3xido de benzo\u00edla. &#8211; Chips de sab\u00e3o c.s.p<\/p>\n","protected":false},"featured_media":1242,"comment_status":"open","ping_status":"closed","template":"","meta":[],"product_cat":[604,557],"product_tag":[],"class_list":["post-448","product","type-product","status-publish","has-post-thumbnail","hentry","product_cat-produtos-a-z","product_cat-antiparasitarios-externos-pt-br","thumb-has-effect","prod-rating-off"],"acf":[],"aioseo_notices":[],"_links":{"self":[{"href":"https:\/\/laboratoriounimedical.com\/pt-br\/wp-json\/wp\/v2\/product\/448","targetHints":{"allow":["GET"]}}],"collection":[{"href":"https:\/\/laboratoriounimedical.com\/pt-br\/wp-json\/wp\/v2\/product"}],"about":[{"href":"https:\/\/laboratoriounimedical.com\/pt-br\/wp-json\/wp\/v2\/types\/product"}],"replies":[{"embeddable":true,"href":"https:\/\/laboratoriounimedical.com\/pt-br\/wp-json\/wp\/v2\/comments?post=448"}],"wp:featuredmedia":[{"embeddable":true,"href":"https:\/\/laboratoriounimedical.com\/pt-br\/wp-json\/wp\/v2\/media\/1242"}],"wp:attachment":[{"href":"https:\/\/laboratoriounimedical.com\/pt-br\/wp-json\/wp\/v2\/media?parent=448"}],"wp:term":[{"taxonomy":"product_cat","embeddable":true,"href":"https:\/\/laboratoriounimedical.com\/pt-br\/wp-json\/wp\/v2\/product_cat?post=448"},{"taxonomy":"product_tag","embeddable":true,"href":"https:\/\/laboratoriounimedical.com\/pt-br\/wp-json\/wp\/v2\/product_tag?post=448"}],"curies":[{"name":"wp","href":"https:\/\/api.w.org\/{rel}","templated":true}]}}