{"id":452,"date":"2023-07-09T13:57:18","date_gmt":"2023-07-09T16:57:18","guid":{"rendered":"https:\/\/laboratoriounimedical.com\/producto\/celifin-inyectable\/"},"modified":"2025-10-31T17:52:45","modified_gmt":"2025-10-31T20:52:45","slug":"celifin-inyectable","status":"publish","type":"product","link":"https:\/\/laboratoriounimedical.com\/pt-br\/producto\/celifin-inyectable\/","title":{"rendered":"Celifin inyectable"},"content":{"rendered":"<p class=\"western\" style=\"text-align: center;\"><span style=\"color: #212121;\"><b>Endocrino &#8211; Hormonal para c\u00e3es e gatos<\/b><\/span><\/p>\n<p class=\"western\"><span style=\"color: #212121;\">Celifin inject\u00e1vel \u00e9 um progestog\u00e9nio de efeito prolongado\u00a0<\/span><span style=\"color: #212121;\">quimicamente semelhante a progesterona..<\/span><\/p>\n<p class=\"western\"><span style=\"color: #212121;\"><b>F\u00f3rmula | Cada ml cont\u00e9m:<br \/>\n<\/b><\/span><span style=\"color: #212121;\">acetato de medroxiprogesterona &#8230;&#8230;&#8230;&#8230; 50,0 mg<\/span><\/p>\n<p class=\"western\"><span style=\"color: #212121;\"><b>Indica\u00e7\u00f5es \/ Usos:<br \/>\n<\/b><\/span><span style=\"color: #212121;\">Para a preven\u00e7\u00e3o de c\u00edo e evitar sinais externos de estro.<\/span><\/p>\n<p class=\"western\"><span style=\"color: #212121;\"><b>Administra\u00e7\u00e3o e dosagem:<br \/>\n<\/b><\/span><span style=\"color: #212121;\">caninos:<br \/>\n<\/span><span style=\"color: #212121;\">tamanho pequeno (at\u00e9 5 kg) &#8230;&#8230;&#8230;&#8230; 0,5 ml (25,0 mg)<br \/>\n<\/span><span style=\"color: #212121;\">tamanho m\u00e9dio (at\u00e9 25 kg) &#8230;&#8230;&#8230; ..1,0 ml (50,0 mg)<br \/>\n<\/span><span style=\"color: #212121;\">tamanho grande (at\u00e9 50 kg) &#8230;&#8230;&#8230;&#8230; 2,0 ml (100,0 mg)<\/span><\/p>\n<p class=\"western\"><span style=\"color: #212121;\">Felinos: &#8230;&#8230;&#8230;&#8230;&#8230;&#8230; ..0,5 ml (25,0 mg)<\/span><\/p>\n<p class=\"western\"><span style=\"color: #212121;\"><b>Contra-indica\u00e7\u00f5es \/ precau\u00e7\u00f5es:<br \/>\n<\/b><\/span><span style=\"color: #212121;\">N\u00e3o utilizar em f\u00eameas com c\u00edo irregular, ninfoman\u00edacas, doen\u00e7a genito urin\u00e1ria ou diabetes, com pseudo gravidez ou corrimento vaginal anormal, bem como tumores de mama.<br \/>\n<\/span><span style=\"color: #212121;\">Administrar em anestro.<\/span><\/p>\n<p class=\"western\"><span style=\"color: #212121;\"><b>Apresenta\u00e7\u00e3o:<br \/>\n<\/b><\/span><span style=\"color: #212121;\">Frasquinho contendo 50,0 mL.<\/span><\/p>\n<p class=\"western\"><span style=\"color: #212121;\">Mantenha entre 5 \u00b0 C. e 35 graus c.<br \/>\n<\/span><span style=\"color: #212121;\">Manter afastado de luz solar directa, humidade e calor.<\/span><\/p>\n<p class=\"western\"><span style=\"color: #212121;\">Registro Minist\u00e9rio da Pecu\u00e1ria, Agricultura e Pesca (Uruguai): A 1985<\/span><\/p>\n","protected":false},"excerpt":{"rendered":"<p>Acetato de medroxiprogesterona 50,0 mg<\/p>\n","protected":false},"featured_media":3138,"comment_status":"open","ping_status":"closed","template":"","meta":[],"product_cat":[604,561],"product_tag":[],"class_list":["post-452","product","type-product","status-publish","has-post-thumbnail","hentry","product_cat-produtos-a-z","product_cat-hormonios","thumb-has-effect","prod-rating-off"],"acf":[],"aioseo_notices":[],"_links":{"self":[{"href":"https:\/\/laboratoriounimedical.com\/pt-br\/wp-json\/wp\/v2\/product\/452","targetHints":{"allow":["GET"]}}],"collection":[{"href":"https:\/\/laboratoriounimedical.com\/pt-br\/wp-json\/wp\/v2\/product"}],"about":[{"href":"https:\/\/laboratoriounimedical.com\/pt-br\/wp-json\/wp\/v2\/types\/product"}],"replies":[{"embeddable":true,"href":"https:\/\/laboratoriounimedical.com\/pt-br\/wp-json\/wp\/v2\/comments?post=452"}],"wp:featuredmedia":[{"embeddable":true,"href":"https:\/\/laboratoriounimedical.com\/pt-br\/wp-json\/wp\/v2\/media\/3138"}],"wp:attachment":[{"href":"https:\/\/laboratoriounimedical.com\/pt-br\/wp-json\/wp\/v2\/media?parent=452"}],"wp:term":[{"taxonomy":"product_cat","embeddable":true,"href":"https:\/\/laboratoriounimedical.com\/pt-br\/wp-json\/wp\/v2\/product_cat?post=452"},{"taxonomy":"product_tag","embeddable":true,"href":"https:\/\/laboratoriounimedical.com\/pt-br\/wp-json\/wp\/v2\/product_tag?post=452"}],"curies":[{"name":"wp","href":"https:\/\/api.w.org\/{rel}","templated":true}]}}