{"id":454,"date":"2023-07-12T14:04:16","date_gmt":"2023-07-12T17:04:16","guid":{"rendered":"https:\/\/laboratoriounimedical.com\/producto\/clorhexidin-gingival\/"},"modified":"2023-11-28T16:05:17","modified_gmt":"2023-11-28T19:05:17","slug":"clorhexidin-gingival","status":"publish","type":"product","link":"https:\/\/laboratoriounimedical.com\/pt-br\/producto\/clorhexidin-gingival\/","title":{"rendered":"Clorhexidin Gingival"},"content":{"rendered":"<p class=\"western\"><span style=\"color: #212121;\"><b>Utilizar em c\u00e3es, gatos.<\/b><\/span><\/p>\n<p class=\"western\"><span style=\"color: #212121;\">Gengival A clorexidina \u00e9 um colut\u00f3rio, para a preven\u00e7\u00e3o da forma\u00e7\u00e3o da placa dental que provoca mau h\u00e1lito (halitose) e para o tratamento de periodontite (doen\u00e7a periodontal)<br \/>\n<\/span><span style=\"color: #212121;\">Bactericida contra E. coli, Pseudomonas aeruginosa e Staphylococcus aureus.<\/span><\/p>\n<p class=\"western\"><span style=\"color: #212121;\"><b>INDICA\u00c7\u00d5ESI<br \/>\n<\/b><\/span><span style=\"color: #212121;\">nfec\u00e7\u00f5es locais e tratamento da periodontite como um preventivo na forma\u00e7\u00e3o de placa nos dentes e corrector do mau h\u00e1lito (halitose).<\/span><\/p>\n<p class=\"western\"><span style=\"color: #212121;\"><b>FORMULA<br \/>\n<\/b><\/span><span style=\"color: #212121;\">Digluconato de clorhexidina \u2026 0.2 gr<br \/>\n<\/span><span style=\"color: #212121;\">Excipientes CSP &#8230;&#8230;&#8230;&#8230;&#8230;&#8230;&#8230;.. 100 ml<\/span><\/p>\n<p class=\"western\"><span style=\"color: #212121;\"><b>DOSAGEM<br \/>\n<\/b><\/span><span style=\"color: #212121;\">C\u00e3es e gatos:<br \/>\n<\/span><span style=\"color: #212121;\">Como preventivo na forma\u00e7\u00e3o de placa dent\u00e1ria e corretor de halitose uma vez por dia, tr\u00eas vezes por semana<br \/>\n<\/span><span style=\"color: #212121;\">Tratamento da doen\u00e7a periodontal, aplicar diariamente at\u00e9 remiss\u00e3o.<\/span><\/p>\n<p class=\"western\"><span style=\"color: #212121;\"><b>M\u00e9todo de aplica\u00e7\u00e3o:<br \/>\n<\/b><\/span><span style=\"color: #212121;\">Deve masejear suavemente com uma escova de dentes de cerdas macias ou gaze embebida em Clorhexidin gengival. N\u00e3o enxaguar a boca do animal. Deve higienizar a escova para utiliza\u00e7\u00e3o posterior e no caso de se utilizar gaze deve ser removido e n\u00e3o reutilizado<\/span><\/p>\n<p class=\"western\"><span style=\"color: #212121;\"><b>PRECAU\u00c7\u00d5ES<br \/>\n<\/b><\/span><span style=\"color: #212121;\">Evitar o contacto com os olhos.<\/span><\/p>\n","protected":false},"excerpt":{"rendered":"<p>Digluconato de clorhexidina 0.2 gr Excipientes CSP 100 ml<\/p>\n","protected":false},"featured_media":1254,"comment_status":"open","ping_status":"closed","template":"","meta":[],"product_cat":[604,564],"product_tag":[],"class_list":["post-454","product","type-product","status-publish","has-post-thumbnail","hentry","product_cat-produtos-a-z","product_cat-otica-e-dermatologicos","thumb-has-effect","prod-rating-off"],"acf":[],"aioseo_notices":[],"_links":{"self":[{"href":"https:\/\/laboratoriounimedical.com\/pt-br\/wp-json\/wp\/v2\/product\/454","targetHints":{"allow":["GET"]}}],"collection":[{"href":"https:\/\/laboratoriounimedical.com\/pt-br\/wp-json\/wp\/v2\/product"}],"about":[{"href":"https:\/\/laboratoriounimedical.com\/pt-br\/wp-json\/wp\/v2\/types\/product"}],"replies":[{"embeddable":true,"href":"https:\/\/laboratoriounimedical.com\/pt-br\/wp-json\/wp\/v2\/comments?post=454"}],"wp:featuredmedia":[{"embeddable":true,"href":"https:\/\/laboratoriounimedical.com\/pt-br\/wp-json\/wp\/v2\/media\/1254"}],"wp:attachment":[{"href":"https:\/\/laboratoriounimedical.com\/pt-br\/wp-json\/wp\/v2\/media?parent=454"}],"wp:term":[{"taxonomy":"product_cat","embeddable":true,"href":"https:\/\/laboratoriounimedical.com\/pt-br\/wp-json\/wp\/v2\/product_cat?post=454"},{"taxonomy":"product_tag","embeddable":true,"href":"https:\/\/laboratoriounimedical.com\/pt-br\/wp-json\/wp\/v2\/product_tag?post=454"}],"curies":[{"name":"wp","href":"https:\/\/api.w.org\/{rel}","templated":true}]}}