{"id":456,"date":"2023-07-13T14:19:31","date_gmt":"2023-07-13T17:19:31","guid":{"rendered":"https:\/\/laboratoriounimedical.com\/producto\/clorhexidin-plus-solucion\/"},"modified":"2023-11-28T16:06:32","modified_gmt":"2023-11-28T19:06:32","slug":"clorhexidin-plus-solucion","status":"publish","type":"product","link":"https:\/\/laboratoriounimedical.com\/pt-br\/producto\/clorhexidin-plus-solucion\/","title":{"rendered":"Clorhexidin Plus Soluci\u00f3n"},"content":{"rendered":"<p class=\"western\" style=\"text-align: center;\"><span style=\"color: #212121;\"><b>Solu\u00e7\u00e3o anti-s\u00e9ptica, anti-inflamat\u00f3ria, antif\u00fangica para os caninos e felinos<\/b><\/span><\/p>\n<p class=\"western\"><span style=\"color: #212121;\"><b>F\u00f3rmula | Cada 100 ml cont\u00e9m:<br \/>\n<\/b><\/span><span style=\"color: #212121;\">Digluconato de clorexidina &#8230;&#8230;&#8230; ..0,50 gr<br \/>\n<\/span><span style=\"color: #212121;\">Acetato de triancinolona &#8230;&#8230;&#8230;&#8230;&#8230; 0,10 gr<br \/>\n<\/span><span style=\"color: #212121;\">Agentes de formula\u00e7\u00e3o csp \u2026&#8230;&#8230;..100 ml<\/span><\/p>\n<p class=\"western\"><span style=\"color: #212121;\"><b>Indica\u00e7\u00f5es \/ Usos:<br \/>\n<\/b><\/span><span style=\"color: #212121;\">A preven\u00e7\u00e3o ou o tratamento de les\u00f5es com a contamina\u00e7\u00e3o bacteriana ou f\u00fangica.<br \/>\n<\/span><span style=\"color: #212121;\">a\u00e7\u00e3o anti-inflamat\u00f3ria local.<\/span><\/p>\n<p class=\"western\"><span style=\"color: #212121;\"><b>Administra\u00e7\u00e3o e dosagem:<br \/>\n<\/b><\/span><span style=\"color: #212121;\">administra\u00e7\u00e3o t\u00f3pica.<br \/>\n<\/span><span style=\"color: #212121;\">Pulveriza-se a les\u00e3o com o produto de acordo com o tamanho da mesma; 2 a 3 vezes ao dia ou como crit\u00e9rio profissional.<\/span><\/p>\n<p class=\"western\"><span style=\"color: #212121;\"><b>Contra-indica\u00e7\u00f5es \/ precau\u00e7\u00f5es:<br \/>\n<\/b><\/span><span style=\"color: #212121;\">Evitar o contacto com os olhos, se ocorrer lavagem com solu\u00e7\u00e3o fisiol\u00f3gica.<\/span><\/p>\n<p class=\"western\"><span style=\"color: #212121;\"><b>Apresenta\u00e7\u00e3o:<br \/>\n<\/b><\/span><span style=\"color: #212121;\">Frasco contendo 100 ml com v\u00e1lvula do gatilho.<\/span><\/p>\n<p class=\"western\"><span style=\"color: #212121;\">Mantenha entre 5 \u00b0 C. e 35 graus c.<br \/>\n<\/span><span style=\"color: #212121;\">Manter afastado de luz solar directa, humidade e calor.<\/span><\/p>\n<p class=\"western\"><span style=\"color: #212121;\">Registro Minist\u00e9rio da Pecu\u00e1ria, Agricultura e Pesca (Uruguai): A 1998<\/span><\/p>\n","protected":false},"excerpt":{"rendered":"<p>Digluconato de Clorhexidina 0,50 gr Acetato de triancinolona 0,10 gr Agentes de formula\u00e7\u00e3o csp 100 ml<\/p>\n","protected":false},"featured_media":1269,"comment_status":"open","ping_status":"closed","template":"","meta":[],"product_cat":[604,564],"product_tag":[],"class_list":["post-456","product","type-product","status-publish","has-post-thumbnail","hentry","product_cat-produtos-a-z","product_cat-otica-e-dermatologicos","thumb-has-effect","prod-rating-off"],"acf":[],"aioseo_notices":[],"_links":{"self":[{"href":"https:\/\/laboratoriounimedical.com\/pt-br\/wp-json\/wp\/v2\/product\/456","targetHints":{"allow":["GET"]}}],"collection":[{"href":"https:\/\/laboratoriounimedical.com\/pt-br\/wp-json\/wp\/v2\/product"}],"about":[{"href":"https:\/\/laboratoriounimedical.com\/pt-br\/wp-json\/wp\/v2\/types\/product"}],"replies":[{"embeddable":true,"href":"https:\/\/laboratoriounimedical.com\/pt-br\/wp-json\/wp\/v2\/comments?post=456"}],"wp:featuredmedia":[{"embeddable":true,"href":"https:\/\/laboratoriounimedical.com\/pt-br\/wp-json\/wp\/v2\/media\/1269"}],"wp:attachment":[{"href":"https:\/\/laboratoriounimedical.com\/pt-br\/wp-json\/wp\/v2\/media?parent=456"}],"wp:term":[{"taxonomy":"product_cat","embeddable":true,"href":"https:\/\/laboratoriounimedical.com\/pt-br\/wp-json\/wp\/v2\/product_cat?post=456"},{"taxonomy":"product_tag","embeddable":true,"href":"https:\/\/laboratoriounimedical.com\/pt-br\/wp-json\/wp\/v2\/product_tag?post=456"}],"curies":[{"name":"wp","href":"https:\/\/api.w.org\/{rel}","templated":true}]}}