{"id":458,"date":"2023-07-16T14:23:58","date_gmt":"2023-07-16T17:23:58","guid":{"rendered":"https:\/\/laboratoriounimedical.com\/producto\/dermixane-emulsion\/"},"modified":"2023-11-28T16:08:36","modified_gmt":"2023-11-28T19:08:36","slug":"dermixane-emulsion","status":"publish","type":"product","link":"https:\/\/laboratoriounimedical.com\/pt-br\/producto\/dermixane-emulsion\/","title":{"rendered":"Dermixane Emulsi\u00f3n"},"content":{"rendered":"<p class=\"western\"><span style=\"color: #212121;\"><b>\u00d3tico &#8211; d\u00e9rmico<\/b><\/span><\/p>\n<p class=\"western\"><span style=\"color: #212121;\">Moderna associa\u00e7\u00e3o de 4 ingredientes activos de primeira escolha no caso de les\u00f5es cut\u00e2neas infecciosas ou f\u00fangicas e no tratamento de \u00falceras feridas e queimaduras. Ao amplo espectro antibacteriano da enrofloxacina acrescenta-se o da sulfadiazina de prata formando tecido de granula\u00e7\u00e3o. O Ketoconazol traz sua poderosa a\u00e7\u00e3o fungicida e triamcinolona suas propriedades anti-inflamat\u00f3rias.<\/span><\/p>\n<p class=\"western\"><span style=\"color: #212121;\"><b>INDICA\u00c7\u00d5ES:<br \/>\n<\/b><\/span><span style=\"color: #212121;\">Usar em cavalos, c\u00e3es e gatos.<br \/>\n<\/span><span style=\"color: #212121;\">Anti-microbiana, anti-f\u00fangicos, cicatrizante, adstringente e hemost\u00e1tico.<br \/>\n<\/span><span style=\"color: #212121;\">Emuls\u00e3o t\u00f3picas curativa,cicatrizante de feridas \u00falceras, queimaduras e toda les\u00e3o de pele.<br \/>\n<\/span><span style=\"color: #212121;\">Antimic\u00f3tico de largo espectro, anti-inflamat\u00f3rio.<br \/>\n<\/span><span style=\"color: #212121;\">Antibi\u00f3tico e antipruritico.<br \/>\n<\/span><span style=\"color: #212121;\">Tratamento da otite externa aguda ou cr\u00f3nica causada por bact\u00e9rias e fungos sensiveis a enrofloxacina sulfadiazina de prata e \/ ou ketoconazol.<\/span><\/p>\n<p class=\"western\"><span style=\"color: #212121;\"><b>ADMINISTRA\u00c7\u00c3O E DOSAGEM:<br \/>\n<\/b><\/span><span style=\"color: #212121;\">Equinos, caninos e felinos.<br \/>\n<\/span><span style=\"color: #212121;\">Les\u00f5es da pele sejam feridas ou qualquer outra les\u00e3o aplicar o spray para cobrir a les\u00e3o.<br \/>\n<\/span><span style=\"color: #212121;\">Aplicar 2 vezes por dia durante 7 dias consecutivos ou at\u00e9 remiss\u00e3o dos sintomas ou a crit\u00e9rio do m\u00e9dico veterin\u00e1rio.<br \/>\n<\/span><span style=\"color: #212121;\">Caninos: Limpe o canal do ouvido, em seguida, administrar a emuls\u00e3o dermixane em quantidade suficiente para cobrir o canal auditivo, massagear suavemente a orelha para assegurar uma distribui\u00e7\u00e3o completa e uniforme da droga ao longo do canal auditivo.<br \/>\n<\/span><span style=\"color: #212121;\">Dosagem: 5 a 10 gotas. Administrar 2 vezes ao dia durante 7 dias ou at\u00e9 que a remiss\u00e3o dos sintomas, ou de acordo com crit\u00e9rios do veterin\u00e1rio.<\/span><\/p>\n<p class=\"western\"><span style=\"color: #212121;\"><b>F\u00f3rmula:<br \/>\n<\/b><\/span><span style=\"color: #212121;\">Cada 100 ml cont\u00e9m:<br \/>\n<\/span><span style=\"color: #212121;\">sulfadiazina de prata &#8230;&#8230;&#8230;&#8230;&#8230;&#8230;&#8230;. 1g<br \/>\n<\/span><span style=\"color: #212121;\">ketoconazol &#8230;&#8230;&#8230;&#8230;&#8230;&#8230;&#8230;&#8230;&#8230;&#8230;&#8230;&#8230; 1 gr<br \/>\n<\/span><span style=\"color: #212121;\">Acetato de triancinolona &#8230;&#8230;&#8230;&#8230;&#8230; .0.1gr<br \/>\n<\/span><span style=\"color: #212121;\">Enrofloxacina&#8230;&#8230;&#8230;&#8230;&#8230;&#8230;&#8230;&#8230;&#8230;&#8230;..0.5 gr<\/span><\/p>\n<p class=\"western\"><span style=\"color: #212121;\"><b>PRECAU\u00c7\u00d5ES<br \/>\n<\/b><\/span><span style=\"color: #212121;\">Manter entre 5 e 35 \u00b0 C<\/span><\/p>\n<p class=\"western\"><span style=\"color: #212121;\">Reg MGAP A 4760<\/span><\/p>\n","protected":false},"excerpt":{"rendered":"<p>Sulfadiazina de prata 1 gr Cetoconazol 1 gr Acetato de triancinolona 0.1gr Enrofloxacina 0.5 gr<\/p>\n","protected":false},"featured_media":1290,"comment_status":"open","ping_status":"closed","template":"","meta":[],"product_cat":[604,564],"product_tag":[],"class_list":["post-458","product","type-product","status-publish","has-post-thumbnail","hentry","product_cat-produtos-a-z","product_cat-otica-e-dermatologicos","thumb-has-effect","prod-rating-off"],"acf":[],"aioseo_notices":[],"_links":{"self":[{"href":"https:\/\/laboratoriounimedical.com\/pt-br\/wp-json\/wp\/v2\/product\/458","targetHints":{"allow":["GET"]}}],"collection":[{"href":"https:\/\/laboratoriounimedical.com\/pt-br\/wp-json\/wp\/v2\/product"}],"about":[{"href":"https:\/\/laboratoriounimedical.com\/pt-br\/wp-json\/wp\/v2\/types\/product"}],"replies":[{"embeddable":true,"href":"https:\/\/laboratoriounimedical.com\/pt-br\/wp-json\/wp\/v2\/comments?post=458"}],"wp:featuredmedia":[{"embeddable":true,"href":"https:\/\/laboratoriounimedical.com\/pt-br\/wp-json\/wp\/v2\/media\/1290"}],"wp:attachment":[{"href":"https:\/\/laboratoriounimedical.com\/pt-br\/wp-json\/wp\/v2\/media?parent=458"}],"wp:term":[{"taxonomy":"product_cat","embeddable":true,"href":"https:\/\/laboratoriounimedical.com\/pt-br\/wp-json\/wp\/v2\/product_cat?post=458"},{"taxonomy":"product_tag","embeddable":true,"href":"https:\/\/laboratoriounimedical.com\/pt-br\/wp-json\/wp\/v2\/product_tag?post=458"}],"curies":[{"name":"wp","href":"https:\/\/api.w.org\/{rel}","templated":true}]}}