{"id":461,"date":"2023-07-20T14:26:55","date_gmt":"2023-07-20T17:26:55","guid":{"rendered":"https:\/\/laboratoriounimedical.com\/producto\/griseofulvina-crema\/"},"modified":"2023-11-28T16:10:42","modified_gmt":"2023-11-28T19:10:42","slug":"griseofulvina-crema","status":"publish","type":"product","link":"https:\/\/laboratoriounimedical.com\/pt-br\/producto\/griseofulvina-crema\/","title":{"rendered":"Griseofulvina Crema"},"content":{"rendered":"<p class=\"western\"><span style=\"color: #212121;\"><b>Antif\u00fangico para c\u00e3es, gatos, coelhos<br \/>\n<\/b><\/span><span style=\"color: #212121;\">Griseofulvina creme \u00e9 um antibi\u00f3tico fungist\u00e1tica potente que age sobre fungos que causam infec\u00e7\u00f5es f\u00fangicas da pele em c\u00e3es, gatos coelhos, etc. Microsporum Canis, Microsporum Gyseum e Trychopytum.<\/span><\/p>\n<p class=\"western\"><span style=\"color: #212121;\"><b>F\u00f3rmula | Cada 100 g cont\u00e9m:<br \/>\n<\/b><\/span><span style=\"color: #212121;\">Cl. Etiloaminoetanol \u00e9ster alif\u00e1tico de pirid\u00ednio &#8230; ..0,05 gr<br \/>\n<\/span><span style=\"color: #212121;\">Cl. de ester alif\u00e1tico de etiloaminoetanol piridonio\u2026..0,05 gr<br \/>\n<\/span><span style=\"color: #212121;\">Crema evanescente c.s.p\u2026\u2026\u2026\u2026\u2026\u2026\u2026\u2026\u2026\u2026\u2026.100,0 gr.<\/span><\/p>\n<p class=\"western\"><span style=\"color: #212121;\"><b>Indica\u00e7\u00f5es \/ Usos:<br \/>\n<\/b><\/span><span style=\"color: #212121;\">Tratamento de micose da pele de c\u00e3es, gatos, coelhos etc.<br \/>\n<\/span><span style=\"color: #212121;\">medica\u00e7\u00e3o t\u00f3pica.<\/span><\/p>\n<p class=\"western\"><span style=\"color: #212121;\">Pr\u00e9-limpeza e corte do pelo, aplique 2 a 3 vezes por dia at\u00e9 a cura.<br \/>\n<\/span><span style=\"color: #212121;\">Em geral, a utiliza\u00e7\u00e3o do creme complementa o tratamento por via oral.<\/span><\/p>\n<p class=\"western\"><span style=\"color: #212121;\"><b>Contra-indica\u00e7\u00f5es \/ precau\u00e7\u00f5es:<br \/>\n<\/b><\/span><span style=\"color: #212121;\">Uso externo. Manter longe do alcance das crian\u00e7as.<\/span><\/p>\n<p class=\"western\"><span style=\"color: #212121;\"><b>Apresenta\u00e7\u00e3o:<br \/>\n<\/b><\/span><span style=\"color: #212121;\">Caixa com tubo contendo 15 gr.<\/span><\/p>\n<p class=\"western\"><span style=\"color: #212121;\">Mantenha entre 5 \u00b0 C. e 35 graus c.<br \/>\n<\/span><span style=\"color: #212121;\">Manter afastado de luz solar directa, humidade e calor.<\/span><\/p>\n<p class=\"western\"><span style=\"color: #212121;\">Registro Minist\u00e9rio da Pecu\u00e1ria, Agricultura e Pesca (Uruguai): A 1975<\/span><\/p>\n","protected":false},"excerpt":{"rendered":"<p>Griseofulvina 2,5 gr Cl. del ester alif\u00e1tico de etiloaminoetanol piridonio 0,05 gr Crema evanescente c.s.p 100,0 gr.<\/p>\n","protected":false},"featured_media":1296,"comment_status":"open","ping_status":"closed","template":"","meta":[],"product_cat":[604,556],"product_tag":[],"class_list":["post-461","product","type-product","status-publish","has-post-thumbnail","hentry","product_cat-produtos-a-z","product_cat-antifungicos","thumb-has-effect","prod-rating-off"],"acf":[],"aioseo_notices":[],"_links":{"self":[{"href":"https:\/\/laboratoriounimedical.com\/pt-br\/wp-json\/wp\/v2\/product\/461","targetHints":{"allow":["GET"]}}],"collection":[{"href":"https:\/\/laboratoriounimedical.com\/pt-br\/wp-json\/wp\/v2\/product"}],"about":[{"href":"https:\/\/laboratoriounimedical.com\/pt-br\/wp-json\/wp\/v2\/types\/product"}],"replies":[{"embeddable":true,"href":"https:\/\/laboratoriounimedical.com\/pt-br\/wp-json\/wp\/v2\/comments?post=461"}],"wp:featuredmedia":[{"embeddable":true,"href":"https:\/\/laboratoriounimedical.com\/pt-br\/wp-json\/wp\/v2\/media\/1296"}],"wp:attachment":[{"href":"https:\/\/laboratoriounimedical.com\/pt-br\/wp-json\/wp\/v2\/media?parent=461"}],"wp:term":[{"taxonomy":"product_cat","embeddable":true,"href":"https:\/\/laboratoriounimedical.com\/pt-br\/wp-json\/wp\/v2\/product_cat?post=461"},{"taxonomy":"product_tag","embeddable":true,"href":"https:\/\/laboratoriounimedical.com\/pt-br\/wp-json\/wp\/v2\/product_tag?post=461"}],"curies":[{"name":"wp","href":"https:\/\/api.w.org\/{rel}","templated":true}]}}