{"id":463,"date":"2023-07-22T14:28:31","date_gmt":"2023-07-22T17:28:31","guid":{"rendered":"https:\/\/laboratoriounimedical.com\/producto\/ketamin-inyectable\/"},"modified":"2023-11-28T16:14:24","modified_gmt":"2023-11-28T19:14:24","slug":"ketamin-inyectable","status":"publish","type":"product","link":"https:\/\/laboratoriounimedical.com\/pt-br\/producto\/ketamin-inyectable\/","title":{"rendered":"Ketamin Inyectable"},"content":{"rendered":"<p class=\"western\" style=\"text-align: center;\"><span style=\"color: #212121;\"><b>Anest\u00e9sico geral para c\u00e3es, gatos, cavalos, bovinos, ovinos<\/b><\/span><\/p>\n<p class=\"western\"><span style=\"color: #212121;\"><b>F\u00f3rmula | Cada ml cont\u00e9m:<br \/>\n<\/b><\/span><span style=\"color: #212121;\">Ketamina base (clorhidrato)\u2026\u2026\u2026\u2026..50,0 mg<\/span><\/p>\n<p class=\"western\"><span style=\"color: #212121;\"><b>Indica\u00e7\u00f5es \/ Usos<\/b><\/span><span style=\"color: #212121;\">:<br \/>\n<\/span><span style=\"color: #212121;\">Anestesia geral que mant\u00e9m reflexos de engolir e vias a\u00e9reas superiores. Nenhuma toxicidade fetal ou uterina. De escolha para cesarianas e para os animais em estado de choque. Ele pode ser usado em combina\u00e7\u00e3o com outros tipos de anest\u00e9sicos.<\/span><\/p>\n<p class=\"western\"><span style=\"color: #212121;\"><b>Administra\u00e7\u00e3o e dosagem:<br \/>\n<\/b><\/span><span style=\"color: #212121;\">Administrado por via intravenosa produz anestesia geral no prazo de 60 segundos e dura de 5 a 10 minutos.<\/span><\/p>\n<p class=\"western\"><span style=\"color: #212121;\">Caninos e felinos: 7,0 a 10,0 mg por kg.<br \/>\n<\/span><span style=\"color: #212121;\">Su\u00ednos: 5,0 mg por kg.<br \/>\n<\/span><span style=\"color: #212121;\">Bovinos: 5,0 mg por kg.<br \/>\n<\/span><span style=\"color: #212121;\">Ovinos: 3,0 mg por kg.<br \/>\n<\/span><span style=\"color: #212121;\">Equinos: 3,0 a 5,0 mg por kg.<br \/>\n<\/span><span style=\"color: #212121;\">Primatas: 1,0 a 5,0 mg por kg.<\/span><\/p>\n<p class=\"western\"><span style=\"color: #212121;\">Intramuscularmente dura 30 minutos. Durante a anestesia pode aver aumento do t\u00f4nus muscular e hyperflexia.<\/span><\/p>\n<p class=\"western\"><span style=\"color: #212121;\">Caninos e felinos: 15,0-25,0 mg por kg.<br \/>\n<\/span><span style=\"color: #212121;\">Su\u00ednos: 15,0 a 20,0 mg por kg.<br \/>\n<\/span><span style=\"color: #212121;\">Bovinos: 15,0 mg por kg.<br \/>\n<\/span><span style=\"color: #212121;\">Ovinos: 10,0 a 20,0 mg por kg.<br \/>\n<\/span><span style=\"color: #212121;\">Eq\u00fcinos: 15,0 mg por kg.<br \/>\n<\/span><span style=\"color: #212121;\">Primatas: 5,0 a 15,0 mg por kg.<br \/>\n<\/span><span style=\"color: #212121;\">Aves: 10,0 a 20,0 mg por kg.<\/span><\/p>\n<p class=\"western\"><span style=\"color: #212121;\"><b>Contra-indica\u00e7\u00f5es \/ precau\u00e7\u00f5es:<br \/>\n<\/b><\/span><span style=\"color: #212121;\">Quando uma overdose ocorre pode haver depress\u00e3o respirat\u00f3ria, o tratamento \u00e9 a ventila\u00e7\u00e3o mec\u00e2nica em vez de usar agentes analeptic.<br \/>\n<\/span><span style=\"color: #212121;\">N\u00e3o utilizar em pacientes com insufici\u00eancia card\u00edaca ou hist\u00f3ria de acidente vascular cerebral. A ketamina raramente produz espasmo da laringe, produz hipertens\u00e3o e taquicardia com dura\u00e7\u00e3o de 30 a 60 minutos.<\/span><\/p>\n<p class=\"western\"><span style=\"color: #212121;\"><b>Apresenta\u00e7\u00e3o:<br \/>\n<\/b><\/span><span style=\"color: #212121;\">Frasquinho contendo 50,0 mL.<\/span><\/p>\n<p class=\"western\"><span style=\"color: #212121;\">Manter entre 5 \u00b0 C e 35 \u00b0 C.<br \/>\n<\/span><span style=\"color: #212121;\">Manter afastado de luz solar directa, humidade e calor.<br \/>\n<\/span><span style=\"color: #212121;\">Controlada de f\u00e1rmacos.<br \/>\n<\/span><span style=\"color: #212121;\">Manter fora do alcance das crian\u00e7as.<\/span><\/p>\n<p class=\"western\"><span style=\"color: #212121;\">Registro Minist\u00e9rio da Pecu\u00e1ria, Agricultura e Pesca (Uruguai): A 1945<\/span><\/p>\n","protected":false},"excerpt":{"rendered":"<p>Ketamina base (clorhidrato) 50,0 mg<\/p>\n","protected":false},"featured_media":1311,"comment_status":"open","ping_status":"closed","template":"","meta":[],"product_cat":[604,539],"product_tag":[],"class_list":["post-463","product","type-product","status-publish","has-post-thumbnail","hentry","product_cat-produtos-a-z","product_cat-sicotropicos-pt-br","thumb-has-effect","prod-rating-off"],"acf":[],"aioseo_notices":[],"_links":{"self":[{"href":"https:\/\/laboratoriounimedical.com\/pt-br\/wp-json\/wp\/v2\/product\/463","targetHints":{"allow":["GET"]}}],"collection":[{"href":"https:\/\/laboratoriounimedical.com\/pt-br\/wp-json\/wp\/v2\/product"}],"about":[{"href":"https:\/\/laboratoriounimedical.com\/pt-br\/wp-json\/wp\/v2\/types\/product"}],"replies":[{"embeddable":true,"href":"https:\/\/laboratoriounimedical.com\/pt-br\/wp-json\/wp\/v2\/comments?post=463"}],"wp:featuredmedia":[{"embeddable":true,"href":"https:\/\/laboratoriounimedical.com\/pt-br\/wp-json\/wp\/v2\/media\/1311"}],"wp:attachment":[{"href":"https:\/\/laboratoriounimedical.com\/pt-br\/wp-json\/wp\/v2\/media?parent=463"}],"wp:term":[{"taxonomy":"product_cat","embeddable":true,"href":"https:\/\/laboratoriounimedical.com\/pt-br\/wp-json\/wp\/v2\/product_cat?post=463"},{"taxonomy":"product_tag","embeddable":true,"href":"https:\/\/laboratoriounimedical.com\/pt-br\/wp-json\/wp\/v2\/product_tag?post=463"}],"curies":[{"name":"wp","href":"https:\/\/api.w.org\/{rel}","templated":true}]}}