{"id":467,"date":"2023-07-28T14:47:09","date_gmt":"2023-07-28T17:47:09","guid":{"rendered":"https:\/\/laboratoriounimedical.com\/producto\/novapel-crema\/"},"modified":"2023-11-28T16:18:48","modified_gmt":"2023-11-28T19:18:48","slug":"novapel-crema","status":"publish","type":"product","link":"https:\/\/laboratoriounimedical.com\/pt-br\/producto\/novapel-crema\/","title":{"rendered":"Novapel Crema"},"content":{"rendered":"<p class=\"western\" style=\"text-align: center;\"><span style=\"color: #212121;\"><b>Antimicrobiana, antif\u00fangica cicatrizante, adstringente e hemost\u00e1tico<\/b><\/span><\/p>\n<p class=\"western\"><span style=\"color: #212121;\">Moderna associa\u00e7\u00e3o de 5 princ\u00edpiso activos de primeira escolha no caso de les\u00f5es cut\u00e2neas ou de fungos infecciosos, bem como o tratamento de \u00falceras e queimaduras ao amplo espectro bacteriano da sulfadiazina de prata com efeito antibacteriano e tamb\u00e9m formador de tecido de granula\u00e7\u00e3o .O elevado poder anti-s\u00e9ptico de clorhexidina digluconato que actua tambem na presen\u00e7a de pus \u00e9 adicionado o efeito anest\u00e9sico da lidoca\u00edna. A betametasona adiciona efeitos antiinflamorios e antipruriginosos<\/span><\/p>\n<p class=\"western\"><span style=\"color: #212121;\"><b>INDICA\u00c7\u00d5ES<br \/>\n<\/b><\/span><span style=\"color: #212121;\">Usar em gado, cavalos, c\u00e3es e gatos.<br \/>\n<\/span><span style=\"color: #212121;\">Creme t\u00f3pico curativo no caso de queimaduras e \u00falceras infectadas ou n\u00e3o seja traum\u00e1tica, al\u00e9rgica infecciosa antif\u00fangico de amplo espectro, antiinfalmatorio, anest\u00e9sico local, poderosos anti-s\u00e9ptico e antibi\u00f3tico, antial\u00e9rgicos, antipruriginoso. anti-s\u00e9ptico e antibi\u00f3ticos<br \/>\n<\/span><span style=\"color: #212121;\">Indicado em conclus\u00e3o de cirurgia. Em c\u00e3es indicado para otite aguda ou cr\u00f4nica. uso externo.<\/span><\/p>\n<p class=\"western\"><span style=\"color: #212121;\"><b>ADMINISTRA\u00c7\u00c3O E DOSAGEM<br \/>\n<\/b><\/span><span style=\"color: #212121;\">Aplicar uma camada da \u00e1rea de les\u00e3o, duas a tr\u00eas vezes por dia. creme emoliente para ser absorvido no caso de ferimentos com cabelo longo deve anteriormente rasurar .Nos casos de otite, deve ser limpo da audi\u00eancia anterior, e introduzir uma pequena quantidade de creme atrav\u00e9s de uma zaragatoa. massageie imediatamente a base da orelha para a distribui\u00e7\u00e3o adequada. A dura\u00e7\u00e3o do tratamento deve ser de pelo menos 10 dias<\/span><\/p>\n<p class=\"western\"><span style=\"color: #212121;\"><b>FORMULA | Cada 100 g cont\u00e9m:<br \/>\n<\/b><\/span><span style=\"color: #212121;\">ketoconazol &#8230;&#8230;&#8230;&#8230;&#8230;&#8230;&#8230; .. 1 gr<br \/>\n<\/span><span style=\"color: #212121;\">BETAMETASONA 17 valerato &#8230;&#8230;&#8230;. 0,05 gr<br \/>\n<\/span><span style=\"color: #212121;\">Lidoca\u00edna clorhidrato &#8230;&#8230;&#8230;&#8230;. 2 g<br \/>\n<\/span><span style=\"color: #212121;\">sulfadiazina de prata &#8230;&#8230;&#8230;&#8230;. 1g<br \/>\n<\/span><span style=\"color: #212121;\">CHG 20% &#8230; .. 1 gr<\/span><\/p>\n<p class=\"western\"><span style=\"color: #212121;\"><b>PRECAU\u00c7\u00d5ES<br \/>\n<\/b><\/span><span style=\"color: #212121;\">Manter entre 5 e 35 \u00b0 C<\/span><\/p>\n<p class=\"western\"><span style=\"color: #212121;\">Reg MGAP A 4765<\/span><\/p>\n","protected":false},"excerpt":{"rendered":"<p>Antimicrobiana, antif\u00fangica cicatrizante, adstringente e hemost\u00e1tico Moderna associa\u00e7\u00e3o de 5 princ\u00edpiso activos de primeira escolha no caso de les\u00f5es cut\u00e2neas ou de fungos infecciosos, bem como o tratamento de \u00falceras e queimaduras ao amplo espectro bacteriano da sulfadiazina de prata com efeito antibacteriano e tamb\u00e9m formador de tecido de granula\u00e7\u00e3o .O elevado poder anti-s\u00e9ptico de clorhexidina digluconato que actua tambem&hellip;<\/p>\n","protected":false},"featured_media":1326,"comment_status":"open","ping_status":"closed","template":"","meta":[],"product_cat":[604,564],"product_tag":[],"class_list":["post-467","product","type-product","status-publish","has-post-thumbnail","hentry","product_cat-produtos-a-z","product_cat-otica-e-dermatologicos","thumb-has-effect","prod-rating-off"],"acf":[],"aioseo_notices":[],"_links":{"self":[{"href":"https:\/\/laboratoriounimedical.com\/pt-br\/wp-json\/wp\/v2\/product\/467","targetHints":{"allow":["GET"]}}],"collection":[{"href":"https:\/\/laboratoriounimedical.com\/pt-br\/wp-json\/wp\/v2\/product"}],"about":[{"href":"https:\/\/laboratoriounimedical.com\/pt-br\/wp-json\/wp\/v2\/types\/product"}],"replies":[{"embeddable":true,"href":"https:\/\/laboratoriounimedical.com\/pt-br\/wp-json\/wp\/v2\/comments?post=467"}],"wp:featuredmedia":[{"embeddable":true,"href":"https:\/\/laboratoriounimedical.com\/pt-br\/wp-json\/wp\/v2\/media\/1326"}],"wp:attachment":[{"href":"https:\/\/laboratoriounimedical.com\/pt-br\/wp-json\/wp\/v2\/media?parent=467"}],"wp:term":[{"taxonomy":"product_cat","embeddable":true,"href":"https:\/\/laboratoriounimedical.com\/pt-br\/wp-json\/wp\/v2\/product_cat?post=467"},{"taxonomy":"product_tag","embeddable":true,"href":"https:\/\/laboratoriounimedical.com\/pt-br\/wp-json\/wp\/v2\/product_tag?post=467"}],"curies":[{"name":"wp","href":"https:\/\/api.w.org\/{rel}","templated":true}]}}