{"id":469,"date":"2023-07-29T14:54:50","date_gmt":"2023-07-29T17:54:50","guid":{"rendered":"https:\/\/laboratoriounimedical.com\/producto\/oftoxane-gotas\/"},"modified":"2023-11-28T16:19:18","modified_gmt":"2023-11-28T19:19:18","slug":"oftoxane-gotas","status":"publish","type":"product","link":"https:\/\/laboratoriounimedical.com\/pt-br\/producto\/oftoxane-gotas\/","title":{"rendered":"Oftoxane Gotas"},"content":{"rendered":"<p class=\"western\" style=\"text-align: center;\"><span style=\"color: #212121;\"><b>Antial\u00e9rgicos &#8211; Decongestionante &#8211; Anti-inflamat\u00f3rio &#8211; antibi\u00f3tico. antipruriginoso e analg\u00e9sico.<\/b><\/span><\/p>\n<p class=\"western\"><span style=\"color: #212121;\"><b>F\u00f3rmula | Cada 100 ml cont\u00e9m:<br \/>\n<\/b><\/span><span style=\"color: #212121;\">Gentamicina Sulfato\u2026\u2026\u2026\u2026\u2026\u2026.. 300 mg<br \/>\n<\/span><span style=\"color: #212121;\">Nafazolina Clorhidrato\u2026\u2026\u2026\u2026\u2026\u202650 mg<br \/>\n<\/span><span style=\"color: #212121;\">Dexametasona 21 fosfato\u2026\u2026\u2026\u2026\u2026..100 mg<br \/>\n<\/span><span style=\"color: #212121;\">Cloruro de benzalconio\u2026\u2026\u2026\u2026\u2026\u20260.01 gr<br \/>\n<\/span><span style=\"color: #212121;\">Agua destilada csp\u2026\u2026\u2026\u2026\u2026\u2026\u2026.100 ml<\/span><\/p>\n<p class=\"western\"><span style=\"color: #212121;\"><b>Propriedades farmacol\u00f3gicas<br \/>\n<\/b><\/span><span style=\"color: #212121;\">\u00c9 um produto t\u00f3pico<br \/>\n<\/span><span style=\"color: #212121;\">A gentamicina at\u00faa sobre bact\u00e9rias suscept\u00edveis ligando-se de forma irrevers\u00edvel a unidade 30S ribossomal, que inibe a s\u00edntese de prote\u00ednas, \u00e9 recomendada como uma terapia de infec\u00e7\u00f5es de bact\u00e9rias gram-negativas. Nafazolina \u00e9 um vasoconstritor que serve como um tratamento sintom\u00e1tico de hiperemia conjuntival. Dexametasona \u00e9 usado tanto para o tratamento de inflama\u00e7\u00f5es como superf\u00edcie intra-ocular<\/span><\/p>\n<p class=\"western\"><span style=\"color: #212121;\"><b>Indica\u00e7\u00f5es<br \/>\n<\/b><\/span><span style=\"color: #212121;\">Colirio Antial\u00e9rgico &#8211; Decongestionante &#8211; Anti-inflamat\u00f3rio &#8211; antibi\u00f3tico. antipruriginoso e analg\u00e9sico<br \/>\n<\/span><span style=\"color: #212121;\">Doen\u00e7as oculares, em geral, para o tratamento de les\u00f5es oculares causadas por queratoconjuntivite infecciosa e outras les\u00f5es conjuntivite n\u00e3o espec\u00edfica, blefarite, queratite e oculares em geral.<br \/>\n<\/span><span style=\"color: #212121;\">Infec\u00e7\u00f5es da c\u00f3rnea Gram-negativas ou estafilococos.A dexametasona t\u00f3pica para tratar a inflama\u00e7\u00e3o do segmento anterior ou superf\u00edcie.<\/span><\/p>\n<p class=\"western\"><span style=\"color: #212121;\"><b>Contra-indica\u00e7\u00f5es<br \/>\n<\/b><\/span><span style=\"color: #212121;\">Hipersensibilidade conhecida a qualquer componente da f\u00f3rmula,glaucoma.<\/span><\/p>\n<p class=\"western\"><span style=\"color: #212121;\"><b>Advert\u00eancias e precau\u00e7\u00f5es especiais<br \/>\n<\/b><\/span><span style=\"color: #212121;\">OFTOXANE \u00e9 embalada em condi\u00e7\u00f5es est\u00e9reis. Para evitar a contamina\u00e7\u00e3o deve ser cuidado para n\u00e3o tocar as p\u00e1lpebras, c\u00edlios e \u00e1reas adjacentes ou qualquer outra superf\u00edcie com a ponta da garrafa. Mantenha o frasco conta-gotas e dispensador de garrafa cuidadosamente fechado.<\/span><\/p>\n<p class=\"western\"><span style=\"color: #212121;\"><b>PRECAU\u00c7\u00d5ES<br \/>\n<\/b><\/span><span style=\"color: #212121;\">Tal como se acontece com outros antibi\u00f3ticos, o uso prolongado pode resultar em crescimento excessivo de organismos n\u00e3o suscept\u00edveis, incluindo fungos. Recomenda-se examinar periodicamente o paciente. Ele deve interromper o uso do produto, ao primeiro sinal de rea\u00e7\u00e3o de hipersensibilidade erup\u00e7\u00e3o cut\u00e2nea ou outra.<\/span><\/p>\n<p class=\"western\"><span style=\"color: #212121;\">Deve ser considerada a posibilidade de infec\u00e7\u00f5es f\u00fangicas persistente da c\u00f3rnea ap\u00f3s um tratamento prolongado com corticoides. A utiliza\u00e7\u00e3o prolongada de dexametasona pode resultar em opacidade do cristalino (catarata), aumento da press\u00e3o intra-ocular em pacientes sens\u00edveis e infec\u00e7\u00f5es secund\u00e1rias.<\/span><\/p>\n<p class=\"western\"><span style=\"color: #212121;\">Os propriet\u00e1rios dos animais devem ser instru\u00eddos a lidar correctamente com o pico da garrafa evitando o contato com o olho e estruturas adjacentes ou qualquer outra superf\u00edcie. Os propriet\u00e1rios de animais devem ser informados que o tratamento inadequado da garrafa pode contaminar causando infec\u00e7\u00f5es oculares. O uso de produtos contaminados pode causar s\u00e9rios danos aos olhos<\/span><\/p>\n<p class=\"western\"><span style=\"color: #212121;\"><b>REA\u00c7\u00d5ES ADVERSAS<br \/>\n<\/b><\/span><span style=\"color: #212121;\">As reac\u00e7\u00f5es adversas t\u00eam sido relatadas raramente ocorrem com f\u00e1rmacos que associam um ester\u00f3ide e um agente anti-infeccioso, que pode ser atribu\u00eddo ao componente ester\u00f3ide, ao componente anti-infeccioso, ou a combina\u00e7\u00e3o de ambos. Hipersensibilidade e toxicidade ocular localizada (coceira e incha\u00e7o da p\u00e1lpebra e eritema conjuntival raramente ocorrem. A rea\u00e7\u00e3o adversa mais comum foi ardor e desconforto local ..<\/span><\/p>\n<p class=\"western\"><span style=\"color: #212121;\">As rea\u00e7\u00f5es devidas ao componente ester\u00f3ide s\u00e3o: hipertens\u00e3o intra-ocular<\/span><\/p>\n<p class=\"western\"><span style=\"color: #212121;\"><b>DOSAGEM<br \/>\n<\/b><\/span><span style=\"color: #212121;\">Dose ovelhas, cavalos e gado: Pulverizar os tecidos lesados \u200b\u200be \u00e1reas circundantes. Pulverizar o olho afetado a cada 8 horas por 3 dias ou de acordo com os crit\u00e9rios do veterin\u00e1rio<\/span><\/p>\n<p class=\"western\"><span style=\"color: #212121;\">Caninos, felinos: 2 a 3 gotas em cada olho afetado, tr\u00eas vezes por dia<\/span><\/p>\n<p class=\"western\"><span style=\"color: #212121;\">Intervalo entre as doses: 3 dias ou de acordo com crit\u00e9rios do veterin\u00e1rio<\/span><\/p>\n<p class=\"western\"><span style=\"color: #212121;\"><b>APRESENTA\u00c7\u00c3O:<br \/>\n<\/b><\/span><span style=\"color: #212121;\">solu\u00e7\u00e3o frasco conta-gotas est\u00e9ril Pet com tampa de rosca inviol\u00e1vel. Frasco contendo 5, 10, 15 e 30 ml de prospecto e caixa de solu\u00e7\u00e3o.<\/span><\/p>\n<p class=\"western\"><span style=\"color: #212121;\">garrafa de PET contendo v\u00e1lvula de atomiza\u00e7\u00e3o 30, 60, 100, 250 e 500 ml<\/span><\/p>\n<p class=\"western\"><strong><span style=\"color: #212121;\">Armazenamento<br \/>\n<\/span><\/strong><span style=\"color: #212121;\">CONDI\u00c7\u00d5ES: Armazenar a temperatura abaixo de 35 \u00b0 C.<br \/>\n<\/span><span style=\"color: #212121;\">Depois da primeira abertura, pela primeira vez, utiliz\u00e1-lo dentro de 4 semanas.<br \/>\n<\/span><span style=\"color: #212121;\">Manter os medicamentos fora do alcance das crian\u00e7as.<\/span><\/p>\n<p class=\"western\"><span style=\"color: #212121;\">Reg MGAP A 4907<\/span><\/p>\n","protected":false},"excerpt":{"rendered":"<p>Gentamicina Sulfato 300 mg Nafazolina Clorhidrato 50 mg Dexametasona 21 fosfato 100 mg Cloruro de benzalconio 0.01 gr Agua destilada csp 100 ml<\/p>\n","protected":false},"featured_media":1338,"comment_status":"open","ping_status":"closed","template":"","meta":[],"product_cat":[604,563],"product_tag":[],"class_list":["post-469","product","type-product","status-publish","has-post-thumbnail","hentry","product_cat-produtos-a-z","product_cat-oftalmologicos-pt-br","thumb-has-effect","prod-rating-off"],"acf":[],"aioseo_notices":[],"_links":{"self":[{"href":"https:\/\/laboratoriounimedical.com\/pt-br\/wp-json\/wp\/v2\/product\/469","targetHints":{"allow":["GET"]}}],"collection":[{"href":"https:\/\/laboratoriounimedical.com\/pt-br\/wp-json\/wp\/v2\/product"}],"about":[{"href":"https:\/\/laboratoriounimedical.com\/pt-br\/wp-json\/wp\/v2\/types\/product"}],"replies":[{"embeddable":true,"href":"https:\/\/laboratoriounimedical.com\/pt-br\/wp-json\/wp\/v2\/comments?post=469"}],"wp:featuredmedia":[{"embeddable":true,"href":"https:\/\/laboratoriounimedical.com\/pt-br\/wp-json\/wp\/v2\/media\/1338"}],"wp:attachment":[{"href":"https:\/\/laboratoriounimedical.com\/pt-br\/wp-json\/wp\/v2\/media?parent=469"}],"wp:term":[{"taxonomy":"product_cat","embeddable":true,"href":"https:\/\/laboratoriounimedical.com\/pt-br\/wp-json\/wp\/v2\/product_cat?post=469"},{"taxonomy":"product_tag","embeddable":true,"href":"https:\/\/laboratoriounimedical.com\/pt-br\/wp-json\/wp\/v2\/product_tag?post=469"}],"curies":[{"name":"wp","href":"https:\/\/api.w.org\/{rel}","templated":true}]}}