{"id":471,"date":"2023-07-30T14:56:57","date_gmt":"2023-07-30T17:56:57","guid":{"rendered":"https:\/\/laboratoriounimedical.com\/producto\/otoderm-gotas\/"},"modified":"2023-11-28T16:20:22","modified_gmt":"2023-11-28T19:20:22","slug":"otoderm-gotas","status":"publish","type":"product","link":"https:\/\/laboratoriounimedical.com\/pt-br\/producto\/otoderm-gotas\/","title":{"rendered":"Otoderm Gotas"},"content":{"rendered":"<p class=\"western\" style=\"text-align: center;\"><span style=\"color: #212121;\"><b>Solu\u00e7\u00e3o otol\u00f3gica e dermatol\u00f3gica para c\u00e3es e gatos. Uso externo.<\/b><\/span><\/p>\n<p class=\"western\"><span style=\"color: #212121;\">Otoderm gotas \u00e9 baseada numa solu\u00e7\u00e3o poderosa de Tiabendazol, sulfato de neomicina e acetonida de triancinolona.<br \/>\n<\/span><span style=\"color: #212121;\">Foi testado extensivamente a efic\u00e1cia do tiabendazol como fungicida de largo espectro.<br \/>\n<\/span><span style=\"color: #212121;\">S<\/span><span style=\"color: #212121;\">ulfato de neomicina \u00e9 um antibi\u00f3tico de largo espectro conhecido de primera escolha para as condi\u00e7\u00f5es da pele e \u00f3tica contra bact\u00e9rias gram-negativas e gram-positivas.<br \/>\n<\/span><span style=\"color: #212121;\">A acet\u00f3nida de triancinolona \u00e9 um elemento muito \u00fatil deste tipo de patologia, tanto para otite externa aguda como dermatite, uma vez que diminui a inflama\u00e7\u00e3o e conseq\u00fcente dor e coceira, praticamente n\u00e3o absorvida ao n\u00edvel da pele.<\/span><\/p>\n<p class=\"western\"><span style=\"color: #212121;\"><b>F\u00f3rmula | Cada 100 ml cont\u00e9m:<br \/>\n<\/b><\/span><span style=\"color: #212121;\">Tiabendazole\u2026\u2026\u2026\u2026\u2026\u2026\u2026\u2026\u2026\u2026\u2026.4,0 grs<br \/>\n<\/span><span style=\"color: #212121;\">Neomicina base (como sulfato)\u2026\u2026\u2026..0,349 grs<br \/>\n<\/span><span style=\"color: #212121;\">Acetonida de triamcinolona\u2026\u2026\u2026\u2026\u2026.0,10 grs<\/span><\/p>\n<p class=\"western\"><strong><span style=\"color: #212121;\">Indica\u00e7\u00f5es \/ Usos:<br \/>\n<\/span><\/strong><span style=\"color: #212121;\">Otite externa bacteriana ou f\u00fangica, em c\u00e3es e gatos, quer cr\u00f3nicas ou agudas.<br \/>\n<\/span><span style=\"color: #212121;\">Dermatite etiologia bacteriana ou f\u00fangica<\/span><\/p>\n<p class=\"western\"><span style=\"color: #212121;\"><b>Administra\u00e7\u00e3o e dosagem<\/b><\/span><span style=\"color: #212121;\">:<br \/>\n<\/span><span style=\"color: #212121;\">Uso externo.<br \/>\n<\/span><span style=\"color: #212121;\">A otite externa: primeiro remover o material existente do canal auditivo, em seguida, aplicar 5 gotas no canal auditivo 2 vezes ao dia.<br \/>\n<\/span><span style=\"color: #212121;\">Dermatite cut\u00e2nea: 3 a 5 gotas por 10 cm2 de les\u00e3o de pele 2 vezes ao dia.<br \/>\n<\/span><span style=\"color: #212121;\">Em qualquer caso o tratamento deve ser alargado para dois dias ap\u00f3s a remiss\u00e3o completa dos sintomas.<\/span><\/p>\n<p class=\"western\"><span style=\"color: #212121;\"><b>Contra-indica\u00e7\u00f5es \/ precau\u00e7\u00f5es:<br \/>\n<\/b><\/span><span style=\"color: #212121;\">Nenhum.<\/span><\/p>\n<p class=\"western\"><span style=\"color: #212121;\"><b>Apresenta\u00e7\u00e3o:<br \/>\n<\/b><\/span><span style=\"color: #212121;\">Caixa contendo 15,0 ml garrafa conta-gotas..<\/span><\/p>\n<p class=\"western\"><span style=\"color: #212121;\">Manter entre 5 \u00b0 C e 35 \u00b0 C.<br \/>\n<\/span><span style=\"color: #212121;\">Manter afastado de luz solar directa, humidade e calor.<\/span><\/p>\n<p class=\"western\"><span style=\"color: #212121;\">Registro Minist\u00e9rio de Pecu\u00e1ria, Agricultura e Pesca (Uruguai \ud83d\ude42 A 1758<\/span><\/p>\n","protected":false},"excerpt":{"rendered":"<p>Tiabendazole 4,0 grs Neomicina base (como sulfato) 0,349 grs Acetonida de triamcinolona 0,10 grs<\/p>\n","protected":false},"featured_media":1335,"comment_status":"open","ping_status":"closed","template":"","meta":[],"product_cat":[604,564],"product_tag":[],"class_list":["post-471","product","type-product","status-publish","has-post-thumbnail","hentry","product_cat-produtos-a-z","product_cat-otica-e-dermatologicos","thumb-has-effect","prod-rating-off"],"acf":[],"aioseo_notices":[],"_links":{"self":[{"href":"https:\/\/laboratoriounimedical.com\/pt-br\/wp-json\/wp\/v2\/product\/471","targetHints":{"allow":["GET"]}}],"collection":[{"href":"https:\/\/laboratoriounimedical.com\/pt-br\/wp-json\/wp\/v2\/product"}],"about":[{"href":"https:\/\/laboratoriounimedical.com\/pt-br\/wp-json\/wp\/v2\/types\/product"}],"replies":[{"embeddable":true,"href":"https:\/\/laboratoriounimedical.com\/pt-br\/wp-json\/wp\/v2\/comments?post=471"}],"wp:featuredmedia":[{"embeddable":true,"href":"https:\/\/laboratoriounimedical.com\/pt-br\/wp-json\/wp\/v2\/media\/1335"}],"wp:attachment":[{"href":"https:\/\/laboratoriounimedical.com\/pt-br\/wp-json\/wp\/v2\/media?parent=471"}],"wp:term":[{"taxonomy":"product_cat","embeddable":true,"href":"https:\/\/laboratoriounimedical.com\/pt-br\/wp-json\/wp\/v2\/product_cat?post=471"},{"taxonomy":"product_tag","embeddable":true,"href":"https:\/\/laboratoriounimedical.com\/pt-br\/wp-json\/wp\/v2\/product_tag?post=471"}],"curies":[{"name":"wp","href":"https:\/\/api.w.org\/{rel}","templated":true}]}}