{"id":473,"date":"2023-08-01T15:00:17","date_gmt":"2023-08-01T18:00:17","guid":{"rendered":"https:\/\/laboratoriounimedical.com\/producto\/predniderm-crema\/"},"modified":"2023-11-28T16:22:33","modified_gmt":"2023-11-28T19:22:33","slug":"predniderm-crema","status":"publish","type":"product","link":"https:\/\/laboratoriounimedical.com\/pt-br\/producto\/predniderm-crema\/","title":{"rendered":"Predniderm Crema"},"content":{"rendered":"<p class=\"western\" style=\"text-align: center;\"><span style=\"color: #212121;\"><b>Anti-bacteriano, anti-inflamat\u00f3rio para c\u00e3es, gatos e Equinos<\/b><\/span><\/p>\n<p class=\"western\"><span style=\"color: #212121;\"><b>F\u00f3rmula | Cada 100 g cont\u00e9m:<br \/>\n<\/b><\/span><span style=\"color: #212121;\">Cefalexina monohidrato.1,0 gr<br \/>\n<\/span><span style=\"color: #212121;\">Neomicina sulfato\u2026\u2026..1,5 gr<br \/>\n<\/span><span style=\"color: #212121;\">Prednisolona\u2026\u2026\u2026\u2026.0,25 gr<br \/>\n<\/span><span style=\"color: #212121;\">Excipientes c.s.p\u2026\u2026100,0 gr<\/span><\/p>\n<p class=\"western\"><span style=\"color: #212121;\"><b>Indica\u00e7\u00f5es \/ Usos:<br \/>\n<\/b><\/span><span style=\"color: #212121;\">Para o tratamento das infec\u00e7\u00f5es inflamat\u00f3rias ou de prurido na pele e da orelha.\u00a0<\/span><span style=\"color: #212121;\"><b>Administra\u00e7\u00e3o e dosagem:<br \/>\n<\/b><\/span><span style=\"color: #212121;\">Medica\u00e7\u00e3o t\u00f3pica.<br \/>\n<\/span><span style=\"color: #212121;\">Tratar o ferimento com uma quantidade suficiente. Repita a cada 12 horas at\u00e9 a cura.<\/span><\/p>\n<p class=\"western\"><span style=\"color: #212121;\"><b>Contra-indica\u00e7\u00f5es \/ precau\u00e7\u00f5es:<br \/>\n<\/b><\/span><span style=\"color: #212121;\">Espaciar o uso em femeas prenhas.<\/span><\/p>\n<p class=\"western\"><span style=\"color: #212121;\"><b>Apresenta\u00e7\u00e3o:<br \/>\n<\/b><\/span><span style=\"color: #212121;\">Caixa com tubo contendo 15 gr.<\/span><\/p>\n<p class=\"western\"><span style=\"color: #212121;\">Mantenha entre 5 \u00b0 C. e 35 graus c.<br \/>\n<\/span><span style=\"color: #212121;\">Manter afastado de luz solar directa, humidade e calor.<\/span><\/p>\n<p class=\"western\"><span style=\"color: #212121;\">Registro Minist\u00e9rio da Pecu\u00e1ria, Agricultura e Pesca (Uruguai): A 1996<\/span><\/p>\n","protected":false},"excerpt":{"rendered":"<p>Anti-bacteriano, anti-inflamat\u00f3rio para c\u00e3es, gatos e Equinos F\u00f3rmula | Cada 100 g cont\u00e9m: Cefalexina monohidrato.1,0 gr Neomicina sulfato\u2026\u2026..1,5 gr Prednisolona\u2026\u2026\u2026\u2026.0,25 gr Excipientes c.s.p\u2026\u2026100,0 gr Indica\u00e7\u00f5es \/ Usos: Para o tratamento das infec\u00e7\u00f5es inflamat\u00f3rias ou de prurido na pele e da orelha.\u00a0Administra\u00e7\u00e3o e dosagem: Medica\u00e7\u00e3o t\u00f3pica. Tratar o ferimento com uma quantidade suficiente. Repita a cada 12 horas at\u00e9 a cura.&hellip;<\/p>\n","protected":false},"featured_media":1347,"comment_status":"open","ping_status":"closed","template":"","meta":[],"product_cat":[604,564],"product_tag":[],"class_list":["post-473","product","type-product","status-publish","has-post-thumbnail","hentry","product_cat-produtos-a-z","product_cat-otica-e-dermatologicos","thumb-has-effect","prod-rating-off"],"acf":[],"aioseo_notices":[],"_links":{"self":[{"href":"https:\/\/laboratoriounimedical.com\/pt-br\/wp-json\/wp\/v2\/product\/473","targetHints":{"allow":["GET"]}}],"collection":[{"href":"https:\/\/laboratoriounimedical.com\/pt-br\/wp-json\/wp\/v2\/product"}],"about":[{"href":"https:\/\/laboratoriounimedical.com\/pt-br\/wp-json\/wp\/v2\/types\/product"}],"replies":[{"embeddable":true,"href":"https:\/\/laboratoriounimedical.com\/pt-br\/wp-json\/wp\/v2\/comments?post=473"}],"wp:featuredmedia":[{"embeddable":true,"href":"https:\/\/laboratoriounimedical.com\/pt-br\/wp-json\/wp\/v2\/media\/1347"}],"wp:attachment":[{"href":"https:\/\/laboratoriounimedical.com\/pt-br\/wp-json\/wp\/v2\/media?parent=473"}],"wp:term":[{"taxonomy":"product_cat","embeddable":true,"href":"https:\/\/laboratoriounimedical.com\/pt-br\/wp-json\/wp\/v2\/product_cat?post=473"},{"taxonomy":"product_tag","embeddable":true,"href":"https:\/\/laboratoriounimedical.com\/pt-br\/wp-json\/wp\/v2\/product_tag?post=473"}],"curies":[{"name":"wp","href":"https:\/\/api.w.org\/{rel}","templated":true}]}}