{"id":475,"date":"2023-08-04T15:02:55","date_gmt":"2023-08-04T18:02:55","guid":{"rendered":"https:\/\/laboratoriounimedical.com\/producto\/sarnil-ces-inyectable\/"},"modified":"2023-11-28T16:27:20","modified_gmt":"2023-11-28T19:27:20","slug":"sarnil-ces-inyectable","status":"publish","type":"product","link":"https:\/\/laboratoriounimedical.com\/pt-br\/producto\/sarnil-ces-inyectable\/","title":{"rendered":"Sarnil Ces Inyectable"},"content":{"rendered":"<p class=\"western\"><span style=\"color: #212121;\"><b>F\u00f3rmula | Cada ml cont\u00e9m:<br \/>\n<\/b><\/span><span style=\"color: #212121;\">Ivermectina\u2026\u2026\u2026\u2026\u2026..3.6 mg<br \/>\n<\/span><span style=\"color: #212121;\">Praziquantel\u2026\u2026\u2026\u2026\u2026.60 mg<\/span><\/p>\n<p class=\"western\"><span style=\"color: #212121;\"><b>indica\u00e7\u00f5es<br \/>\n<\/b><\/span><span style=\"color: #212121;\">Antiparasit\u00e1rio de amplo espectro endectocida parenteral age sobre nemat\u00f3ides, vermes (Echinococcus granulosus incluindo t\u00eania) sarna demod\u00e9cica otoedrica e sarc\u00f3ptica e carrapatos.<\/span><\/p>\n<p class=\"western\"><span style=\"color: #212121;\"><b>Contra-indica\u00e7\u00f5es<br \/>\n<\/b><\/span><span style=\"color: #212121;\">a utiliza\u00e7\u00e3o deste produto n\u00e3o \u00e9 recomendado para animais com menos de 6 semanas de idade.<br \/>\n<\/span><span style=\"color: #212121;\">N\u00e3o utilizar em c\u00e3es da ra\u00e7a Beagle, Collie, patas brancas, pastores ingleses e seus mesti\u00e7os precau\u00e7\u00e3o estas ra\u00e7as s\u00e3o mais sens\u00edveis a sofrer sintomas t\u00f3xicos com doses mais baixas<br \/>\n<\/span><span style=\"color: #212121;\">A administra\u00e7\u00e3o do medicamento pode ser dolorosa por isso \u00e9 recomendada a conten\u00e7\u00e3o adequada do animal e considerar a aplica\u00e7\u00e3o pr\u00e9via de um anest\u00e9sico local pelo veterin\u00e1rio respons\u00e1vel<\/span><\/p>\n<p class=\"western\"><span style=\"color: #212121;\"><b>Dose<br \/>\n<\/b><\/span><span style=\"color: #212121;\">Em c\u00e3es, a dose \u00e9 de 1 ml por via subcut\u00e2nea a cada 12 kg (ivermectina 0,3 mg \/ kg Praziquantel 5mg \/ kg).<br \/>\n<\/span><span style=\"color: #212121;\">Se o tratamento for de sarna repetir a cada 14 dias mantendo o tratamento resta at\u00e9 a remiss\u00e3o dos sintomas que \u00e9 de 4 a 6 semanas ou at\u00e9 a remiss\u00e3o dos sintomas .A dura\u00e7\u00e3o do tratamento deve ser avaliado pelo veterin\u00e1rio respons\u00e1vel dependendo dos resultados terap\u00eauticos<br \/>\n<\/span><span style=\"color: #212121;\">em caso de tratamento por nem\u00e1todos e t\u00e9nias a dose \u00e9 de 1 ml por via subcut\u00e2nea a cada 12 kg peso (ivermectina 0,3 mg \/ kg Praziquantel 5 mg \/ kg unica veis\u00a0<\/span><span style=\"color: #212121;\">uso profissional<\/span><\/p>\n<p class=\"western\"><span style=\"color: #212121;\">Armazenar entre 5 35\u00aaC<\/span><\/p>\n<p class=\"western\"><span style=\"color: #212121;\">Reg MGAP A 4767<\/span><\/p>\n","protected":false},"excerpt":{"rendered":"<p>Ivermectina 3.6 mg Praziquantel 60 mg<\/p>\n","protected":false},"featured_media":1356,"comment_status":"open","ping_status":"closed","template":"","meta":[],"product_cat":[604,557],"product_tag":[],"class_list":["post-475","product","type-product","status-publish","has-post-thumbnail","hentry","product_cat-produtos-a-z","product_cat-antiparasitarios-externos-pt-br","thumb-has-effect","prod-rating-off"],"acf":[],"aioseo_notices":[],"_links":{"self":[{"href":"https:\/\/laboratoriounimedical.com\/pt-br\/wp-json\/wp\/v2\/product\/475","targetHints":{"allow":["GET"]}}],"collection":[{"href":"https:\/\/laboratoriounimedical.com\/pt-br\/wp-json\/wp\/v2\/product"}],"about":[{"href":"https:\/\/laboratoriounimedical.com\/pt-br\/wp-json\/wp\/v2\/types\/product"}],"replies":[{"embeddable":true,"href":"https:\/\/laboratoriounimedical.com\/pt-br\/wp-json\/wp\/v2\/comments?post=475"}],"wp:featuredmedia":[{"embeddable":true,"href":"https:\/\/laboratoriounimedical.com\/pt-br\/wp-json\/wp\/v2\/media\/1356"}],"wp:attachment":[{"href":"https:\/\/laboratoriounimedical.com\/pt-br\/wp-json\/wp\/v2\/media?parent=475"}],"wp:term":[{"taxonomy":"product_cat","embeddable":true,"href":"https:\/\/laboratoriounimedical.com\/pt-br\/wp-json\/wp\/v2\/product_cat?post=475"},{"taxonomy":"product_tag","embeddable":true,"href":"https:\/\/laboratoriounimedical.com\/pt-br\/wp-json\/wp\/v2\/product_tag?post=475"}],"curies":[{"name":"wp","href":"https:\/\/api.w.org\/{rel}","templated":true}]}}