{"id":477,"date":"2023-08-05T15:04:51","date_gmt":"2023-08-05T18:04:51","guid":{"rendered":"https:\/\/laboratoriounimedical.com\/producto\/sarnil-crema\/"},"modified":"2023-11-28T16:28:06","modified_gmt":"2023-11-28T19:28:06","slug":"sarnil-crema","status":"publish","type":"product","link":"https:\/\/laboratoriounimedical.com\/pt-br\/producto\/sarnil-crema\/","title":{"rendered":"Sarnil Crema"},"content":{"rendered":"<p class=\"western\"><span style=\"color: #212121;\"><b>Sarnicida ectoparasiticida<br \/>\n<\/b><\/span><span style=\"color: #212121; line-height: 1.5;\">A ivermectina \u00e9 endo ectp\u00e0rasiticida eficaz e seu modo de ac\u00e7\u00e3o \u00e9 o resultado do aumento da libera\u00e7\u00e3o de \u00e1cido gama aminobut\u00edrico(GABA) e conjuga\u00e7\u00e3o refor\u00e7ada GABA em seus receptores pos-sinaticos, levando \u00e0 consequente abertura de canais i\u00f4nico cloruros e a redu\u00e7\u00e3o da fun\u00e7\u00e3o das c\u00e9lulas. No entanto, h\u00e1 provas suficientes de que a ivermectina tamb\u00e9m afeta canais de cloreto independentes de GABA.<\/span><\/p>\n<p class=\"western\"><span style=\"color: #212121;\"><b>FORMULA | Cada 100 g cont\u00e9m:<br \/>\n<\/b><\/span><span style=\"color: #212121;\">Ivermectina &#8230;&#8230;&#8230;&#8230;&#8230;&#8230;&#8230; .0.4gr<\/span><\/p>\n<p class=\"western\"><span style=\"color: #212121;\"><b>INDICA\u00c7\u00d5ES<br \/>\n<\/b><\/span><span style=\"color: #212121;\">Utiliza\u00e7\u00e3o em c\u00e3es e gatos<br \/>\n<\/span><span style=\"color: #212121;\">Antiparasitas, Ectoparasiticida acaricida sarnicida externo indicado para o tratamento e controle da sarna causada por \u00e1caros em c\u00e3es e gatos sendo estas altamente contagiosas.<br \/>\n<\/span><span style=\"color: #212121;\">Se convivem outros animais com o animal afectado, recomenda-se mant\u00ea-lo isolado. De escolha quando as les\u00f5es s\u00e3o pequenas no caso de parasitose mais intensa tratamento sist\u00e9mico \u00e9 recomendado.<\/span><\/p>\n<p class=\"western\"><span style=\"color: #212121;\"><b>DOSE<br \/>\n<\/b><\/span><span style=\"color: #212121;\">A utiliza\u00e7\u00e3o deste produto n\u00e3o \u00e9 recomendado para animais com menos de 6 semanas de idade. N\u00e3o utilizar em c\u00e3es pastores ingleses e seus cruzamentos Beagle, Collie, patas brancas precau\u00e7\u00e3o estas ra\u00e7as s\u00e3o mais sens\u00edveis a sofrer sintomas t\u00f3xicos com doses mais baixas<\/span><\/p>\n<p class=\"western\"><span style=\"color: #212121;\">Em c\u00e3es: em caso de sarna aplique uma pequena quantidade no cabelo afetado, separar perfeitamente o cabelo do animal e aplicar o produto sobre a pele, em animais com muito cabelo deve-se raspar toda a \u00e1rea para melhor absor\u00e7\u00e3o do produto deve ser repetida a aplica\u00e7\u00e3o a cada 7 dias e continuar at\u00e9 a remiss\u00e3o dos sintomas.<br \/>\n<\/span><span style=\"color: #212121;\">Estimadose m\u00e1ximo total de 6 aplica\u00e7\u00f5es .O n\u00famero total de aplica\u00e7oes est\u00e1 sob considera\u00e7\u00e3o do veterin\u00e1rio porque varia em fun\u00e7\u00e3o do caso.<\/span><\/p>\n<p class=\"western\"><span style=\"color: #212121;\">Em gatos: em caso de otodectes cynotis aplique uma pequena quantidade na zona afectada. En todos os casos evitar o animal lamber ou inadvertidamente ingerir<\/span><\/p>\n<p class=\"western\"><span style=\"color: #212121;\">Mantenha entre 5 e 35 C<\/span><\/p>\n<p class=\"western\"><span style=\"color: #212121;\">Reg MGAP 4766 A-<\/span><\/p>\n","protected":false},"excerpt":{"rendered":"<p>Ivermectina 0.4gr<\/p>\n","protected":false},"featured_media":1362,"comment_status":"open","ping_status":"closed","template":"","meta":[],"product_cat":[604,557],"product_tag":[],"class_list":["post-477","product","type-product","status-publish","has-post-thumbnail","hentry","product_cat-produtos-a-z","product_cat-antiparasitarios-externos-pt-br","thumb-has-effect","prod-rating-off"],"acf":[],"aioseo_notices":[],"_links":{"self":[{"href":"https:\/\/laboratoriounimedical.com\/pt-br\/wp-json\/wp\/v2\/product\/477","targetHints":{"allow":["GET"]}}],"collection":[{"href":"https:\/\/laboratoriounimedical.com\/pt-br\/wp-json\/wp\/v2\/product"}],"about":[{"href":"https:\/\/laboratoriounimedical.com\/pt-br\/wp-json\/wp\/v2\/types\/product"}],"replies":[{"embeddable":true,"href":"https:\/\/laboratoriounimedical.com\/pt-br\/wp-json\/wp\/v2\/comments?post=477"}],"wp:featuredmedia":[{"embeddable":true,"href":"https:\/\/laboratoriounimedical.com\/pt-br\/wp-json\/wp\/v2\/media\/1362"}],"wp:attachment":[{"href":"https:\/\/laboratoriounimedical.com\/pt-br\/wp-json\/wp\/v2\/media?parent=477"}],"wp:term":[{"taxonomy":"product_cat","embeddable":true,"href":"https:\/\/laboratoriounimedical.com\/pt-br\/wp-json\/wp\/v2\/product_cat?post=477"},{"taxonomy":"product_tag","embeddable":true,"href":"https:\/\/laboratoriounimedical.com\/pt-br\/wp-json\/wp\/v2\/product_tag?post=477"}],"curies":[{"name":"wp","href":"https:\/\/api.w.org\/{rel}","templated":true}]}}