{"id":479,"date":"2023-08-06T15:06:34","date_gmt":"2023-08-06T18:06:34","guid":{"rendered":"https:\/\/laboratoriounimedical.com\/producto\/sarnil-jabon\/"},"modified":"2023-11-28T16:28:30","modified_gmt":"2023-11-28T19:28:30","slug":"sarnil-jabon","status":"publish","type":"product","link":"https:\/\/laboratoriounimedical.com\/pt-br\/producto\/sarnil-jabon\/","title":{"rendered":"Sarnil Jab\u00f3n"},"content":{"rendered":"<p class=\"western\" style=\"text-align: center;\"><span style=\"color: #212121;\"><b>Ectoparasiticida Sarnicida<\/b><\/span><\/p>\n<p class=\"western\"><span style=\"color: #212121;\"><b>FORMULA | Cada 100 g cont\u00e9m:<br \/>\n<\/b><\/span><span style=\"color: #212121;\">Ivermectina &#8230;&#8230;&#8230;&#8230;&#8230;&#8230;&#8230;. 1g<\/span><\/p>\n<p class=\"western\"><span style=\"color: #212121;\"><b>INDICA\u00c7\u00d5ES<br \/>\n<\/b><\/span><span style=\"color: #212121;\">Utiliza\u00e7\u00e3o em c\u00e3es e gatos<br \/>\n<\/span><span style=\"color: #212121;\">Antiparasitas, Ectoparasiticida acaricida sarnicida externo indicado para o tratamento e controle da sarna causada por \u00e1caros em c\u00e3es e gatos sendo estas altamente contagiosas.<br \/>\n<\/span><span style=\"color: #212121;\">Se convivem outros animais com o animal afectado, recomenda-se mant\u00ea-lo isolado. De escolha quando as les\u00f5es s\u00e3o pequenas no caso de parasitose mais intensa tratamento sist\u00e9mico \u00e9 recomendado.<\/span><\/p>\n<p class=\"western\"><span style=\"color: #212121;\"><b>DOSE<br \/>\n<\/b><\/span><span style=\"color: #212121;\">A utiliza\u00e7\u00e3o deste produto n\u00e3o \u00e9 recomendado para animais com menos de 6 semanas de idade.<br \/>\n<\/span><span style=\"color: #212121;\">No caso de sarna canina deve aplicar-se um banho energ\u00e9tico permitindo que o produto se encontre em contacto com a pele pelo menos 5 minutos. Na \u00e1rea afetada separar perfeitamente os p\u00ealos do animal, em animais com muito p\u00ealo raspar toda a \u00e1rea para conseguir uma melhor absor\u00e7\u00e3o do produto deve reaplicar a cada 7 dias e continuar at\u00e9 a remiss\u00e3o dos sintomas. Estimadose um total de 6 aplica\u00e7\u00f5es m\u00e1ximos. O n\u00famero total de aplica\u00e7\u00f5es est\u00e1 sob considera\u00e7\u00e3o pelo veterin\u00e1rio porque o n\u00famero de aplica\u00e7\u00f5es varia em fun\u00e7\u00e3o do caso.<\/span><\/p>\n<p class=\"western\"><span style=\"color: #212121;\">Mantenha entre 5 e 35 C<\/span><\/p>\n<p class=\"western\"><span style=\"color: #212121;\">Reg MGAP 3155 A-<\/span><\/p>\n","protected":false},"excerpt":{"rendered":"<p>Ivermectina 1,0 gr<\/p>\n","protected":false},"featured_media":1359,"comment_status":"open","ping_status":"closed","template":"","meta":[],"product_cat":[604,557],"product_tag":[],"class_list":["post-479","product","type-product","status-publish","has-post-thumbnail","hentry","product_cat-produtos-a-z","product_cat-antiparasitarios-externos-pt-br","thumb-has-effect","prod-rating-off"],"acf":[],"aioseo_notices":[],"_links":{"self":[{"href":"https:\/\/laboratoriounimedical.com\/pt-br\/wp-json\/wp\/v2\/product\/479","targetHints":{"allow":["GET"]}}],"collection":[{"href":"https:\/\/laboratoriounimedical.com\/pt-br\/wp-json\/wp\/v2\/product"}],"about":[{"href":"https:\/\/laboratoriounimedical.com\/pt-br\/wp-json\/wp\/v2\/types\/product"}],"replies":[{"embeddable":true,"href":"https:\/\/laboratoriounimedical.com\/pt-br\/wp-json\/wp\/v2\/comments?post=479"}],"wp:featuredmedia":[{"embeddable":true,"href":"https:\/\/laboratoriounimedical.com\/pt-br\/wp-json\/wp\/v2\/media\/1359"}],"wp:attachment":[{"href":"https:\/\/laboratoriounimedical.com\/pt-br\/wp-json\/wp\/v2\/media?parent=479"}],"wp:term":[{"taxonomy":"product_cat","embeddable":true,"href":"https:\/\/laboratoriounimedical.com\/pt-br\/wp-json\/wp\/v2\/product_cat?post=479"},{"taxonomy":"product_tag","embeddable":true,"href":"https:\/\/laboratoriounimedical.com\/pt-br\/wp-json\/wp\/v2\/product_tag?post=479"}],"curies":[{"name":"wp","href":"https:\/\/api.w.org\/{rel}","templated":true}]}}