{"id":482,"date":"2023-08-08T10:36:00","date_gmt":"2023-08-08T13:36:00","guid":{"rendered":"https:\/\/laboratoriounimedical.com\/producto\/triamcort-inyectable\/"},"modified":"2023-11-28T16:29:10","modified_gmt":"2023-11-28T19:29:10","slug":"triamcort-inyectable","status":"publish","type":"product","link":"https:\/\/laboratoriounimedical.com\/pt-br\/producto\/triamcort-inyectable\/","title":{"rendered":"Triamcort Inyectable"},"content":{"rendered":"<p style=\"text-align: center;\"><strong>Antiflog\u00edstico, corticoide para Caninos, Felinos, Ovinos, Bovinos, Suinos, Equinos<\/strong><\/p>\n<p><strong>Triamcort Inyectable<\/strong>\u00a0es el corticoide de menos actividad retentiva de electrolitos.<\/p>\n<p><strong>F\u00f3rmula | Cada ml contiene:<\/strong><br \/>\nTriamcinolona acetonida&#8230;&#8230;&#8230;&#8230;&#8230;&#8230;&#8230;&#8230;6,0 mg<\/p>\n<p><strong>Indicaciones\/Usos:<\/strong><br \/>\n<span style=\"text-decoration: underline;\">En peque\u00f1os animales:<\/span><br \/>\nPrurito, Eczema agudo, Artritis, Celulitis, S\u00edndrome reumatoide, Hepatitis, Edema agudo, Edema cerebral, Procesos inflamatorios as\u00e9pticos, Inflamaci\u00f3n traum\u00e1tica, Queratitis, Blefaritis, Conjuntivitis.<br \/>\n<span style=\"text-decoration: underline;\">En grandes animales:<\/span><br \/>\nArtritis, Bursitis, Miositis, Tendosinovitis, Cetosis bovina, estr\u00e9s, procesos inflamatorios as\u00e9pticos, Fibrositis, esfuerzos musculares, Neuritis, etc.<\/p>\n<p><strong>Administraci\u00f3n y dosis:<\/strong><br \/>\nDosis orientativas.<br \/>\nV\u00eda S\/C &#8211; I\/M<br \/>\n<span style=\"text-decoration: underline;\">Caninos y Felinos:<\/span><br \/>\n1,0 ml cada 30\/60 kg<\/p>\n<p><span style=\"text-decoration: underline;\">Suinos y Ovinos:<\/span><br \/>\n3,0 a 6,0 ml<\/p>\n<p><span style=\"text-decoration: underline;\">Bovinos y Equinos:<\/span><br \/>\n3,0 a 6,0 ml<\/p>\n<p><strong>Contraindicaciones\/Precauciones:<\/strong><br \/>\nNo administrar en hembras en el ultimo tercio de la gestaci\u00f3n, en animales diab\u00e9ticos, con ulcera g\u00e1strica o corneal.<\/p>\n<p><strong>Presentaci\u00f3n:<\/strong><br \/>\nFrasco ampolla conteniendo 50,0 ml.<\/p>\n<p>Mantener entre 5\u00bac. y 35 \u00bac.<br \/>\nMantener alejado de la luz solar directa, la humedad y el calor.<br \/>\nRegistro Ministerio de Ganader\u00eda, Agricultura y Pesca (Uruguay):\u00a0<strong>A 2026<\/strong><\/p>\n","protected":false},"excerpt":{"rendered":"<p>Antiflog\u00edstico, corticoide para Caninos, Felinos, Ovinos, Bovinos, Suinos, Equinos Triamcort Inyectable\u00a0es el corticoide de menos actividad retentiva de electrolitos. F\u00f3rmula | Cada ml contiene: Triamcinolona acetonida&#8230;&#8230;&#8230;&#8230;&#8230;&#8230;&#8230;&#8230;6,0 mg Indicaciones\/Usos: En peque\u00f1os animales: Prurito, Eczema agudo, Artritis, Celulitis, S\u00edndrome reumatoide, Hepatitis, Edema agudo, Edema cerebral, Procesos inflamatorios as\u00e9pticos, Inflamaci\u00f3n traum\u00e1tica, Queratitis, Blefaritis, Conjuntivitis. En grandes animales: Artritis, Bursitis, Miositis, Tendosinovitis, Cetosis bovina,&hellip;<\/p>\n","protected":false},"featured_media":1368,"comment_status":"open","ping_status":"closed","template":"","meta":[],"product_cat":[604,555],"product_tag":[],"class_list":["post-482","product","type-product","status-publish","has-post-thumbnail","hentry","product_cat-produtos-a-z","product_cat-anti-inflamatorios","thumb-has-effect","prod-rating-off"],"acf":[],"aioseo_notices":[],"_links":{"self":[{"href":"https:\/\/laboratoriounimedical.com\/pt-br\/wp-json\/wp\/v2\/product\/482","targetHints":{"allow":["GET"]}}],"collection":[{"href":"https:\/\/laboratoriounimedical.com\/pt-br\/wp-json\/wp\/v2\/product"}],"about":[{"href":"https:\/\/laboratoriounimedical.com\/pt-br\/wp-json\/wp\/v2\/types\/product"}],"replies":[{"embeddable":true,"href":"https:\/\/laboratoriounimedical.com\/pt-br\/wp-json\/wp\/v2\/comments?post=482"}],"wp:featuredmedia":[{"embeddable":true,"href":"https:\/\/laboratoriounimedical.com\/pt-br\/wp-json\/wp\/v2\/media\/1368"}],"wp:attachment":[{"href":"https:\/\/laboratoriounimedical.com\/pt-br\/wp-json\/wp\/v2\/media?parent=482"}],"wp:term":[{"taxonomy":"product_cat","embeddable":true,"href":"https:\/\/laboratoriounimedical.com\/pt-br\/wp-json\/wp\/v2\/product_cat?post=482"},{"taxonomy":"product_tag","embeddable":true,"href":"https:\/\/laboratoriounimedical.com\/pt-br\/wp-json\/wp\/v2\/product_tag?post=482"}],"curies":[{"name":"wp","href":"https:\/\/api.w.org\/{rel}","templated":true}]}}