{"id":484,"date":"2023-08-14T10:39:49","date_gmt":"2023-08-14T13:39:49","guid":{"rendered":"https:\/\/laboratoriounimedical.com\/producto\/uniplus-suspension\/"},"modified":"2023-11-28T16:33:33","modified_gmt":"2023-11-28T19:33:33","slug":"uniplus-suspension","status":"publish","type":"product","link":"https:\/\/laboratoriounimedical.com\/pt-br\/producto\/uniplus-suspension\/","title":{"rendered":"Uniplus Suspensi\u00f3n"},"content":{"rendered":"<p class=\"western\" style=\"text-align: center;\"><span style=\"color: #212121;\"><b>Antiparasit\u00e1rio de espectro completo para Caninos e Felinos<\/b><\/span><\/p>\n<p class=\"western\"><span style=\"color: #212121;\">Uniplus suspens\u00e3o xarope foi especialmente desenvolvido com tr\u00eas medicamentos altamente eficazes que melhoram a sua efic\u00e1cia individual combinada.<br \/>\n<\/span><span style=\"color: #212121;\">Uniplus suspens\u00e3o xarope \u00e9 o \u00fanico anti-helm\u00edntico de amplo espectro (nemat\u00f3ides e cest\u00f3ides), incluindo E. granulosus ( t\u00e9nia hid\u00e1tica).<br \/>\n<\/span><span style=\"color: #212121;\">Especialmente indicado em Trichuariasis grave.<br \/>\n<\/span><span style=\"color: #212121;\">Eficaz para as formas maduras e imaturas de larvas de t\u00eania evitando migra\u00e7\u00f5es de larvas. \u00c9 altamente eficaz, segura e contem doses de drogas activas recomendadas para garantir a sua efic\u00e1cia.<br \/>\n<\/span><span style=\"color: #212121;\">\u00c9 \u00fatil para animais de campo em risco de infesta\u00e7\u00e3o por E. granulosus (t\u00e9nia hid\u00e1tico), administrado em dose \u00fanica contra todos os parasitas.<\/span><\/p>\n<p class=\"western\"><span style=\"color: #212121;\"><b>F\u00f3rmula | Cada ml de xarope cont\u00e9m suspens\u00e3o Uniplus:<br \/>\n<\/b><\/span><span style=\"color: #212121;\">base de pirantel (como pamoato) &#8230;&#8230;&#8230;&#8230;&#8230;&#8230;&#8230;&#8230;&#8230;&#8230; 50,0 mg<br \/>\n<\/span><span style=\"color: #212121;\">base de oxantel (como pamoato) &#8230;&#8230;&#8230;&#8230;&#8230;&#8230;&#8230;&#8230;&#8230;&#8230; 50,0 mg<br \/>\n<\/span><span style=\"color: #212121;\">praziquantel&#8230;&#8230;&#8230;&#8230;&#8230;&#8230;&#8230;&#8230;&#8230;&#8230;&#8230;&#8230;&#8230;&#8230;&#8230;&#8230;&#8230;&#8230;&#8230;&#8230;&#8230;. 50,0 mg<\/span><\/p>\n<p class=\"western\"><span style=\"color: #212121;\"><b>Indica\u00e7\u00f5es \/ Usos:<br \/>\n<\/b><\/span><span style=\"color: #212121;\">Parasitose causada por Ancylostoma caninum. Toxascaris leonina, Toxocara canis cati e. stenocephala Uncynaria, Dipilydium, Taenia pisiform, Taenia hydatigena, E. granulosus e contra todos os tipos de nemat\u00f3ides e cest\u00f3ides em c\u00e3es e gatos.<br \/>\n<\/span><span style=\"color: #212121;\">Pode ser administrado aos animais a partir de 3 semanas de idade.<br \/>\n<\/span><span style=\"color: #212121;\">Pode ser administrado a femeas gr\u00e1vidas ou em lacta\u00e7\u00e3o com mais de 20 dias de idade, sem qualquer contra-indica\u00e7\u00e3o.<br \/>\n<\/span><span style=\"color: #212121;\">\u00c9 especialmente adequado para a apresenta\u00e7\u00e3o para filhotes e animais, embora adultos, com muito pouco peso por causa de sua ra\u00e7a que facilita a dosagem.<\/span><\/p>\n<p class=\"western\"><span style=\"color: #212121;\"><b>Administra\u00e7\u00e3o e dosagem:<br \/>\n<\/b><\/span><span style=\"color: #212121;\">Uniplus suspens\u00e3o xarope de 1,0 ml \/ kg ou frac\u00e7\u00e3o.Uma dose \u00e9 suficiente para eliminar todos os tipos de parasitas. Tricur\u00edase Se for grave, recomenda-se repetir o tratamento durante 3 dias consecutivos.<br \/>\n<\/span><span style=\"color: #212121;\">N\u00e3o requer jejum pr\u00e9vio ou posterior e pode ser administrada com alimentos.<br \/>\n<\/span><span style=\"color: #212121;\">Ampla margem de seguran\u00e7a de 60 a 80 vezes a dose recomendada.<\/span><\/p>\n<p class=\"western\"><span style=\"color: #212121;\"><b>Contra-indica\u00e7\u00f5es \/ precau\u00e7\u00f5es:<br \/>\n<\/b><\/span><span style=\"color: #212121;\">Nenhuma<\/span><\/p>\n<p class=\"western\"><span style=\"color: #212121;\"><b>Apresenta\u00e7\u00e3o:<br \/>\n<\/b><\/span><span style=\"color: #212121;\">Caixa com frasco 15,0ml<\/span><\/p>\n<p class=\"western\"><span style=\"color: #212121;\">Manter entre 5 \u00b0 C e 35 \u00b0 C.<br \/>\n<\/span><span style=\"color: #212121;\">Manter afastado de luz solar directa, humidade e calor.<\/span><\/p>\n<p class=\"western\"><span style=\"color: #212121;\">Registro Minist\u00e9rio da Pecu\u00e1ria, Agricultura e Pesca (Uruguai): A 2143<\/span><\/p>\n","protected":false},"excerpt":{"rendered":"<p>Base de pirantel (como pamoato) 5,0 mg Base de oxantel (como pamoato) 5,0 mg Praziquantel 5,0 mg<\/p>\n","protected":false},"featured_media":1386,"comment_status":"open","ping_status":"closed","template":"","meta":[],"product_cat":[604,558],"product_tag":[],"class_list":["post-484","product","type-product","status-publish","has-post-thumbnail","hentry","product_cat-produtos-a-z","product_cat-antiparasitarios-internos-pt-br","thumb-has-effect","prod-rating-off"],"acf":[],"aioseo_notices":[],"_links":{"self":[{"href":"https:\/\/laboratoriounimedical.com\/pt-br\/wp-json\/wp\/v2\/product\/484","targetHints":{"allow":["GET"]}}],"collection":[{"href":"https:\/\/laboratoriounimedical.com\/pt-br\/wp-json\/wp\/v2\/product"}],"about":[{"href":"https:\/\/laboratoriounimedical.com\/pt-br\/wp-json\/wp\/v2\/types\/product"}],"replies":[{"embeddable":true,"href":"https:\/\/laboratoriounimedical.com\/pt-br\/wp-json\/wp\/v2\/comments?post=484"}],"wp:featuredmedia":[{"embeddable":true,"href":"https:\/\/laboratoriounimedical.com\/pt-br\/wp-json\/wp\/v2\/media\/1386"}],"wp:attachment":[{"href":"https:\/\/laboratoriounimedical.com\/pt-br\/wp-json\/wp\/v2\/media?parent=484"}],"wp:term":[{"taxonomy":"product_cat","embeddable":true,"href":"https:\/\/laboratoriounimedical.com\/pt-br\/wp-json\/wp\/v2\/product_cat?post=484"},{"taxonomy":"product_tag","embeddable":true,"href":"https:\/\/laboratoriounimedical.com\/pt-br\/wp-json\/wp\/v2\/product_tag?post=484"}],"curies":[{"name":"wp","href":"https:\/\/api.w.org\/{rel}","templated":true}]}}