{"id":489,"date":"2023-08-16T10:44:31","date_gmt":"2023-08-16T13:44:31","guid":{"rendered":"https:\/\/laboratoriounimedical.com\/producto\/unipramida-inyectable\/"},"modified":"2023-11-28T16:34:01","modified_gmt":"2023-11-28T19:34:01","slug":"unipramida-inyectable","status":"publish","type":"product","link":"https:\/\/laboratoriounimedical.com\/pt-br\/producto\/unipramida-inyectable\/","title":{"rendered":"Unipramida Inyectable"},"content":{"rendered":"<p class=\"western\"><span style=\"color: #212121;\"><b>Antiem\u00e9tico para c\u00e3es, gatos e cavalos.<\/b><\/span><\/p>\n<p class=\"western\"><span style=\"color: #212121;\">Antiem\u00e9tico para A Metoclorpramida Unipramida possui actividade antidopamin\u00e9rgica. Deprime a \u00e1rea de quimiorreceptores mas tamb\u00e9m promove a liberta\u00e7\u00e3o e aumenta a sensibilidade do m\u00fasculo liso visceral da acetilcolina.Gotas \u00e9 uma escolha antiem\u00e9tico e digestivo porque metoclopramida. Mecanismos de controle central tamb\u00e9m podem estar envolvidos nesta a\u00e7\u00e3o. Os efeitos farmacodin\u00e2micos da metoclopramida incluem o aumento do t\u00f4nus \u200b\u200bdo esf\u00edncter esof\u00e1gico inferior, aumentando a for\u00e7a e freq\u00fc\u00eancia das contra\u00e7\u00f5es g\u00e1stricas, facilitando o esvaziamento g\u00e1strico e maior coordena\u00e7\u00e3o de relaxamento do piloro e motilidade duodenal e diminui\u00e7\u00e3o do tempo de tr\u00e2nsito no intestino delgado proximal.<\/span><\/p>\n<p class=\"western\"><span style=\"color: #212121;\">A metoclopramida at\u00faa no tracto digestivo e no SNC. No tracto digestivo superior aumenta a metoclopramida e a libera\u00e7\u00e3o de acetilcolina dos neur\u00f4nios e sensibilidade dos receptores colin\u00e9rgicos a acetilcolina. Muitas altera\u00e7\u00f5es na atividade gastrointestinal s\u00e3o devido \u00e0 desordem estimula\u00e7\u00e3o colin\u00e9rgica, o que explica por que a metoclopramida \u00e9 mais eficaz em doen\u00e7as com motilidade reduzida ou alterada.<\/span><\/p>\n<p class=\"western\"><span style=\"color: #212121;\">A metoclopramida \u00e9 antagonista da dopamina, o que \u00e9 ben\u00e9fico no tracto gastrointestinal em que a dopamina inibe a motilidade. A metoclopramida atravessa facilmente a barreira hemato-encef\u00e1lica onde o antagonismo com a dopamina na \u00e1rea de estimula\u00e7\u00e3o dos quimiorreceptores produz um efeito anti-em\u00e9tico.<\/span><\/p>\n<p class=\"western\"><span style=\"color: #212121;\"><b>Indica\u00e7\u00f5es \/ Usos:<br \/>\n<\/b><\/span><span style=\"color: #212121;\">Antiem\u00e9tico. Tratamento sintom\u00e1tico de doen\u00e7as associadas com v\u00f3mitos, n\u00e1useas estados, refluxo esof\u00e1gico. Gastrite. gastrite cr\u00f3nica associada a esvaziamento g\u00e1strico retardado. paralisia g\u00e1strica. Digestivo.<\/span><\/p>\n<p class=\"western\"><span style=\"color: #212121;\"><b>Administra\u00e7\u00e3o e dosagem:<br \/>\n<\/b><\/span><span style=\"color: #212121;\">Dose de orienta\u00e7\u00e3o.<br \/>\n<\/span><span style=\"color: #212121;\">Via S \/ C &#8211; I \/ M &#8211; I \/ V:<br \/>\n<\/span><span style=\"color: #212121;\">Caninos: 1 ml cada 10 kg de peso a cada 6 a 8 horas. infus\u00e3o cont\u00ednua.<br \/>\n<\/span><span style=\"color: #212121;\">Gatos: 1 ml cada 2,5 a 5 kg.<\/span><\/p>\n<p class=\"western\"><span style=\"color: #212121;\">Via I \/ V:<br \/>\n<\/span><span style=\"color: #212121;\">Equinos: 2 ml \/ 100 kg dilu\u00eddos em 500 ml de solu\u00e7\u00e3o poli\u00f3nica durante 60 minutos.<\/span><\/p>\n<p class=\"western\"><span style=\"color: #212121;\"><b>Contra-indica\u00e7\u00f5es \/ precau\u00e7\u00f5es:<br \/>\n<\/b><\/span><span style=\"color: #212121;\">N\u00e3o utilizar em casos de obstru\u00e7\u00e3o intestinal, epilepsia e nos animais tratados com neurol\u00e9pticos.<\/span><\/p>\n<p class=\"western\"><span style=\"color: #212121;\"><b>Apresenta\u00e7\u00e3o:<br \/>\n<\/b><\/span><span style=\"color: #212121;\">Frasquinho contendo 50,0 mL.<\/span><\/p>\n<p class=\"western\"><span style=\"color: #212121;\">Mantenha entre 5 \u00b0 C. e 35 graus c.<br \/>\n<\/span><span style=\"color: #212121;\">Manter afastado de luz solar directa, humidade e calor.<\/span><\/p>\n<p class=\"western\"><span style=\"color: #212121;\">Registro Minist\u00e9rio da Pecu\u00e1ria, Agricultura e Pesca (Uruguai): A 3150<\/span><\/p>\n","protected":false},"excerpt":{"rendered":"<p>Metoclorpramida clorhidrato 500,0 mg Excipientes c.s.p 100,0 ml<\/p>\n","protected":false},"featured_media":1411,"comment_status":"open","ping_status":"closed","template":"","meta":[],"product_cat":[604,562],"product_tag":[],"class_list":["post-489","product","type-product","status-publish","has-post-thumbnail","hentry","product_cat-produtos-a-z","product_cat-laxantes-e-antidiarreicos","thumb-has-effect","prod-rating-off"],"acf":[],"aioseo_notices":[],"_links":{"self":[{"href":"https:\/\/laboratoriounimedical.com\/pt-br\/wp-json\/wp\/v2\/product\/489","targetHints":{"allow":["GET"]}}],"collection":[{"href":"https:\/\/laboratoriounimedical.com\/pt-br\/wp-json\/wp\/v2\/product"}],"about":[{"href":"https:\/\/laboratoriounimedical.com\/pt-br\/wp-json\/wp\/v2\/types\/product"}],"replies":[{"embeddable":true,"href":"https:\/\/laboratoriounimedical.com\/pt-br\/wp-json\/wp\/v2\/comments?post=489"}],"wp:featuredmedia":[{"embeddable":true,"href":"https:\/\/laboratoriounimedical.com\/pt-br\/wp-json\/wp\/v2\/media\/1411"}],"wp:attachment":[{"href":"https:\/\/laboratoriounimedical.com\/pt-br\/wp-json\/wp\/v2\/media?parent=489"}],"wp:term":[{"taxonomy":"product_cat","embeddable":true,"href":"https:\/\/laboratoriounimedical.com\/pt-br\/wp-json\/wp\/v2\/product_cat?post=489"},{"taxonomy":"product_tag","embeddable":true,"href":"https:\/\/laboratoriounimedical.com\/pt-br\/wp-json\/wp\/v2\/product_tag?post=489"}],"curies":[{"name":"wp","href":"https:\/\/api.w.org\/{rel}","templated":true}]}}