{"id":493,"date":"2023-08-19T10:52:54","date_gmt":"2023-08-19T13:52:54","guid":{"rendered":"https:\/\/laboratoriounimedical.com\/producto\/vitaton\/"},"modified":"2023-11-28T16:34:57","modified_gmt":"2023-11-28T19:34:57","slug":"vitaton","status":"publish","type":"product","link":"https:\/\/laboratoriounimedical.com\/pt-br\/producto\/vitaton\/","title":{"rendered":"Vitaton"},"content":{"rendered":"<p>Comprimidos palatales<\/p>\n<p><strong>Mejorador del rendimiento f\u00edsico y cognitivo.<\/strong><\/p>\n<p>Efecto estimulante y energizante que\u00a0<strong>devuelve el dinamismo y la vitalidad al animal.<\/strong><\/p>\n<p>T\u00f3nico para vigorizar y fortificar en casos de fatiga y debilidad.<\/p>\n<p>Reconstituyente y estimulante para mejorar la recuperaci\u00f3n en individuos debilitados y en situaciones degenerativas,\u00a0enfermedades cr\u00f3nicas o de necesidad de aumento de energ\u00eda. Antioxidante potente y natural.<\/p>\n<p>Estimulante del apetito e incrementa el nivel de absorci\u00f3n de nutrientes. Indicado en pacientes seniles, desorientados o con falta de energ\u00eda. Mejora el estado de alerta, el inter\u00e9s del animal en lo que lo rodea y la actividad general.<\/p>\n<p>Revitalizante. Energizante. Antioxidante. Multivitaminico.<\/p>\n<p>Regenerador celular.<\/p>\n<p>Especialmente formulado con Ginseng, Resveratrol, ATP y vitaminas como efectivo potenciador metab\u00f3lico y antioxidante celular.<\/p>\n<p><strong>\u00danico suplemento con raiz de Ginseng y Resveratrol incorporado<\/strong><\/p>\n<p><em><strong>Vitaton<\/strong>\u00a0<\/em>est\u00e1 dise\u00f1ado para animales con un aumento en la carga oxidativa que necesitan un suplemento con m\u00e1ximo poder antioxidante para aumentar la vitalidad.<\/p>\n<p><strong>ADMINISTRACI\u00d3N<\/strong><\/p>\n<p>Administrar 1 comprimido por d\u00eda para caninos mayores a 20 kg y 1\/2 tableta para caninos menores a 20 kg.<\/p>\n<p>Felinos 1\/4 comprimido por dia.<\/p>\n<p>La duraci\u00f3n del suministro se recomienda como m\u00ednimo 6 semanas.<\/p>\n<p>La dosis puede variar de acuerdo a las necesidades del animal y seg\u00fan criterio del M\u00e9dico Veterinario actuante.<\/p>\n<p><strong>ACCI\u00d3N<\/strong><\/p>\n<p><strong>Ginseng<\/strong>: Calificado como planta adapt\u00f3gena, es decir, capaz de estimular la resistencia no espec\u00edfica del organismo en situaciones de sobreesfuerzo. El Ginseng es un\u00a0<strong>gran estimulante del apetito<\/strong>, y tambi\u00e9n incrementa el nivel de absorci\u00f3n de nutrientes en el intestino.\u00a0<strong>Actividad neuroprotectora.<\/strong><\/p>\n<p>Su<strong>\u00a0alto \u00edndice de antioxidantes<\/strong> ayuda a enfrentarse a radicales libres y a recuperarse de la fatiga. Indicado en s\u00edntomas como la p\u00e9rdida de energ\u00eda, la falta de atenci\u00f3n, de apetito, etc.<\/p>\n<p>Se le considera tambi\u00e9n antiinflamatorio.<\/p>\n<p><strong>Resveratrol<\/strong>: Es un<strong>\u00a0antioxidante natural.<\/strong> Es un polifenol antioxidante natural presente en las frutas y los vegetales El resveratrol incrementa la actividad de la v\u00eda antioxidante end\u00f3gena y activa la producci\u00f3n de sirtuinas, observ\u00e1ndose una mejor\u00eda de la capacidad f\u00edsica.<\/p>\n<p><strong>ATP<\/strong>: Energizante. Los niveles de Atp disminuyen con la edad su aporte favorece aumentando la fuerza y la energ\u00eda.<\/p>\n<p><strong>Vitamina C o \u00c1cido Asc\u00f3rbico<\/strong>: Se necesita en gran cantidad durante la formaci\u00f3n de col\u00e1geno.<\/p>\n<p>Antioxidante, combate los efectos del stress celular. Comprobada por su\u00a0<strong>potente acci\u00f3n sobre el\u00a0<\/strong><strong>sistema inmunol\u00f3gico.<\/strong><\/p>\n<p>Las vitaminas del grupo B complementan las acciones sobre el sistema nervioso central.<\/p>\n<p><strong>Vitamina B1: Favorece el apetito<\/strong>, protege el coraz\u00f3n, mejora el funcionamiento del sistema nervioso, colabora en la funci\u00f3n digestiva, y en el metabolismo de l\u00edpidos, prote\u00ednas y \u00e1cidos nucleicos.<\/p>\n<p><strong>Vitamina B6:<\/strong> Absorci\u00f3n y metabolismo de amino\u00e1cidos, colabora en la eritropoyesis y en el metabolismo de los l\u00edpidos.<\/p>\n<p><strong>Vitamina B12:<\/strong>\u00a0Colabora en la s\u00edntesis de ADN, ARN, prote\u00ednas, neurotransmisores, gl\u00f3bulos rojos.<\/p>\n<p>Energiza la fibra muscular y colabora en el mantenimiento de la vaina de mielina de las c\u00e9lulas nerviosas.<\/p>\n","protected":false},"excerpt":{"rendered":"<p>Raiz de Ginseng 180 mg Resveratrol 30 mg ATP 5 mg Vitamina C 150 mg Vitamina B1 10 mg Vitamina B6 10 mg Vitamina B12 100 mcg Excipientes csp 2000 mg<\/p>\n","protected":false},"featured_media":1395,"comment_status":"open","ping_status":"closed","template":"","meta":[],"product_cat":[604,573],"product_tag":[],"class_list":["post-493","product","type-product","status-publish","has-post-thumbnail","hentry","product_cat-produtos-a-z","product_cat-geriatrica-pt-br","thumb-has-effect","prod-rating-off"],"acf":[],"aioseo_notices":[],"_links":{"self":[{"href":"https:\/\/laboratoriounimedical.com\/pt-br\/wp-json\/wp\/v2\/product\/493","targetHints":{"allow":["GET"]}}],"collection":[{"href":"https:\/\/laboratoriounimedical.com\/pt-br\/wp-json\/wp\/v2\/product"}],"about":[{"href":"https:\/\/laboratoriounimedical.com\/pt-br\/wp-json\/wp\/v2\/types\/product"}],"replies":[{"embeddable":true,"href":"https:\/\/laboratoriounimedical.com\/pt-br\/wp-json\/wp\/v2\/comments?post=493"}],"wp:featuredmedia":[{"embeddable":true,"href":"https:\/\/laboratoriounimedical.com\/pt-br\/wp-json\/wp\/v2\/media\/1395"}],"wp:attachment":[{"href":"https:\/\/laboratoriounimedical.com\/pt-br\/wp-json\/wp\/v2\/media?parent=493"}],"wp:term":[{"taxonomy":"product_cat","embeddable":true,"href":"https:\/\/laboratoriounimedical.com\/pt-br\/wp-json\/wp\/v2\/product_cat?post=493"},{"taxonomy":"product_tag","embeddable":true,"href":"https:\/\/laboratoriounimedical.com\/pt-br\/wp-json\/wp\/v2\/product_tag?post=493"}],"curies":[{"name":"wp","href":"https:\/\/api.w.org\/{rel}","templated":true}]}}