{"id":496,"date":"2023-08-20T10:54:55","date_gmt":"2023-08-20T13:54:55","guid":{"rendered":"https:\/\/laboratoriounimedical.com\/producto\/xilavet-inyectable\/"},"modified":"2023-11-28T16:35:09","modified_gmt":"2023-11-28T19:35:09","slug":"xilavet-inyectable","status":"publish","type":"product","link":"https:\/\/laboratoriounimedical.com\/pt-br\/producto\/xilavet-inyectable\/","title":{"rendered":"Xilavet Inyectable"},"content":{"rendered":"<p class=\"western\" style=\"text-align: center;\"><span style=\"color: #212121;\"><b>Pre-anest\u00e9sico, analg\u00e9sico, sedativo e relaxante muscular para caninos, felinos, equinos, bovinos.<\/b><\/span><\/p>\n<p class=\"western\"><span style=\"color: #212121;\"><b>F\u00f3rmula | Cada ml cont\u00e9m<\/b><\/span><span style=\"color: #212121;\">:<br \/>\n<\/span><span style=\"color: #212121;\">Cloridrato de Xilazina &#8230;&#8230;&#8230;&#8230;&#8230;&#8230;&#8230;&#8230; 20,0 mg<\/span><\/p>\n<p class=\"western\"><span style=\"color: #212121;\"><b>Indica\u00e7\u00f5es \/ Usos:<br \/>\n<\/b><\/span><span style=\"color: #212121;\">Anest\u00e9sico para a cirurgia em pequenos e grandes animais. explorat\u00f3ria ou semiol\u00f3gica.<\/span><\/p>\n<p class=\"western\"><span style=\"color: #212121;\"><b>Administra\u00e7\u00e3o e dosagem:<br \/>\n<\/b><\/span><span style=\"color: #212121;\">Via I \/ M:<br \/>\n<\/span><span style=\"color: #212121;\">Caninos: 1-3 mg por kg de peso corporal<br \/>\n<\/span><span style=\"color: #212121;\">Felinos: 1-3 mg por kg de peso corporal<br \/>\n<\/span><span style=\"color: #212121;\">Bovino: 0,1-0,2 mg por kg<\/span><\/p>\n<p class=\"western\"><span style=\"color: #212121;\">Via I \/ V:<br \/>\n<\/span><span style=\"color: #212121;\">Caninos: 0,05-0,1 mg por kg<br \/>\n<\/span><span style=\"color: #212121;\">Felinos: 0,5 &#8211; 1 mg por kg<br \/>\n<\/span><span style=\"color: #212121;\">Bovinos: 0,05-0,1 mg por kg<br \/>\n<\/span><span style=\"color: #212121;\">Equinos: 0,6 a 1 mg por kg<\/span><\/p>\n<p class=\"western\"><span style=\"color: #212121;\">A a\u00e7\u00e3o ocorre entre 5 minutos atrav\u00e9s de I \/ V ou 15 minutos atrav\u00e9s de I \/ M. Deixe o animal em paz at\u00e9 que os sintomas ocorram. Em injec\u00e7\u00f5es subcut\u00e2neas ou tecido graso a absor\u00e7\u00e3o \u00e9 atrasada de modo que pela elimina\u00e7\u00e3o r\u00e1pida o efeito desejado nao se produz..<\/span><\/p>\n<p class=\"western\"><strong><span style=\"color: #212121;\">Contra-indica\u00e7\u00f5es \/ precau\u00e7\u00f5es:<br \/>\n<\/span><\/strong><span style=\"color: #212121;\">N\u00e3o se aplicam aos c\u00e3es e gatos com tor\u00e7\u00f5es do est\u00f4mago, obstru\u00e7\u00e3o esof\u00e1gica, h\u00e9rnias ou similares, por causa do perigo do v\u00f3mito. N\u00e3o utilizar em f\u00eameas no \u00faltimo m\u00eas de gestacao,risco de causar aborto.<\/span><\/p>\n<p class=\"western\"><span style=\"color: #212121;\"><b>Apresenta\u00e7\u00e3o:<br \/>\n<\/b><\/span><span style=\"color: #212121;\">Frasquinho contendo 50,0 mL.<\/span><\/p>\n<p class=\"western\"><span style=\"color: #212121;\">Mantenha entre 5 e 35 graus c.<br \/>\n<\/span><span style=\"color: #212121;\">Manter afastado de luz solar directa, humidade e calor.<br \/>\n<\/span><span style=\"color: #212121;\">Medica\u00e7\u00e3o psicotr\u00f3pica.<br \/>\n<\/span><span style=\"color: #212121;\">Mantenha fora do alcance de crian\u00e7as<\/span><\/p>\n<p class=\"western\"><span style=\"color: #212121;\">Registro Minist\u00e9rio da Pecu\u00e1ria, Agricultura e Pesca (Uruguai): A 1763<\/span><\/p>\n","protected":false},"excerpt":{"rendered":"<p>Cloridrato de Xilazina 20,0 mg<\/p>\n","protected":false},"featured_media":1401,"comment_status":"open","ping_status":"closed","template":"","meta":[],"product_cat":[604,539],"product_tag":[],"class_list":["post-496","product","type-product","status-publish","has-post-thumbnail","hentry","product_cat-produtos-a-z","product_cat-sicotropicos-pt-br","thumb-has-effect","prod-rating-off"],"acf":[],"aioseo_notices":[],"_links":{"self":[{"href":"https:\/\/laboratoriounimedical.com\/pt-br\/wp-json\/wp\/v2\/product\/496","targetHints":{"allow":["GET"]}}],"collection":[{"href":"https:\/\/laboratoriounimedical.com\/pt-br\/wp-json\/wp\/v2\/product"}],"about":[{"href":"https:\/\/laboratoriounimedical.com\/pt-br\/wp-json\/wp\/v2\/types\/product"}],"replies":[{"embeddable":true,"href":"https:\/\/laboratoriounimedical.com\/pt-br\/wp-json\/wp\/v2\/comments?post=496"}],"wp:featuredmedia":[{"embeddable":true,"href":"https:\/\/laboratoriounimedical.com\/pt-br\/wp-json\/wp\/v2\/media\/1401"}],"wp:attachment":[{"href":"https:\/\/laboratoriounimedical.com\/pt-br\/wp-json\/wp\/v2\/media?parent=496"}],"wp:term":[{"taxonomy":"product_cat","embeddable":true,"href":"https:\/\/laboratoriounimedical.com\/pt-br\/wp-json\/wp\/v2\/product_cat?post=496"},{"taxonomy":"product_tag","embeddable":true,"href":"https:\/\/laboratoriounimedical.com\/pt-br\/wp-json\/wp\/v2\/product_tag?post=496"}],"curies":[{"name":"wp","href":"https:\/\/api.w.org\/{rel}","templated":true}]}}