{"id":498,"date":"2023-07-05T10:59:23","date_gmt":"2023-07-05T13:59:23","guid":{"rendered":"https:\/\/laboratoriounimedical.com\/producto\/aprurit-shampoo\/"},"modified":"2023-11-28T16:00:36","modified_gmt":"2023-11-28T19:00:36","slug":"aprurit-shampoo","status":"publish","type":"product","link":"https:\/\/laboratoriounimedical.com\/pt-br\/producto\/aprurit-shampoo\/","title":{"rendered":"Aprurit Shampoo"},"content":{"rendered":"<p class=\"western\" style=\"text-align: center;\"><span style=\"color: #212121;\"><b>Pulguicida, anti-inflamat\u00f3rio, anti-al\u00e9rgico para Caninos e Felinos<\/b><\/span><\/p>\n<p class=\"western\"><span style=\"color: #212121;\"><b>F\u00f3rmula | Cada 100 ml cont\u00e9m<\/b><\/span><span style=\"color: #212121;\">:<br \/>\n<\/span><span style=\"color: #212121;\">Acetonida de triamcinolona\u2026\u2026..0,10 gr<br \/>\n<\/span><span style=\"color: #212121;\">Decametrina\u2026\u2026\u2026\u2026\u2026\u2026\u2026\u2026\u20260,02 gr<br \/>\n<\/span><span style=\"color: #212121;\">But\u00f3xido de piperonilo\u2026\u2026\u2026\u2026..0,12 gr<br \/>\n<\/span><span style=\"color: #212121;\">Excipientes c.s.p\u2026\u2026\u2026\u2026\u2026\u2026..100,0 ml<\/span><\/p>\n<p class=\"western\"><strong><span style=\"color: #212121;\">Indica\u00e7\u00f5es \/ Usos:<br \/>\n<\/span><\/strong><span style=\"color: #212121;\">Tratamento de ectoparasitose causada por pulgas, piolhos, carrapatos. Por sua a\u00e7\u00e3o anti-inflamat\u00f3ria elimina a coceira.<\/span><\/p>\n<p class=\"western\"><span style=\"color: #212121;\"><b>Administra\u00e7\u00e3o e dosagem:<br \/>\n<\/b><\/span><span style=\"color: #212121;\">Aplicar o suficiente a cada 7 dias deixando o produto agir 10 minutos.<br \/>\n<\/span><span style=\"color: #212121;\">Enxaguar abundantemente com \u00e1gua.<\/span><\/p>\n<p class=\"western\"><strong><span style=\"color: #212121;\">Contra-indica\u00e7\u00f5es \/ precau\u00e7\u00f5es:<br \/>\n<\/span><\/strong><span style=\"color: #212121;\">Usar em animais com mais de 4 meses.<br \/>\n<\/span><span style=\"color: #212121;\">Espa\u00e7ar 10 dias em f\u00eameas gestantes.<\/span><\/p>\n<p class=\"western\"><span style=\"color: #212121;\"><b>Apresenta\u00e7\u00e3o:<br \/>\n<\/b><\/span><span style=\"color: #212121;\">Frasco contendo 200 ml.<\/span><\/p>\n<p class=\"western\"><span style=\"color: #212121;\">Manter entre 5 \u00b0 C e 35 \u00b0 C.<br \/>\n<\/span><span style=\"color: #212121; line-height: 1.5;\">Manter afastado de luz solar directa, humidade e calor.<\/span><\/p>\n<p class=\"western\"><span style=\"color: #212121;\">Registro Minist\u00e9rio da Pecu\u00e1ria, Agricultura e Pesca (Uruguai): A 2024<\/span><\/p>\n","protected":false},"excerpt":{"rendered":"<p>Acetonida de triamcinolona 0,10 gr Decametrina 0,02 gr But\u00f3xido de piperonilo 0,12 gr Excipientes c.s.p 100,0 ml<\/p>\n","protected":false},"featured_media":1248,"comment_status":"open","ping_status":"closed","template":"","meta":[],"product_cat":[604,566],"product_tag":[],"class_list":["post-498","product","type-product","status-publish","has-post-thumbnail","hentry","product_cat-produtos-a-z","product_cat-trat-shampoo-plugicidas-pt-br","thumb-has-effect","prod-rating-off"],"acf":[],"aioseo_notices":[],"_links":{"self":[{"href":"https:\/\/laboratoriounimedical.com\/pt-br\/wp-json\/wp\/v2\/product\/498","targetHints":{"allow":["GET"]}}],"collection":[{"href":"https:\/\/laboratoriounimedical.com\/pt-br\/wp-json\/wp\/v2\/product"}],"about":[{"href":"https:\/\/laboratoriounimedical.com\/pt-br\/wp-json\/wp\/v2\/types\/product"}],"replies":[{"embeddable":true,"href":"https:\/\/laboratoriounimedical.com\/pt-br\/wp-json\/wp\/v2\/comments?post=498"}],"wp:featuredmedia":[{"embeddable":true,"href":"https:\/\/laboratoriounimedical.com\/pt-br\/wp-json\/wp\/v2\/media\/1248"}],"wp:attachment":[{"href":"https:\/\/laboratoriounimedical.com\/pt-br\/wp-json\/wp\/v2\/media?parent=498"}],"wp:term":[{"taxonomy":"product_cat","embeddable":true,"href":"https:\/\/laboratoriounimedical.com\/pt-br\/wp-json\/wp\/v2\/product_cat?post=498"},{"taxonomy":"product_tag","embeddable":true,"href":"https:\/\/laboratoriounimedical.com\/pt-br\/wp-json\/wp\/v2\/product_tag?post=498"}],"curies":[{"name":"wp","href":"https:\/\/api.w.org\/{rel}","templated":true}]}}