{"id":507,"date":"2023-07-10T11:08:34","date_gmt":"2023-07-10T14:08:34","guid":{"rendered":"https:\/\/laboratoriounimedical.com\/producto\/celifin-oral\/"},"modified":"2025-10-31T17:56:22","modified_gmt":"2025-10-31T20:56:22","slug":"celifin-oral","status":"publish","type":"product","link":"https:\/\/laboratoriounimedical.com\/pt-br\/producto\/celifin-oral\/","title":{"rendered":"Celifin Oral"},"content":{"rendered":"<p class=\"western\"><span style=\"color: #212121;\"><b>Antibi\u00f3tico para c\u00e3es e gatos<\/b><\/span><span style=\"color: #212121;\"><br \/>\nA Cefalexina pertence a uma classe de cefalosporina de primeira gera\u00e7\u00e3o e, por conseguinte, s\u00e3o eficazes contra bacterias gram-positivas e organismos gram-negativos, tais como E. coli e Proteus, Klebsiella, Salmonella, Shigella e Enterobacter spp.<\/span><\/p>\n<p class=\"western\"><span style=\"color: #212121;\">Antibi\u00f3tico para c\u00e3es e gatos<\/span><\/p>\n<p class=\"western\"><span style=\"color: #212121;\"><b>F\u00f3rmula<\/b><\/span><span style=\"color: #212121;\">\u00a0| Cada comprimido cont\u00e9m:<br \/>\n<\/span><span style=\"color: #212121;\">Cefalexina mono-hidrato&#8230;&#8230;&#8230;&#8230;&#8230;&#8230;&#8230;&#8230;&#8230; ..500,0 mg<\/span><\/p>\n<p class=\"western\"><span style=\"color: #212121;\"><b>Indica\u00e7\u00f5es \/ Usos:<\/b><\/span><span style=\"color: #212121;\"><br \/>\nEspecialmente indicado em infec\u00e7\u00f5es de pele, superficial e pioderma profunda. infec\u00e7\u00f5es do trato urin\u00e1rio, nefrite e cistite. infec\u00e7\u00f5es respirat\u00f3rias. digestivos infec\u00e7\u00f5es gastroenterite. infec\u00e7\u00f5es \u00f3sseas, osteomielite, \u00f3sseas e articulares. infec\u00e7\u00f5es genitais, prostatite. otite externa.<br \/>\n<\/span><\/p>\n<p class=\"western\"><span style=\"color: #212121;\"><b>Administra\u00e7\u00e3o e dosagem:<br \/>\n<\/b><\/span><span style=\"color: #212121;\">A administra\u00e7\u00e3o oral.<br \/>\nCurativa 1 comprimido a cada 15 a 20 kg de peso vivo (20,0-33,0 mg \/ kg) a cada 8 a 12 horas.<br \/>\nA dose mais elevada \u00e9 utilizada no tratamento de Staphylococcus aureus osteomielite.<\/span><\/p>\n<p class=\"western\"><span style=\"color: #212121;\"><b>Contra-indica\u00e7\u00f5es \/ precau\u00e7\u00f5es:<br \/>\n<\/b><\/span><span style=\"color: #212121;\">Nenhuma.<\/span><\/p>\n<p class=\"western\"><span style=\"color: #212121;\"><b>Apresenta\u00e7\u00e3o:<br \/>\n<\/b><\/span><span style=\"color: #212121;\">Caixa com blister contendo 10 comprimidos.<br \/>\nManter entre 5 \u00b0 C e 35 \u00b0 C.<br \/>\nManter afastado de luz solar directa, humidade e calor.<\/span><\/p>\n<p class=\"western\"><span style=\"color: #212121;\">Registro no Minist\u00e9rio da Pecu\u00e1ria, Agricultura e Pesca ( Uruguai) : A 3155<\/span><\/p>\n","protected":false},"excerpt":{"rendered":"<p>Acetato de Medroxiprogesterona 5 mg<\/p>\n","protected":false},"featured_media":3141,"comment_status":"open","ping_status":"closed","template":"","meta":[],"product_cat":[604,561],"product_tag":[],"class_list":["post-507","product","type-product","status-publish","has-post-thumbnail","hentry","product_cat-produtos-a-z","product_cat-hormonios","thumb-has-effect","prod-rating-off"],"acf":[],"aioseo_notices":[],"_links":{"self":[{"href":"https:\/\/laboratoriounimedical.com\/pt-br\/wp-json\/wp\/v2\/product\/507","targetHints":{"allow":["GET"]}}],"collection":[{"href":"https:\/\/laboratoriounimedical.com\/pt-br\/wp-json\/wp\/v2\/product"}],"about":[{"href":"https:\/\/laboratoriounimedical.com\/pt-br\/wp-json\/wp\/v2\/types\/product"}],"replies":[{"embeddable":true,"href":"https:\/\/laboratoriounimedical.com\/pt-br\/wp-json\/wp\/v2\/comments?post=507"}],"wp:featuredmedia":[{"embeddable":true,"href":"https:\/\/laboratoriounimedical.com\/pt-br\/wp-json\/wp\/v2\/media\/3141"}],"wp:attachment":[{"href":"https:\/\/laboratoriounimedical.com\/pt-br\/wp-json\/wp\/v2\/media?parent=507"}],"wp:term":[{"taxonomy":"product_cat","embeddable":true,"href":"https:\/\/laboratoriounimedical.com\/pt-br\/wp-json\/wp\/v2\/product_cat?post=507"},{"taxonomy":"product_tag","embeddable":true,"href":"https:\/\/laboratoriounimedical.com\/pt-br\/wp-json\/wp\/v2\/product_tag?post=507"}],"curies":[{"name":"wp","href":"https:\/\/api.w.org\/{rel}","templated":true}]}}