{"id":509,"date":"2023-07-11T11:10:28","date_gmt":"2023-07-11T14:10:28","guid":{"rendered":"https:\/\/laboratoriounimedical.com\/producto\/clorhexidin-forte\/"},"modified":"2023-11-28T16:03:22","modified_gmt":"2023-11-28T19:03:22","slug":"clorhexidin-forte","status":"publish","type":"product","link":"https:\/\/laboratoriounimedical.com\/pt-br\/producto\/clorhexidin-forte\/","title":{"rendered":"Clorhexidin Forte"},"content":{"rendered":"<p class=\"western\" style=\"text-align: center;\"><span style=\"color: #212121;\"><b>Shampoo anti-s\u00e9ptico<\/b><\/span><\/p>\n<p class=\"western\"><span style=\"color: #212121;\"><b>FORMULA<br \/>\n<\/b><\/span><span style=\"color: #212121;\">Clorhexidina digluconato\u2026\u2026\u2026\u2026\u2026..2 gr.<br \/>\n<\/span><span style=\"color: #212121;\">Excipientes c.s.p\u2026\u2026\u2026\u2026\u2026\u2026\u2026\u2026100 ml.<\/span><\/p>\n<p class=\"western\"><span style=\"color: #212121;\"><b>INDICA\u00c7\u00d5ES<br \/>\n<\/b><\/span><span style=\"color: #212121;\">Shampoo anti-s\u00e9ptico potente indicado para o tratamento da pioderma bacteriana (bact\u00e9rias gram-positivas e \/ ou gram negativas) e fungos. Desinfec\u00e7\u00e3o de feridas. controle de infec\u00e7\u00e3o Tricophytum spp, Microsporum spp e micose. Pioderma, dermatofitoses. dermatite de Malassezia. Desinfec\u00e7\u00e3o das m\u00e3os, lavagem e anti-sepsia do campo quir\u00fargico.Antis\u00e9ptico, antibacteriana e antif\u00fangica de amplo espectro.<br \/>\n<\/span><span style=\"color: #212121;\">Actua por contacto rapidamente, \u00e9 n\u00e3o irritante e n\u00e3o inactivado na presen\u00e7a de mat\u00e9ria org\u00e2nica (sangue, pus, etc).<\/span><\/p>\n<p class=\"western\"><span style=\"color: #212121;\"><b>APLICA\u00c7\u00c3O<br \/>\n<\/b><\/span><span style=\"color: #212121;\">Quantidade suficiente de acordo com o pelo.<br \/>\n<\/span><span style=\"color: #212121;\">Massageie suavemente para promover o contacto do shampoo com a pele um m\u00ednimo de 5 minutos (recomendamos 10 a 15 minutos), depois enxaguar.<br \/>\n<\/span><span style=\"color: #212121;\">Repita o procedimento a cada 24-48 horas.<br \/>\n<\/span><span style=\"color: #212121;\">Para anti-sepsia do campo operat\u00f3rio proceder da mesma maneira na \u00e1rea.<\/span><\/p>\n<p class=\"western\"><span style=\"color: #212121;\">Registro de MGAP No. A 4455<\/span><\/p>\n","protected":false},"excerpt":{"rendered":"<p>Clorhexidina digluconato 2 gr Excipientes c.s.p 100 ml<\/p>\n","protected":false},"featured_media":1275,"comment_status":"open","ping_status":"closed","template":"","meta":[],"product_cat":[604,566],"product_tag":[],"class_list":["post-509","product","type-product","status-publish","has-post-thumbnail","hentry","product_cat-produtos-a-z","product_cat-trat-shampoo-plugicidas-pt-br","thumb-has-effect","prod-rating-off"],"acf":[],"aioseo_notices":[],"_links":{"self":[{"href":"https:\/\/laboratoriounimedical.com\/pt-br\/wp-json\/wp\/v2\/product\/509","targetHints":{"allow":["GET"]}}],"collection":[{"href":"https:\/\/laboratoriounimedical.com\/pt-br\/wp-json\/wp\/v2\/product"}],"about":[{"href":"https:\/\/laboratoriounimedical.com\/pt-br\/wp-json\/wp\/v2\/types\/product"}],"replies":[{"embeddable":true,"href":"https:\/\/laboratoriounimedical.com\/pt-br\/wp-json\/wp\/v2\/comments?post=509"}],"wp:featuredmedia":[{"embeddable":true,"href":"https:\/\/laboratoriounimedical.com\/pt-br\/wp-json\/wp\/v2\/media\/1275"}],"wp:attachment":[{"href":"https:\/\/laboratoriounimedical.com\/pt-br\/wp-json\/wp\/v2\/media?parent=509"}],"wp:term":[{"taxonomy":"product_cat","embeddable":true,"href":"https:\/\/laboratoriounimedical.com\/pt-br\/wp-json\/wp\/v2\/product_cat?post=509"},{"taxonomy":"product_tag","embeddable":true,"href":"https:\/\/laboratoriounimedical.com\/pt-br\/wp-json\/wp\/v2\/product_tag?post=509"}],"curies":[{"name":"wp","href":"https:\/\/api.w.org\/{rel}","templated":true}]}}