{"id":511,"date":"2023-07-14T11:11:58","date_gmt":"2023-07-14T14:11:58","guid":{"rendered":"https:\/\/laboratoriounimedical.com\/producto\/clorhexidin-shampoo\/"},"modified":"2023-11-28T16:07:27","modified_gmt":"2023-11-28T19:07:27","slug":"clorhexidin-shampoo","status":"publish","type":"product","link":"https:\/\/laboratoriounimedical.com\/pt-br\/producto\/clorhexidin-shampoo\/","title":{"rendered":"Clorhexidin Shampoo"},"content":{"rendered":"<p class=\"western\" style=\"text-align: center;\"><span style=\"color: #212121;\"><b>Anti-s\u00e9ptico, fungicida para c\u00e3es e gatos<\/b><\/span><\/p>\n<p class=\"western\"><span style=\"color: #212121;\"><b>F\u00f3rmula | Cada 100 ml cont\u00e9m:<br \/>\n<\/b><\/span><span style=\"color: #212121;\">Digluconato de Clorhexidina\u2026\u2026\u2026\u20260,50 gr<br \/>\n<\/span><span style=\"color: #212121;\">Excipientes c.s.p\u2026\u2026\u2026\u2026\u2026\u2026\u2026\u2026100,0 ml<\/span><\/p>\n<p class=\"western\"><span style=\"color: #212121;\"><b>Indica\u00e7\u00f5es \/ Usos:<br \/>\n<\/b><\/span><span style=\"color: #212121;\">O tratamento da pioderma bacteriana e f\u00fangica.<\/span><\/p>\n<p class=\"western\"><span style=\"color: #212121;\"><b>Administra\u00e7\u00e3o e dosagem:<br \/>\n<\/b><\/span><span style=\"color: #212121;\">Aplicar quantidade suficiente por tamanho a cada 24 a 48 horas de acordo com o caso cl\u00ednico ou de acordo com crit\u00e9rios profissionais. Massageie suavemente para promover o contacto com shampoo da pele por 10 a 20 minutos. Enxaguar abundantemente com \u00e1gua. Repita at\u00e9 que a remiss\u00e3o.<\/span><\/p>\n<p class=\"western\"><span style=\"color: #212121;\"><b>Contra-indica\u00e7\u00f5es \/ precau\u00e7\u00f5es<\/b><\/span><span style=\"color: #212121;\">:<br \/>\n<\/span><span style=\"color: #212121;\">Nenhuma.<\/span><\/p>\n<p class=\"western\"><span style=\"color: #212121;\"><b>Apresenta\u00e7\u00e3o:<br \/>\n<\/b><\/span><span style=\"color: #212121;\">Frasco contendo 200 ml.<\/span><\/p>\n<p class=\"western\"><span style=\"color: #212121;\">Manter entre 5 \u00b0 C e 35 \u00b0 C.<br \/>\n<\/span><span style=\"color: #212121;\">Manter afastado de luz solar directa, humidade e calor<\/span><\/p>\n<p class=\"western\"><span style=\"color: #212121;\">Registro . Minist\u00e9rio da Pecu\u00e1ria, Agricultura e Pesca (Uruguai): A 1995<\/span><\/p>\n","protected":false},"excerpt":{"rendered":"<p>Clorhexidina digluconato 0,50 gr Excipientes c.s.p 100 ml<\/p>\n","protected":false},"featured_media":1251,"comment_status":"open","ping_status":"closed","template":"","meta":[],"product_cat":[604,566],"product_tag":[],"class_list":["post-511","product","type-product","status-publish","has-post-thumbnail","hentry","product_cat-produtos-a-z","product_cat-trat-shampoo-plugicidas-pt-br","thumb-has-effect","prod-rating-off"],"acf":[],"aioseo_notices":[],"_links":{"self":[{"href":"https:\/\/laboratoriounimedical.com\/pt-br\/wp-json\/wp\/v2\/product\/511","targetHints":{"allow":["GET"]}}],"collection":[{"href":"https:\/\/laboratoriounimedical.com\/pt-br\/wp-json\/wp\/v2\/product"}],"about":[{"href":"https:\/\/laboratoriounimedical.com\/pt-br\/wp-json\/wp\/v2\/types\/product"}],"replies":[{"embeddable":true,"href":"https:\/\/laboratoriounimedical.com\/pt-br\/wp-json\/wp\/v2\/comments?post=511"}],"wp:featuredmedia":[{"embeddable":true,"href":"https:\/\/laboratoriounimedical.com\/pt-br\/wp-json\/wp\/v2\/media\/1251"}],"wp:attachment":[{"href":"https:\/\/laboratoriounimedical.com\/pt-br\/wp-json\/wp\/v2\/media?parent=511"}],"wp:term":[{"taxonomy":"product_cat","embeddable":true,"href":"https:\/\/laboratoriounimedical.com\/pt-br\/wp-json\/wp\/v2\/product_cat?post=511"},{"taxonomy":"product_tag","embeddable":true,"href":"https:\/\/laboratoriounimedical.com\/pt-br\/wp-json\/wp\/v2\/product_tag?post=511"}],"curies":[{"name":"wp","href":"https:\/\/api.w.org\/{rel}","templated":true}]}}