{"id":513,"date":"2023-07-15T11:13:37","date_gmt":"2023-07-15T14:13:37","guid":{"rendered":"https:\/\/laboratoriounimedical.com\/producto\/convulsivan\/"},"modified":"2023-11-28T16:07:47","modified_gmt":"2023-11-28T19:07:47","slug":"convulsivan","status":"publish","type":"product","link":"https:\/\/laboratoriounimedical.com\/pt-br\/producto\/convulsivan\/","title":{"rendered":"Convulsivan"},"content":{"rendered":"<p class=\"western\" style=\"text-align: center;\"><span style=\"color: #212121;\"><b>Anticonvulsivante,sedativos para os caninos.<\/b><\/span><\/p>\n<p class=\"western\"><span style=\"color: #212121;\">Esta \u00e9 uma associa\u00e7\u00e3o que pode tratar os animais com convuls\u00f5es epil\u00e9pticas cong\u00eanitas ou adquiridas. Sedativos em neurose, hipersuaxilidad, hiperexzcitabilidad. sua administra\u00e7\u00e3o \u00e9 recomendada apenas no aparecimento de convuls\u00e3o.<br \/>\n<\/span><span style=\"color: #212121;\">Dist\u00farbios convulsivos parecem ser heredit\u00e1rios em certas ra\u00e7as.<br \/>\n<\/span><span style=\"color: #212121;\">As taxas mais elevadas em machos que em femeas sugerem uma hip\u00f3tese gen\u00e9tica envolvendo dois locais, um gene autoss\u00f4mico recessivo e um gene ligado ao sexo. Observou-se uma alta incid\u00eancia Cocker Spaniel.<\/span><\/p>\n<p class=\"western\"><span style=\"color: #212121;\">O tratamento deve ser dirigido para aliviar os sinais. Nesta combina\u00e7\u00e3o at\u00faam Difenilhidantoinatos de Na, que \u00e9 um depressivo central altamente selectivo na epilepsia, inibindo a propaga\u00e7\u00e3o da descarga cerebral desde o foco epilept\u00f3geno -tronco cerebral ao resto das regi\u00f5es cerebrais. O seu mecanismo de ac\u00e7\u00e3o \u00e9 a estabiliza\u00e7\u00e3o da membrana celular contra est\u00edmulos que emanam do foco epil\u00e9ptico.<br \/>\n<\/span><span style=\"color: #212121;\">A associa\u00e7\u00e3o com diazepam, com o seu poderoso relaxante muscular e a\u00e7\u00e3o sedativa pode tratar o animal de sua condi\u00e7\u00e3o de forma eficaz.<\/span><\/p>\n<p class=\"western\"><span style=\"color: #212121;\"><b>F\u00f3rmula | Cada comprimido cont\u00e9m:<br \/>\n<\/b><\/span><span style=\"color: #212121;\">Difenilhidantoinato de Na\u2026\u2026\u2026\u2026\u2026\u2026\u2026\u2026\u2026\u2026\u2026\u2026\u2026\u2026\u2026105,0 mg<br \/>\n<\/span><span style=\"color: #212121;\">Diazepan\u2026\u2026\u2026\u2026\u2026\u2026\u2026\u2026\u2026\u2026\u2026\u2026\u2026\u2026\u2026\u2026\u2026\u2026\u2026\u2026\u2026\u2026\u20265,0 mg<br \/>\n<\/span><span style=\"color: #212121;\">Excipientes c.s.p\u2026\u2026\u2026\u2026\u2026\u2026\u2026\u2026\u2026\u2026\u2026\u2026\u2026\u2026\u2026\u2026\u2026\u2026.300,0 mg<\/span><\/p>\n<p class=\"western\"><span style=\"color: #212121;\"><b>Indica\u00e7\u00f5es \/ Usos:<br \/>\n<\/b><\/span><span style=\"color: #212121;\">Crises de epilepsia cong\u00eanita ou adquirida. Sedativo na neurose, hipersexualidade, hiperexcitabilidade etc.<\/span><\/p>\n<p class=\"western\"><span style=\"color: #212121;\"><b>Administra\u00e7\u00e3o e dosagem:<br \/>\n<\/b><\/span><span style=\"color: #212121;\">Administra\u00e7\u00e3o por via oral.<br \/>\n<\/span><span style=\"color: #212121;\">1 comprimido cada 10 kg de peso. frequ\u00eancia de tratamento \u00e9 determinado pelos requisitos terap\u00eauticos do animal. Ent\u00e3o voc\u00ea deve ir ajustando a dose necess\u00e1ria (elevando ou diminuindo) como manuten\u00e7\u00e3o para prevenir o aparecimento de convuls\u00f5es.<\/span><\/p>\n<p class=\"western\"><strong><span style=\"color: #212121;\">Contra-indica\u00e7\u00f5es \/ precau\u00e7\u00f5es:<br \/>\n<\/span><\/strong><span style=\"color: #212121;\">A utiliza\u00e7\u00e3o de derivados fenotiazinicos deve ser evitada.<\/span><\/p>\n<p class=\"western\"><span style=\"color: #212121;\"><b>Apresenta\u00e7\u00e3o:<br \/>\n<\/b><\/span><span style=\"color: #212121;\">Caixa com blister contendo 18 comprimidos.<\/span><\/p>\n<p class=\"western\"><span style=\"color: #212121;\">Mantenha entre 5 e 35 graus c.<br \/>\n<\/span><span style=\"color: #212121;\">Manter afastado de luz solar directa, humidade e calor.<br \/>\n<\/span><span style=\"color: #212121;\">Medica\u00e7\u00e3o psicotr\u00f3pica.<br \/>\n<\/span><span style=\"color: #212121;\">Mantenha fora do alcance de crian\u00e7as.<\/span><\/p>\n<p class=\"western\"><span style=\"color: #212121;\">Registro Minist\u00e9rio da Pecu\u00e1ria, Agricultura e Pesca (Uruguai): A 2243<\/span><\/p>\n","protected":false},"excerpt":{"rendered":"<p>Difenilhidantoinato de Na 105,0 mg Diazepan 5,0 mg Excipientes c.s.p 300,0 mg<\/p>\n","protected":false},"featured_media":1281,"comment_status":"open","ping_status":"closed","template":"","meta":[],"product_cat":[604,539],"product_tag":[],"class_list":["post-513","product","type-product","status-publish","has-post-thumbnail","hentry","product_cat-produtos-a-z","product_cat-sicotropicos-pt-br","thumb-has-effect","prod-rating-off"],"acf":[],"aioseo_notices":[],"_links":{"self":[{"href":"https:\/\/laboratoriounimedical.com\/pt-br\/wp-json\/wp\/v2\/product\/513","targetHints":{"allow":["GET"]}}],"collection":[{"href":"https:\/\/laboratoriounimedical.com\/pt-br\/wp-json\/wp\/v2\/product"}],"about":[{"href":"https:\/\/laboratoriounimedical.com\/pt-br\/wp-json\/wp\/v2\/types\/product"}],"replies":[{"embeddable":true,"href":"https:\/\/laboratoriounimedical.com\/pt-br\/wp-json\/wp\/v2\/comments?post=513"}],"wp:featuredmedia":[{"embeddable":true,"href":"https:\/\/laboratoriounimedical.com\/pt-br\/wp-json\/wp\/v2\/media\/1281"}],"wp:attachment":[{"href":"https:\/\/laboratoriounimedical.com\/pt-br\/wp-json\/wp\/v2\/media?parent=513"}],"wp:term":[{"taxonomy":"product_cat","embeddable":true,"href":"https:\/\/laboratoriounimedical.com\/pt-br\/wp-json\/wp\/v2\/product_cat?post=513"},{"taxonomy":"product_tag","embeddable":true,"href":"https:\/\/laboratoriounimedical.com\/pt-br\/wp-json\/wp\/v2\/product_tag?post=513"}],"curies":[{"name":"wp","href":"https:\/\/api.w.org\/{rel}","templated":true}]}}