{"id":515,"date":"2023-07-17T10:38:10","date_gmt":"2023-07-17T13:38:10","guid":{"rendered":"https:\/\/laboratoriounimedical.com\/producto\/diurovet\/"},"modified":"2023-11-28T16:09:06","modified_gmt":"2023-11-28T19:09:06","slug":"diurovet","status":"publish","type":"product","link":"https:\/\/laboratoriounimedical.com\/pt-br\/producto\/diurovet\/","title":{"rendered":"Diurovet"},"content":{"rendered":"<p>O potente diur\u00e9tico do Asa inibe a reabsor\u00e7\u00e3o de s\u00f3dio e cloreto na al\u00e7a proximal, aproximadamente\u00a0<strong>10 vezes mais potente<\/strong>, com a\u00e7\u00e3o diur\u00e9tica mais longa e maior economia de pot\u00e1ssio do que a furosemida.<br \/>\n<strong>Indica\u00e7\u00f5es:<\/strong><br \/>\nDiur\u00e9tico. Tratamento de edema associado a insufici\u00eancia card\u00edaca congestiva, congest\u00e3o pulmonar, ascite, doen\u00e7a renal ou hep\u00e1tica e ac\u00famulo de l\u00edquido n\u00e3o inflamat\u00f3rio. Indicado para o tratamento de anormalidades no volume de fluidos e composi\u00e7\u00e3o eletrol\u00edtica. Redu\u00e7\u00e3o do edema perif\u00e9rico ou pulmonar causado por doen\u00e7as card\u00edacas, vasculares ou renais.<br \/>\n<strong>Dosagem:<\/strong><br \/>\nA dose recomendada de torasemida \u00e9 de 0,1 a 0,6 mg por kg de peso corporal, uma vez por dia. A maioria dos c\u00e3es \u00e9 estabilizada com uma dose de toresamida igual ou inferior a 0,3 mg por kg de peso corporal, uma vez ao dia. Ou seja,\u00a0<strong>1 comprimido a cada 20 kg por dia<\/strong>. A dose deve ser ajustada para manter o conforto do c\u00e3o, com aten\u00e7\u00e3o ao estado da fun\u00e7\u00e3o renal e ao n\u00edvel de eletr\u00f3litos. Se o n\u00edvel de diurese exigir modifica\u00e7\u00e3o, a dose pode ser aumentada ou diminu\u00edda, dentro da faixa de dosagem, em incrementos de 0,1 mg \/ kg de peso corporal. Uma vez que os sinais de insufici\u00eancia card\u00edaca congestiva tenham sido controlados e o c\u00e3o esteja est\u00e1vel, se o tratamento diur\u00e9tico de longo prazo com este medicamento for necess\u00e1rio, a menor dose eficaz deve ser mantida. Um exame frequente do c\u00e3o facilitar\u00e1 o estabelecimento de uma dose diur\u00e9tica apropriada. O hor\u00e1rio de administra\u00e7\u00e3o di\u00e1ria pode ser programado, para controlar o per\u00edodo de mic\u00e7\u00e3o de acordo com a necessidade. Dose indicativa.<\/p>\n<p>O crit\u00e9rio do M\u00e9dico Veterin\u00e1rio em tratamento deve ser seguido.<\/p>\n<p><strong>Recomenda\u00e7\u00e3o:<\/strong>\u00a0Os pacientes devem beber quantidades adequadas de \u00e1gua para evitar desidrata\u00e7\u00e3o acentuada. As doses e advert\u00eancias sugeridas em todos os casos s\u00e3o para considera\u00e7\u00e3o do veterin\u00e1rio interino.<\/p>\n<p><strong>Contra-indica\u00e7\u00f5es:<\/strong>\u00a0N\u00e3o administrar em casos de an\u00faria, desidrata\u00e7\u00e3o grave, hipovolemia, hipersensibilidade \u00e0 torasemida ou a algum dos excipientes. N\u00e3o use concomitantemente com outros diur\u00e9ticos de al\u00e7a. O uso em mulheres gr\u00e1vidas e lactantes n\u00e3o \u00e9 recomendado. Entre em contato com o veterin\u00e1rio se houver sinais cl\u00ednicos de desequil\u00edbrio de fluidos e eletr\u00f3litos, manifesta\u00e7\u00f5es como sede excessiva, letargia, inquieta\u00e7\u00e3o, aumento da urina, anormal gastrointestinal e frequ\u00eancia card\u00edaca r\u00e1pida.<\/p>\n<p><strong>Armazenamento:<\/strong>\u00a0N\u00e3o armazenar em temperaturas acima de 30\u00baC, manter longe da luz solar direta, guardando em local seco e higi\u00eanico. Manter fora do alcance de crian\u00e7as e animais de estima\u00e7\u00e3o. Descarte o recipiente no local de coleta mais pr\u00f3ximo.<\/p>\n","protected":false},"excerpt":{"rendered":"<p>O potente diur\u00e9tico do Asa inibe a reabsor\u00e7\u00e3o de s\u00f3dio e cloreto na al\u00e7a proximal, aproximadamente\u00a010 vezes mais potente, com a\u00e7\u00e3o diur\u00e9tica mais longa e maior economia de pot\u00e1ssio do que a furosemida. Indica\u00e7\u00f5es: Diur\u00e9tico. Tratamento de edema associado a insufici\u00eancia card\u00edaca congestiva, congest\u00e3o pulmonar, ascite, doen\u00e7a renal ou hep\u00e1tica e ac\u00famulo de l\u00edquido n\u00e3o inflamat\u00f3rio. Indicado para o tratamento&hellip;<\/p>\n","protected":false},"featured_media":1284,"comment_status":"open","ping_status":"closed","template":"","meta":[],"product_cat":[604,559,560],"product_tag":[],"class_list":["post-515","product","type-product","status-publish","has-post-thumbnail","hentry","product_cat-produtos-a-z","product_cat-cardiovasculares-pt-br","product_cat-diureticos-pt-br","thumb-has-effect","prod-rating-off"],"acf":[],"aioseo_notices":[],"_links":{"self":[{"href":"https:\/\/laboratoriounimedical.com\/pt-br\/wp-json\/wp\/v2\/product\/515","targetHints":{"allow":["GET"]}}],"collection":[{"href":"https:\/\/laboratoriounimedical.com\/pt-br\/wp-json\/wp\/v2\/product"}],"about":[{"href":"https:\/\/laboratoriounimedical.com\/pt-br\/wp-json\/wp\/v2\/types\/product"}],"replies":[{"embeddable":true,"href":"https:\/\/laboratoriounimedical.com\/pt-br\/wp-json\/wp\/v2\/comments?post=515"}],"wp:featuredmedia":[{"embeddable":true,"href":"https:\/\/laboratoriounimedical.com\/pt-br\/wp-json\/wp\/v2\/media\/1284"}],"wp:attachment":[{"href":"https:\/\/laboratoriounimedical.com\/pt-br\/wp-json\/wp\/v2\/media?parent=515"}],"wp:term":[{"taxonomy":"product_cat","embeddable":true,"href":"https:\/\/laboratoriounimedical.com\/pt-br\/wp-json\/wp\/v2\/product_cat?post=515"},{"taxonomy":"product_tag","embeddable":true,"href":"https:\/\/laboratoriounimedical.com\/pt-br\/wp-json\/wp\/v2\/product_tag?post=515"}],"curies":[{"name":"wp","href":"https:\/\/api.w.org\/{rel}","templated":true}]}}