{"id":519,"date":"2023-07-18T11:16:10","date_gmt":"2023-07-18T14:16:10","guid":{"rendered":"https:\/\/laboratoriounimedical.com\/producto\/doxipet\/"},"modified":"2023-11-28T16:09:22","modified_gmt":"2023-11-28T19:09:22","slug":"doxipet","status":"publish","type":"product","link":"https:\/\/laboratoriounimedical.com\/pt-br\/producto\/doxipet\/","title":{"rendered":"Doxipet"},"content":{"rendered":"<p class=\"western\"><span style=\"color: #212121;\"><b>Comprimidos para uso oral<\/b><\/span><\/p>\n<p class=\"western\"><span style=\"color: #212121;\"><b>FORMULA<br \/>\n<\/b><\/span><span style=\"color: #212121;\">Cada comprimido cont\u00e9m :<br \/>\nDoxiciclina HCL &#8230;&#8230;&#8230;&#8230;&#8230;&#8230;&#8230;&#8230;&#8230;&#8230;&#8230;&#8230;&#8230; 0,100 mg .<\/span><\/p>\n<p class=\"western\"><span style=\"color: #212121;\"><b>MODO DE USAR:<\/b><\/span><span style=\"color: #212121;\"><br \/>\n\u00c9 recomendada a utiliza\u00e7\u00e3o em infec\u00e7\u00f5es locais e sist\u00e9micas causadas por germes sens\u00edveis \u00e0 doxiciclina.<br \/>\n\u00c9 indicado em infec\u00e7\u00f5es que afetam o trato respirat\u00f3rio, sistema genito-urin\u00e1rio, sistema m\u00fasculo-esquel\u00e9tico , sistema nervoso , da pele , do ouvido .<br \/>\n\u00c9 indicado em doen\u00e7as tais como a erliquiose , leptospirose , toxoplasmose , micoplasmose , etc.<br \/>\nPara utiliza\u00e7\u00e3o em c\u00e3es e gatos .<\/span><\/p>\n<p class=\"western\"><span style=\"color: #212121;\"><b>Dose geral recomendada :<\/b><\/span><span style=\"color: #212121;\"><br \/>\nUm comprimido por 10 a 20 kg de peso ( de 5 a 10 mg \/ kg ) a cada 12 a 24 horas durante 7 a 14 dias .<\/span><\/p>\n<p class=\"western\"><span style=\"color: #212121;\"><b>CONTRA-INDICA\u00c7\u00d5ES, AVISOS E RECOMENDA\u00c7\u00d5ES<\/b><\/span><span style=\"color: #212121;\"><br \/>\nN\u00e3o utilizar em animais hipersens\u00edveis. A administra\u00e7\u00e3o em f\u00eameas gr\u00e1vidas e<br \/>\nfilhotes podem causar descolora\u00e7\u00e3o dos dentes fixando o antibi\u00f3tico em dentes e ossos .<br \/>\nN\u00e3o administrar en nenhum paciente com menos de 5 kg de peso.<br \/>\nAdministrar o produto, de prefer\u00eancia em animais com o est\u00f4mago cheio.<\/span><\/p>\n<p class=\"western\"><span style=\"color: #212121;\"><b>ARMAZENAMENTO :<\/b><\/span><span style=\"color: #212121;\"><br \/>\nArmazenar em local fresco , seco e protegido da luz solar .<br \/>\nArmazenar longe de animais de estima\u00e7\u00e3o , crian\u00e7as e pessoas com defici\u00eancia.<\/span><\/p>\n<p class=\"western\"><span style=\"color: #212121;\">Reg . MGAP A 3963<br \/>\nReg . MIDAS RF- 3192-05<\/span><\/p>\n","protected":false},"excerpt":{"rendered":"<p>Doxiciclina Hcl 100 mg<\/p>\n","protected":false},"featured_media":1293,"comment_status":"open","ping_status":"closed","template":"","meta":[],"product_cat":[604,554],"product_tag":[],"class_list":["post-519","product","type-product","status-publish","has-post-thumbnail","hentry","product_cat-produtos-a-z","product_cat-antibioticos-pt-br","thumb-has-effect","prod-rating-off"],"acf":[],"aioseo_notices":[],"_links":{"self":[{"href":"https:\/\/laboratoriounimedical.com\/pt-br\/wp-json\/wp\/v2\/product\/519","targetHints":{"allow":["GET"]}}],"collection":[{"href":"https:\/\/laboratoriounimedical.com\/pt-br\/wp-json\/wp\/v2\/product"}],"about":[{"href":"https:\/\/laboratoriounimedical.com\/pt-br\/wp-json\/wp\/v2\/types\/product"}],"replies":[{"embeddable":true,"href":"https:\/\/laboratoriounimedical.com\/pt-br\/wp-json\/wp\/v2\/comments?post=519"}],"wp:featuredmedia":[{"embeddable":true,"href":"https:\/\/laboratoriounimedical.com\/pt-br\/wp-json\/wp\/v2\/media\/1293"}],"wp:attachment":[{"href":"https:\/\/laboratoriounimedical.com\/pt-br\/wp-json\/wp\/v2\/media?parent=519"}],"wp:term":[{"taxonomy":"product_cat","embeddable":true,"href":"https:\/\/laboratoriounimedical.com\/pt-br\/wp-json\/wp\/v2\/product_cat?post=519"},{"taxonomy":"product_tag","embeddable":true,"href":"https:\/\/laboratoriounimedical.com\/pt-br\/wp-json\/wp\/v2\/product_tag?post=519"}],"curies":[{"name":"wp","href":"https:\/\/api.w.org\/{rel}","templated":true}]}}