{"id":521,"date":"2023-07-19T11:19:28","date_gmt":"2023-07-19T14:19:28","guid":{"rendered":"https:\/\/laboratoriounimedical.com\/producto\/griseofulvina-250\/"},"modified":"2023-11-28T16:10:24","modified_gmt":"2023-11-28T19:10:24","slug":"griseofulvina-250","status":"publish","type":"product","link":"https:\/\/laboratoriounimedical.com\/pt-br\/producto\/griseofulvina-250\/","title":{"rendered":"Griseofulvina 250"},"content":{"rendered":"<p class=\"western\" style=\"text-align: center;\"><span style=\"color: #212121;\"><b>Antif\u00fangico para c\u00e3es, gatos e coelhos<\/b><\/span><\/p>\n<p class=\"western\"><span style=\"color: #212121;\">Griseofulvina 250 \u00e9 um antibi\u00f3tico cujo espectro cobre especialmente fungos Microsporum, Trichophyton e Epidermophyton.<br \/>\n<\/span><span style=\"color: #212121;\">\u00c9 absorvido principalmente no duodeno, que \u00e9 seguido pelo jejuno e est\u00f4mago e o grau de absor\u00e7\u00e3o depende do tamanho das part\u00edculas de modo que a griseofulvina \u00e9 micronizada, duplicando a sua absor\u00e7\u00e3o.<br \/>\n<\/span><span style=\"color: #212121;\">Griseofulvin tem afinidade com a pele assim que uma vez absorvidos passa ao sangue onde \u00e9 transportado a Epiderme,e depositado em c\u00e9lulas basais. Tais c\u00e9lulas ret\u00eam a queratinizam droga suficiente para inibir o crescimento do dermat\u00f3fito.<\/span><\/p>\n<p class=\"western\"><span style=\"color: #212121;\">A\u00e7ao fungist\u00e1tica come\u00e7a 4 dias do in\u00edcio do tratamento em 15 &#8211; 30 dias,aparece o antibi\u00f3tico em toda a superf\u00edcie da epiderme, que depende da espessura e da velocidade de crescimento da pele.<\/span><\/p>\n<p class=\"western\"><span style=\"color: #212121;\"><b>F\u00f3rmula | Cada comprimido cont\u00e9m:<br \/>\n<\/b><\/span><span style=\"color: #212121;\">Griseofulvina microcristalina\u2026\u2026\u2026\u2026\u2026\u2026\u2026\u2026\u2026250,0 mg<br \/>\n<\/span><span style=\"color: #212121;\">Excipentes c.s.p\u2026\u2026\u2026\u2026\u2026\u2026\u2026\u2026\u2026\u2026\u2026\u2026\u2026\u2026600,0 mg<\/span><\/p>\n<p class=\"western\"><span style=\"color: #212121;\"><b>Indica\u00e7\u00f5es \/ Usos:<br \/>\n<\/b><\/span><span style=\"color: #212121;\">As micoses cut\u00e2neas causadas por fungos Trichophyton, Microsporum e Epidermophyton no c\u00e3o, gato, animais de laborat\u00f3rio e ex\u00f3ticas.<\/span><\/p>\n<p class=\"western\"><span style=\"color: #212121;\"><b>Administra\u00e7\u00e3o e dosagem<\/b><\/span><span style=\"color: #212121;\">:<br \/>\n<\/span><span style=\"color: #212121;\">A administra\u00e7\u00e3o oral.<br \/>\n<\/span><span style=\"color: #212121;\">Caninos: 20 &#8211; 40 &#8211; 60 mg por kg durante 3 a 6 semanas.<br \/>\n<\/span><span style=\"color: #212121;\">Felinos: 30 &#8211; 60 mg por kg por dia durante 4 semanas.<br \/>\n<\/span><span style=\"color: #212121;\">Cobayo: 30 &#8211; 40 mg por kg por dia durante 3 a 4 semanas.<br \/>\n<\/span><span style=\"color: #212121;\">Chinchilas: 30 &#8211; 40 mg por kg por dia durante 4 a 5 semanas.<\/span><\/p>\n<p class=\"western\"><span style=\"color: #212121;\">No c\u00e3o e no gato aceita-se a variante de administrar doses \u00fanicas de 150 mg por kg por semana acompanhando com uma dieta rica em gordura.<br \/>\n<\/span><span style=\"color: #212121;\">utiliza\u00e7\u00e3o \u00e9 recomendada griseofulvina topicamente como um coadjuvante no tratamento, evitando a propaga\u00e7\u00e3o de esporos.<\/span><\/p>\n<p class=\"western\"><strong><span style=\"color: #212121;\">Contra-indica\u00e7\u00f5es \/ precau\u00e7\u00f5es:<br \/>\n<\/span><\/strong><span style=\"color: #212121;\">Evitar o uso em animais prenhes e em animais com menos de 60 dias de idade.<\/span><\/p>\n<p class=\"western\"><span style=\"color: #212121;\"><b>Apresenta\u00e7\u00e3o:<br \/>\n<\/b><\/span><span style=\"color: #212121;\">Caixa com blister contendo 20 comprimidos.<\/span><\/p>\n<p class=\"western\"><span style=\"color: #212121;\">Mantenha entre 5 \u00b0 C. e 35 graus c.<br \/>\n<\/span><span style=\"color: #212121;\">Manter afastado de luz solar directa, humidade e calor.<\/span><\/p>\n<p class=\"western\"><span style=\"color: #212121;\">Registro Minist\u00e9rio da Pecu\u00e1ria, Agricultura e Pesca (Uruguai): A 1976<\/span><\/p>\n","protected":false},"excerpt":{"rendered":"<p>Griseofulvina microcristalina 250,0 mg Excipentes c.s.p 600,0 mg<\/p>\n","protected":false},"featured_media":1299,"comment_status":"open","ping_status":"closed","template":"","meta":[],"product_cat":[604,556],"product_tag":[],"class_list":["post-521","product","type-product","status-publish","has-post-thumbnail","hentry","product_cat-produtos-a-z","product_cat-antifungicos","thumb-has-effect","prod-rating-off"],"acf":[],"aioseo_notices":[],"_links":{"self":[{"href":"https:\/\/laboratoriounimedical.com\/pt-br\/wp-json\/wp\/v2\/product\/521","targetHints":{"allow":["GET"]}}],"collection":[{"href":"https:\/\/laboratoriounimedical.com\/pt-br\/wp-json\/wp\/v2\/product"}],"about":[{"href":"https:\/\/laboratoriounimedical.com\/pt-br\/wp-json\/wp\/v2\/types\/product"}],"replies":[{"embeddable":true,"href":"https:\/\/laboratoriounimedical.com\/pt-br\/wp-json\/wp\/v2\/comments?post=521"}],"wp:featuredmedia":[{"embeddable":true,"href":"https:\/\/laboratoriounimedical.com\/pt-br\/wp-json\/wp\/v2\/media\/1299"}],"wp:attachment":[{"href":"https:\/\/laboratoriounimedical.com\/pt-br\/wp-json\/wp\/v2\/media?parent=521"}],"wp:term":[{"taxonomy":"product_cat","embeddable":true,"href":"https:\/\/laboratoriounimedical.com\/pt-br\/wp-json\/wp\/v2\/product_cat?post=521"},{"taxonomy":"product_tag","embeddable":true,"href":"https:\/\/laboratoriounimedical.com\/pt-br\/wp-json\/wp\/v2\/product_tag?post=521"}],"curies":[{"name":"wp","href":"https:\/\/api.w.org\/{rel}","templated":true}]}}