{"id":527,"date":"2023-07-23T11:24:47","date_gmt":"2023-07-23T14:24:47","guid":{"rendered":"https:\/\/laboratoriounimedical.com\/producto\/ketomycol-100\/"},"modified":"2023-11-28T16:14:40","modified_gmt":"2023-11-28T19:14:40","slug":"ketomycol-100","status":"publish","type":"product","link":"https:\/\/laboratoriounimedical.com\/pt-br\/producto\/ketomycol-100\/","title":{"rendered":"Ketomycol 100"},"content":{"rendered":"<p class=\"western\" style=\"text-align: center;\"><span style=\"color: #212121;\"><b>Utilizar em c\u00e3es e gatos &#8211; comprimidos para uso oral.<\/b><\/span><\/p>\n<p class=\"western\"><span style=\"color: #212121;\">Ketoconazol (ingrediente activo Ketomycol 100) pertence ao grupo dos imidazoles que tem propriedades antibacterianas, antif\u00fangicas, antiprotozo\u00e1rios e anti-helm\u00edntica. Embora a sua mais not\u00e1vel ac\u00e7\u00e3o antimic\u00f3tica \u00e9 alterar a permeabilidade da membrana celular de fungos sens\u00edveis e leveduras, bloqueando a s\u00edntese de ergosterol (o esterol fungos c\u00e9lula prim\u00e1ria). Tamb\u00e9m deteriora\u00e7\u00e3o de outros sistemas de enzimas com um efeito global de uma trastorno de membrana celular com morte celular.<br \/>\n<\/span><span style=\"color: #212121;\">A sensibilidade dos imidaz\u00f3is varia muito entre as v\u00e1rias cepas de leveduras e fungos, mas n\u00e3o \u00e9 com\u00fan a resist\u00eancia natural ou adquirida.<br \/>\n<\/span><span style=\"color: #212121;\">Ketoconazol \u00e9 o mais ativo dos imidazoles antif\u00fangicos. Comprimidos para uso oral.<\/span><\/p>\n<p class=\"western\"><span style=\"color: #212121;\"><b>FORMULA | Cada comprimido cont\u00e9m:<br \/>\n<\/b><\/span><span style=\"color: #212121;\">Ketoconazol \u2026\u2026\u2026\u2026\u2026\u2026\u2026\u2026100 mg<br \/>\n<\/span><span style=\"color: #212121;\">Excipientes csp\u2026\u2026\u2026\u2026\u2026\u2026. 500 mg<\/span><\/p>\n<p class=\"western\"><span style=\"color: #212121;\"><b>INDICA\u00c7\u00d5ES:<br \/>\n<\/b><\/span><span style=\"color: #212121;\">Micose, candid\u00edase mucocut\u00e2nea, coccidioidomycosis blastomicose,\u00a0<\/span><span style=\"color: #212121;\">histoplasmose, criptococose e aspergilose sist\u00eamica.<br \/>\n<\/span><span style=\"color: #212121;\">Organismos sens\u00edveis: Blastomyces dermatitidis, Paracoccidioides brasiliensis,\u00a0<\/span><span style=\"color: #212121;\">Capasulatum Histoplasma, esp\u00e9cies de Candida, Coccidioides immitis, Cryptococcus neoformans,\u00a0<\/span><span style=\"color: #212121;\">Aspergillus fumigatus.<\/span><\/p>\n<p class=\"western\"><span style=\"color: #212121;\"><b>ADMINISTRA\u00c7\u00c3O E DOSAGEM<br \/>\n<\/b><\/span><span style=\"color: #212121;\">Em c\u00e3es 5 a 20 mg por kg de peso corporal cada 12 horas at\u00e9 a remiss\u00e3o dos sintomas.<br \/>\n<\/span><span style=\"color: #212121;\">Felino a administra\u00e7\u00e3o e dose sugerida est\u00e1 sujeita ao crit\u00e9rio do m\u00e9dico veterin\u00e1rio respons\u00e1vel.<\/span><\/p>\n<p class=\"western\"><span style=\"color: #212121;\"><b>PRECAU\u00c7\u00d5ES:<br \/>\n<\/b><\/span><span style=\"color: #212121;\">N\u00e3o administrar simultaneamente com agentes anticolin\u00e9rgicos dado que a absor\u00e7\u00e3o\u00a0<\/span><span style=\"color: #212121;\">ketoconazol \u00e9 inibida pela co-administra\u00e7\u00e3o com cimetidina, ranitidina\u00a0<\/span><span style=\"color: #212121;\">e agentes anticolin\u00e9rgicos.<br \/>\n<\/span><span style=\"color: #212121;\">Evitar o uso em animais com les\u00f5es no f\u00edgado.<\/span><\/p>\n<p class=\"western\"><span style=\"color: #212121;\"><b>APRESENTA\u00c7\u00c3O:<br \/>\n<\/b><\/span><span style=\"color: #212121;\">Caixa contendo 20 comprimidos.<\/span><\/p>\n<p class=\"western\"><span style=\"color: #212121;\">Mantenha entre 5 e 35 C<\/span><\/p>\n<p class=\"western\"><span style=\"color: #212121;\">Reg. N \u00b0 A 4701 MGAP<\/span><\/p>\n","protected":false},"excerpt":{"rendered":"<p>Ketoconazol 100,0 mg Excipientes c.s.p 250,0 mg<\/p>\n","protected":false},"featured_media":1302,"comment_status":"open","ping_status":"closed","template":"","meta":[],"product_cat":[604,556],"product_tag":[],"class_list":["post-527","product","type-product","status-publish","has-post-thumbnail","hentry","product_cat-produtos-a-z","product_cat-antifungicos","thumb-has-effect","prod-rating-off"],"acf":[],"aioseo_notices":[],"_links":{"self":[{"href":"https:\/\/laboratoriounimedical.com\/pt-br\/wp-json\/wp\/v2\/product\/527","targetHints":{"allow":["GET"]}}],"collection":[{"href":"https:\/\/laboratoriounimedical.com\/pt-br\/wp-json\/wp\/v2\/product"}],"about":[{"href":"https:\/\/laboratoriounimedical.com\/pt-br\/wp-json\/wp\/v2\/types\/product"}],"replies":[{"embeddable":true,"href":"https:\/\/laboratoriounimedical.com\/pt-br\/wp-json\/wp\/v2\/comments?post=527"}],"wp:featuredmedia":[{"embeddable":true,"href":"https:\/\/laboratoriounimedical.com\/pt-br\/wp-json\/wp\/v2\/media\/1302"}],"wp:attachment":[{"href":"https:\/\/laboratoriounimedical.com\/pt-br\/wp-json\/wp\/v2\/media?parent=527"}],"wp:term":[{"taxonomy":"product_cat","embeddable":true,"href":"https:\/\/laboratoriounimedical.com\/pt-br\/wp-json\/wp\/v2\/product_cat?post=527"},{"taxonomy":"product_tag","embeddable":true,"href":"https:\/\/laboratoriounimedical.com\/pt-br\/wp-json\/wp\/v2\/product_tag?post=527"}],"curies":[{"name":"wp","href":"https:\/\/api.w.org\/{rel}","templated":true}]}}