{"id":531,"date":"2023-07-24T11:28:21","date_gmt":"2023-07-24T14:28:21","guid":{"rendered":"https:\/\/laboratoriounimedical.com\/producto\/ketomycol-shampoo\/"},"modified":"2023-11-28T16:15:30","modified_gmt":"2023-11-28T19:15:30","slug":"ketomycol-shampoo","status":"publish","type":"product","link":"https:\/\/laboratoriounimedical.com\/pt-br\/producto\/ketomycol-shampoo\/","title":{"rendered":"Ketomycol Shampoo"},"content":{"rendered":"<p class=\"western\" style=\"text-align: center;\"><span style=\"color: #212121;\"><b>Anti-f\u00fangico, anti-seborr\u00e9ico de amplo espectro para c\u00e3es, gatos e coelhos<\/b><\/span><\/p>\n<p class=\"western\"><span style=\"color: #212121;\"><b>F\u00f3rmula | Cada 100 ml cont\u00e9m:<br \/>\n<\/b><\/span><span style=\"color: #212121;\">Ketoconazol\u2026\u2026\u2026\u2026\u2026\u2026\u2026\u2026\u2026\u2026\u2026.2,0 gr<br \/>\n<\/span><span style=\"color: #212121;\">Agentes de formulaci\u00f3n c.s.p\u2026\u2026\u2026100,0 ml<\/span><\/p>\n<p class=\"western\"><span style=\"color: #212121;\"><b>Indica\u00e7\u00f5es \/ Usos:<br \/>\n<\/b><\/span><span style=\"color: #212121;\">Antif\u00fangico de largo espectro. Microsporum Canis Microsporum Gypseun e Trichopytum. dermatite seborreica, tinea.<\/span><\/p>\n<p class=\"western\"><span style=\"color: #212121;\"><b>Administra\u00e7\u00e3o e dosagem:<br \/>\n<\/b><\/span><span style=\"color: #212121;\">Administra\u00e7\u00e3o t\u00f3pica.<br \/>\n<\/span><span style=\"color: #212121;\">Aplicar o produto para fazer contato com a pele do animal. Deixe por 5 minutos antes de enxaguar. Repita as lavagens at\u00e9 a remiss\u00e3o, ou a crit\u00e9rio do m\u00e9dico veterin\u00e1rio.<\/span><\/p>\n<p class=\"western\"><span style=\"color: #212121;\"><b>Contra-indica\u00e7\u00f5es \/ precau\u00e7\u00f5es:<br \/>\n<\/b><\/span><span style=\"color: #212121;\">Se ocorrer irrita\u00e7\u00e3o interromper o tratamento.<\/span><\/p>\n<p class=\"western\"><span style=\"color: #212121;\"><b>Apresenta\u00e7\u00e3o:<br \/>\n<\/b><\/span><span style=\"color: #212121;\">Frasco contendo 120 ml.<\/span><\/p>\n<p class=\"western\"><span style=\"color: #212121;\">Mantenha entre 5 \u00b0 C. e 35 graus c.<br \/>\n<\/span>Manter afastado de luz solar directa, humidade e calor.<\/p>\n<p class=\"western\"><span style=\"color: #212121;\">Registro Minist\u00e9rio da Pecu\u00e1ria, Agricultura e Pesca (Uruguai): A 2202<\/span><\/p>\n","protected":false},"excerpt":{"rendered":"<p>Ketoconazol 2,0 gr Agentes de formulaci\u00f3n c.s.p 100,0 ml<\/p>\n","protected":false},"featured_media":1308,"comment_status":"open","ping_status":"closed","template":"","meta":[],"product_cat":[604,566],"product_tag":[],"class_list":["post-531","product","type-product","status-publish","has-post-thumbnail","hentry","product_cat-produtos-a-z","product_cat-trat-shampoo-plugicidas-pt-br","thumb-has-effect","prod-rating-off"],"acf":[],"aioseo_notices":[],"_links":{"self":[{"href":"https:\/\/laboratoriounimedical.com\/pt-br\/wp-json\/wp\/v2\/product\/531","targetHints":{"allow":["GET"]}}],"collection":[{"href":"https:\/\/laboratoriounimedical.com\/pt-br\/wp-json\/wp\/v2\/product"}],"about":[{"href":"https:\/\/laboratoriounimedical.com\/pt-br\/wp-json\/wp\/v2\/types\/product"}],"replies":[{"embeddable":true,"href":"https:\/\/laboratoriounimedical.com\/pt-br\/wp-json\/wp\/v2\/comments?post=531"}],"wp:featuredmedia":[{"embeddable":true,"href":"https:\/\/laboratoriounimedical.com\/pt-br\/wp-json\/wp\/v2\/media\/1308"}],"wp:attachment":[{"href":"https:\/\/laboratoriounimedical.com\/pt-br\/wp-json\/wp\/v2\/media?parent=531"}],"wp:term":[{"taxonomy":"product_cat","embeddable":true,"href":"https:\/\/laboratoriounimedical.com\/pt-br\/wp-json\/wp\/v2\/product_cat?post=531"},{"taxonomy":"product_tag","embeddable":true,"href":"https:\/\/laboratoriounimedical.com\/pt-br\/wp-json\/wp\/v2\/product_tag?post=531"}],"curies":[{"name":"wp","href":"https:\/\/api.w.org\/{rel}","templated":true}]}}