{"id":533,"date":"2023-07-26T11:29:53","date_gmt":"2023-07-26T14:29:53","guid":{"rendered":"https:\/\/laboratoriounimedical.com\/producto\/laxipet\/"},"modified":"2023-11-28T16:17:42","modified_gmt":"2023-11-28T19:17:42","slug":"laxipet","status":"publish","type":"product","link":"https:\/\/laboratoriounimedical.com\/pt-br\/producto\/laxipet\/","title":{"rendered":"Laxipet"},"content":{"rendered":"<p class=\"western\" style=\"text-align: center;\"><span style=\"color: #212121;\"><b>Pasta palat\u00e1vel para Caninos e Felinos<\/b><\/span><\/p>\n<p class=\"western\"><span style=\"color: #212121;\"><b>F\u00f3rmula | 100 g cont\u00e9m:<br \/>\n<\/b><\/span><span style=\"color: #212121;\">Vaselina s\u00f3lida\u2026\u2026\u2026\u20268 gr.<br \/>\n<\/span><span style=\"color: #212121;\">\u00c1cido benzoico\u2026\u2026\u2026..0,250 gr.<br \/>\n<\/span><span style=\"color: #212121;\">Lecitina de soja\u2026\u2026\u2026.5 gr.<br \/>\n<\/span><span style=\"color: #212121;\">Excipientes c.s.p\u2026..100 gr.<\/span><\/p>\n<p class=\"western\"><span style=\"color: #212121;\"><b>Indica\u00e7\u00f5es \/ Usos:<br \/>\n<\/b><\/span><span style=\"color: #212121;\">laxante suave, lubrificante intestinal, preventiva na forma\u00e7\u00e3o de bola de pelo.<\/span><\/p>\n<p class=\"western\"><span style=\"color: #212121;\"><b>Administra\u00e7\u00e3o e dosagem:<br \/>\n<\/b><\/span><span style=\"color: #212121;\"><u>Como cura:<br \/>\n<\/u><\/span><span style=\"color: #212121;\">Felinos (forma\u00e7\u00e3o de bola de pelo, constipa\u00e7\u00e3o) 1 \/ 2-1 colher de ch\u00e1 de ch\u00e1 1-2 vezes por dia remiss\u00e3o total dos sintomas at\u00e9 (2-5 gr.).<\/span><\/p>\n<p class=\"western\"><span style=\"color: #212121;\"><u>Como medida preventiva:<br \/>\n<\/u><\/span><span style=\"color: #212121;\">Felinos: 1 \/ 4-1 \/ 2 colher de ch\u00e1 (1-3 g) 2-3 vezes por semana no total.<br \/>\n<\/span><span style=\"color: #212121;\">Caninos: 1 \/ 2-1 colher de ch\u00e1 2-3 vezes por semana.<\/span><\/p>\n<p class=\"western\"><span style=\"color: #212121;\">As doses podem ser administradas sem ser coincidente com a comida, colocando o produto na parte de tr\u00e1s da m\u00e3o do animal como o seu gosto e requintado o animal ir\u00e1 lamber.<\/span><\/p>\n<p class=\"western\"><span style=\"color: #212121;\"><b>Contra-indica\u00e7\u00f5es \/ precau\u00e7\u00f5es:<br \/>\n<\/b><\/span><span style=\"color: #212121;\">Evitar a utiliza\u00e7\u00e3o prolongada porque pode interferir com a absor\u00e7\u00e3o de vitaminas sol\u00faveis em gordura e causar irrita\u00e7\u00e3o do \u00e2nus. N\u00e3o deve ser administrado em caso de v\u00f3lvulo, tor\u00e7\u00f5es g\u00e1stricos ou intestinais, \u00edleo paral\u00edtico e obstru\u00e7\u00e3o intestinal. N\u00e3o use em animais de menos de 60 dias. Ele pode ser administrado com seguran\u00e7a em f\u00eameas gr\u00e1vidas ou em lacta\u00e7\u00e3o.<\/span><\/p>\n<p class=\"western\"><span style=\"color: #212121;\"><b>Apresenta\u00e7\u00e3o:<br \/>\n<\/b><\/span><span style=\"color: #212121;\">Tubo contendo 60,0 g.<\/span><\/p>\n<p class=\"western\"><span style=\"color: #212121;\">Mantenha entre 5 \u00b0 C. e 35 graus c.<br \/>\n<\/span><span style=\"color: #212121;\">Manter afastado de luz solar directa, humidade e calor.<\/span><\/p>\n<p class=\"western\"><span style=\"color: #212121;\">Registro Minist\u00e9rio da Pecu\u00e1ria, Agricultura e Pesca (Uruguai): A 2108<\/span><\/p>\n","protected":false},"excerpt":{"rendered":"<p>Vaselina s\u00f3lida 8 gr \u00c1cido benzoico 0,250 gr Lecitina de soja 5 gr Excipientes c.s.p 100 gr<\/p>\n","protected":false},"featured_media":1317,"comment_status":"open","ping_status":"closed","template":"","meta":[],"product_cat":[604,562],"product_tag":[],"class_list":["post-533","product","type-product","status-publish","has-post-thumbnail","hentry","product_cat-produtos-a-z","product_cat-laxantes-e-antidiarreicos","thumb-has-effect","prod-rating-off"],"acf":[],"aioseo_notices":[],"_links":{"self":[{"href":"https:\/\/laboratoriounimedical.com\/pt-br\/wp-json\/wp\/v2\/product\/533","targetHints":{"allow":["GET"]}}],"collection":[{"href":"https:\/\/laboratoriounimedical.com\/pt-br\/wp-json\/wp\/v2\/product"}],"about":[{"href":"https:\/\/laboratoriounimedical.com\/pt-br\/wp-json\/wp\/v2\/types\/product"}],"replies":[{"embeddable":true,"href":"https:\/\/laboratoriounimedical.com\/pt-br\/wp-json\/wp\/v2\/comments?post=533"}],"wp:featuredmedia":[{"embeddable":true,"href":"https:\/\/laboratoriounimedical.com\/pt-br\/wp-json\/wp\/v2\/media\/1317"}],"wp:attachment":[{"href":"https:\/\/laboratoriounimedical.com\/pt-br\/wp-json\/wp\/v2\/media?parent=533"}],"wp:term":[{"taxonomy":"product_cat","embeddable":true,"href":"https:\/\/laboratoriounimedical.com\/pt-br\/wp-json\/wp\/v2\/product_cat?post=533"},{"taxonomy":"product_tag","embeddable":true,"href":"https:\/\/laboratoriounimedical.com\/pt-br\/wp-json\/wp\/v2\/product_tag?post=533"}],"curies":[{"name":"wp","href":"https:\/\/api.w.org\/{rel}","templated":true}]}}