{"id":535,"date":"2023-07-27T11:31:51","date_gmt":"2023-07-27T14:31:51","guid":{"rendered":"https:\/\/laboratoriounimedical.com\/producto\/neurodermyl\/"},"modified":"2023-11-28T16:18:10","modified_gmt":"2023-11-28T19:18:10","slug":"neurodermyl","status":"publish","type":"product","link":"https:\/\/laboratoriounimedical.com\/pt-br\/producto\/neurodermyl\/","title":{"rendered":"Neurodermyl"},"content":{"rendered":"<p class=\"western\" style=\"text-align: center;\"><span style=\"color: #212121;\"><b>Antipruriginoso,tranquilizante para caninos<\/b><\/span><\/p>\n<p class=\"western\"><span style=\"color: #212121;\">Neurodermyl \u00e9 uma associa\u00e7\u00e3o de duas drogas bem conhecidas, prednisolona com a\u00e7\u00e3o anti-inflamat\u00f3ria e diazepam com um efeito sedativo que associadas podem tratar sintomatologicamente patologias da pele que associadas a coceira causam desconforto para o animal que o irritam.<\/span><\/p>\n<p class=\"western\"><span style=\"color: #212121;\"><b>F\u00f3rmula | Cada comprimido cont\u00e9m:<br \/>\n<\/b><\/span><span style=\"color: #212121;\">Prednisolona\u2026\u2026\u2026\u2026\u2026\u2026\u2026\u2026\u2026\u2026\u2026\u2026\u2026.10,0 mg<br \/>\n<\/span><span style=\"color: #212121;\">Diazepan\u2026\u2026\u2026\u2026\u2026\u2026\u2026\u2026\u2026\u2026\u2026\u2026\u2026\u2026\u2026.5,0 mg<br \/>\n<\/span><span style=\"color: #212121;\">Excipientes c.s.p\u2026\u2026\u2026\u2026\u2026\u2026\u2026\u2026\u2026\u2026..250,0 mg<\/span><\/p>\n<p class=\"western\"><span style=\"color: #212121;\"><b>Indica\u00e7\u00f5es \/ Usos<\/b><\/span><span style=\"color: #212121;\">:<br \/>\n<\/span><span style=\"color: #212121;\">Dermatite, em geral, especialmente \u00fatil em neurodermatitis,neurose do rabo, dermatite do rabo.<\/span><\/p>\n<p class=\"western\"><span style=\"color: #212121;\"><b>Administra\u00e7\u00e3o e dosagem:<br \/>\n<\/b><\/span><span style=\"color: #212121;\">Administra\u00e7\u00e3o oral.<br \/>\n<\/span><span style=\"color: #212121;\">1 comprimido por 10 kg de peso durante 5 a 7 dias.<br \/>\n<\/span><span style=\"color: #212121;\">\u00c9 recomendado para interrup\u00e7\u00e3o faz\u00ea-lo gradualmente de acordo a indica\u00e7\u00e3o do veterin\u00e1rio.<br \/>\n<\/span><\/p>\n<p class=\"western\"><span style=\"color: #212121;\"><strong>Contra-indica\u00e7\u00f5es \/ precau\u00e7\u00f5es:<\/strong><br \/>\n<\/span><span style=\"color: #212121;\">N\u00e3o utilizar em f\u00eameas gestantes, em animais com sarna demod\u00e9cica, artrite cr\u00f4nica, insufici\u00eancia hep\u00e1tica ou renal, \u00falceras duodenais e glaucoma.<\/span><\/p>\n<p class=\"western\"><span style=\"color: #212121;\"><b>Apresenta\u00e7\u00e3o:<br \/>\n<\/b><\/span><span style=\"color: #212121;\">Caixa com blister contendo 10 comprimidos.<\/span><\/p>\n<p class=\"western\"><span style=\"color: #212121;\">Mantenha entre 5 e 35 graus c.<br \/>\n<\/span><span style=\"color: #212121;\">Manter afastado de luz solar directa, humidade e calor.<br \/>\n<\/span><span style=\"color: #212121;\">Medica\u00e7\u00e3o psicotr\u00f3pica.<br \/>\n<\/span><span style=\"color: #212121;\">Mantenha fora do alcance de crian\u00e7as.<\/span><\/p>\n<p class=\"western\"><span style=\"color: #212121;\">Registro Minist\u00e9rio da Pecu\u00e1ria, Agricultura e Pesca (Uruguai): A 2211<\/span><\/p>\n","protected":false},"excerpt":{"rendered":"<p>Prednisolona 10,0 mg Diazepan 5,0 mg Excipientes c.s.p 250,0 mg<\/p>\n","protected":false},"featured_media":1323,"comment_status":"open","ping_status":"closed","template":"","meta":[],"product_cat":[604,539],"product_tag":[],"class_list":["post-535","product","type-product","status-publish","has-post-thumbnail","hentry","product_cat-produtos-a-z","product_cat-sicotropicos-pt-br","thumb-has-effect","prod-rating-off"],"acf":[],"aioseo_notices":[],"_links":{"self":[{"href":"https:\/\/laboratoriounimedical.com\/pt-br\/wp-json\/wp\/v2\/product\/535","targetHints":{"allow":["GET"]}}],"collection":[{"href":"https:\/\/laboratoriounimedical.com\/pt-br\/wp-json\/wp\/v2\/product"}],"about":[{"href":"https:\/\/laboratoriounimedical.com\/pt-br\/wp-json\/wp\/v2\/types\/product"}],"replies":[{"embeddable":true,"href":"https:\/\/laboratoriounimedical.com\/pt-br\/wp-json\/wp\/v2\/comments?post=535"}],"wp:featuredmedia":[{"embeddable":true,"href":"https:\/\/laboratoriounimedical.com\/pt-br\/wp-json\/wp\/v2\/media\/1323"}],"wp:attachment":[{"href":"https:\/\/laboratoriounimedical.com\/pt-br\/wp-json\/wp\/v2\/media?parent=535"}],"wp:term":[{"taxonomy":"product_cat","embeddable":true,"href":"https:\/\/laboratoriounimedical.com\/pt-br\/wp-json\/wp\/v2\/product_cat?post=535"},{"taxonomy":"product_tag","embeddable":true,"href":"https:\/\/laboratoriounimedical.com\/pt-br\/wp-json\/wp\/v2\/product_tag?post=535"}],"curies":[{"name":"wp","href":"https:\/\/api.w.org\/{rel}","templated":true}]}}