{"id":537,"date":"2023-07-31T11:33:42","date_gmt":"2023-07-31T14:33:42","guid":{"rendered":"https:\/\/laboratoriounimedical.com\/producto\/peroxidil\/"},"modified":"2023-11-28T16:20:55","modified_gmt":"2023-11-28T19:20:55","slug":"peroxidil","status":"publish","type":"product","link":"https:\/\/laboratoriounimedical.com\/pt-br\/producto\/peroxidil\/","title":{"rendered":"Peroxidil"},"content":{"rendered":"<p class=\"western\" style=\"text-align: center;\"><span style=\"color: #212121;\"><b>Queratol\u00edtico &#8211; Anti-s\u00e9ptico<\/b><\/span><\/p>\n<p class=\"western\"><span style=\"color: #212121;\"><b>FORMULA<br \/>\n<\/b><\/span><span style=\"color: #212121;\">Peroxido de benzoilo\u2026\u2026\u2026\u2026\u2026\u2026\u2026..3 gr.<br \/>\n<\/span><span style=\"color: #212121;\">Excipientes c.s.p\u2026\u2026\u2026\u2026\u2026\u2026\u2026\u2026.100 ml.<\/span><\/p>\n<p class=\"western\"><span style=\"color: #212121;\"><b>INDICA\u00c7\u00d5ES<br \/>\n<\/b><\/span><span style=\"color: #212121;\">Shampoo dermatol\u00f3gico, queratol\u00edticos antiss\u00e9ptico indicado em piodermias bacterianas , foliculite, impetigo, furunculose e seborr\u00e9ia.<\/span><\/p>\n<p class=\"western\"><span style=\"color: #212121;\"><b>APLICA\u00c7\u00c3O<br \/>\n<\/b><\/span><span style=\"color: #212121;\">Massageie suavemente para promover o contacto do shampoo com a pele, enxaguar, aplicar um segundo shampoo deixando actuar o produto realizando banho.<br \/>\n<\/span><span style=\"color: #212121;\">O intervalo entre os banhos depende da condi\u00e7\u00e3o a ser tratada, no caso de seborreica indo de 3-7 dias at\u00e9 cada 2-3 semanas.<br \/>\n<\/span><span style=\"color: #212121;\">Se for utilizado como um anti-s\u00e9ptico pode ser usado com mais frequ\u00eancia.<br \/>\n<\/span><span style=\"color: #212121;\">A subst\u00e2ncia activa seca a pele muito, tratar como indicado pelo seu m\u00e9dico veterin\u00e1rio.<\/span><\/p>\n<p class=\"western\"><span style=\"color: #212121;\"><b>PRECAU\u00c7\u00d5ES<br \/>\n<\/b><\/span><span style=\"color: #212121;\">Manter longe do alcance das crian\u00e7as. Evitar o contacto com olhos e mucosas. Provoca a secura da pele. Em alguns casos, pode dar rea\u00e7\u00e3o da pele (eritema, dor e coceira).<br \/>\n<\/span><span style=\"color: #212121;\">Em caso de ingest\u00e3o acidental por seres humanos chamar o Hospital de Cl\u00ednicas CIAT Tel: 1722<\/span><\/p>\n<p class=\"western\"><span style=\"color: #212121;\">Reg MGAP -. A 3965<\/span><\/p>\n","protected":false},"excerpt":{"rendered":"<p>Peroxido de benzoilo 3 gr Excipientes c.s.p 100 ml<\/p>\n","protected":false},"featured_media":1329,"comment_status":"open","ping_status":"closed","template":"","meta":[],"product_cat":[604,566],"product_tag":[],"class_list":["post-537","product","type-product","status-publish","has-post-thumbnail","hentry","product_cat-produtos-a-z","product_cat-trat-shampoo-plugicidas-pt-br","thumb-has-effect","prod-rating-off"],"acf":[],"aioseo_notices":[],"_links":{"self":[{"href":"https:\/\/laboratoriounimedical.com\/pt-br\/wp-json\/wp\/v2\/product\/537","targetHints":{"allow":["GET"]}}],"collection":[{"href":"https:\/\/laboratoriounimedical.com\/pt-br\/wp-json\/wp\/v2\/product"}],"about":[{"href":"https:\/\/laboratoriounimedical.com\/pt-br\/wp-json\/wp\/v2\/types\/product"}],"replies":[{"embeddable":true,"href":"https:\/\/laboratoriounimedical.com\/pt-br\/wp-json\/wp\/v2\/comments?post=537"}],"wp:featuredmedia":[{"embeddable":true,"href":"https:\/\/laboratoriounimedical.com\/pt-br\/wp-json\/wp\/v2\/media\/1329"}],"wp:attachment":[{"href":"https:\/\/laboratoriounimedical.com\/pt-br\/wp-json\/wp\/v2\/media?parent=537"}],"wp:term":[{"taxonomy":"product_cat","embeddable":true,"href":"https:\/\/laboratoriounimedical.com\/pt-br\/wp-json\/wp\/v2\/product_cat?post=537"},{"taxonomy":"product_tag","embeddable":true,"href":"https:\/\/laboratoriounimedical.com\/pt-br\/wp-json\/wp\/v2\/product_tag?post=537"}],"curies":[{"name":"wp","href":"https:\/\/api.w.org\/{rel}","templated":true}]}}