{"id":539,"date":"2023-08-02T11:35:13","date_gmt":"2023-08-02T14:35:13","guid":{"rendered":"https:\/\/laboratoriounimedical.com\/producto\/prednisolona-10\/"},"modified":"2023-11-28T16:23:30","modified_gmt":"2023-11-28T19:23:30","slug":"prednisolona-10","status":"publish","type":"product","link":"https:\/\/laboratoriounimedical.com\/pt-br\/producto\/prednisolona-10\/","title":{"rendered":"Prednisolona 10"},"content":{"rendered":"<p class=\"western\"><span style=\"color: #212121;\"><b>Anti-inflamat\u00f3rio horm\u00f4nio de Caninos e Felinos<\/b><\/span><\/p>\n<p class=\"western\"><span style=\"color: #212121;\">Prednisolona 10 \u00e9 um corticoster\u00f3ide sint\u00e9tico de ac\u00e7\u00e3o interm\u00e9dia.<br \/>\n<\/span><span style=\"color: #212121;\">\u00c9 aconselh\u00e1vel administrar os comprimidos em c\u00e3es entre 7 e 10 horas da manh\u00e3 e no gato entre 22 e 24 horas de forma a coincidir com a curva hormonal normal.<\/span><\/p>\n<p class=\"western\"><span style=\"color: #212121;\"><b>F\u00f3rmula | Cada comprimido cont\u00e9m:<br \/>\n<\/b><\/span><span style=\"color: #212121;\">Prednisolona&#8230;&#8230;&#8230;&#8230;&#8230;&#8230;&#8230;&#8230;&#8230;&#8230;&#8230;&#8230; ..10,0 mg<br \/>\n<\/span><span style=\"color: #212121;\">Excipientes c.s.p&#8230;&#8230;&#8230;&#8230;&#8230;&#8230;&#8230;&#8230;&#8230;&#8230; 250,0 mg<\/span><\/p>\n<p class=\"western\"><span style=\"color: #212121;\"><b>Indica\u00e7\u00f5es \/ Usos:<br \/>\n<\/b><\/span><span style=\"color: #212121;\">Prednisolona 10 \u00e9 indicado para a terapia de substitui\u00e7\u00e3o de tratamento de processos inflamat\u00f3rios, tais como alergias e suprimir mecanismos imunol\u00f3gicos. Controle de doen\u00e7as auto-imunes como vulgar pernfigo p\u00eanfigo complexo e vegetante eritematoso.<\/span><\/p>\n<p class=\"western\"><span style=\"color: #212121;\"><b>Administra\u00e7\u00e3o e dosagem:<br \/>\n<\/b><\/span><span style=\"color: #212121;\">1) Para a terapia de substitui\u00e7\u00e3o de 0,25 mg \/ kg.<br \/>\n<\/span><span style=\"color: #212121;\">2) processos inflamat\u00f3rios e alergias da pele 0,5 a 1,0 mg \/ kg por dia.<\/span><\/p>\n<p class=\"western\"><span style=\"color: #212121;\"><span style=\"text-decoration: underline;\">cuidados de longa dura\u00e7\u00e3o:<\/span><br \/>\n<\/span><span style=\"color: #212121;\">1) efectuar a indu\u00e7\u00e3o por 5 a 7 dias a uma taxa de 0,5 a 1,0 mg \/ kg por dia.<br \/>\n<\/span><span style=\"color: #212121;\">2) Continue com uma dose dupla de 1,0 a 2,0 mg \/ kg por dia a cada 48 horas, lembrando que o c\u00e3o ser\u00e1 na parte da manh\u00e3 e o gato \u00e0 noite.<br \/>\n<\/span><span style=\"color: #212121;\">3) reduzir a dose em 50% por semana para determinar a menor dose de manuten\u00e7\u00e3o. Finalmente, o tratamento deve ser interrompido gradualmente ..<\/span><\/p>\n<p class=\"western\"><span style=\"color: #212121;\"><b>Contra-indica\u00e7\u00f5es \/ precau\u00e7\u00f5es:<br \/>\n<\/b><\/span><span style=\"color: #212121;\">demod\u00e9tica, artrite cr\u00f3nica, insufici\u00eancia renal e hep\u00e1tica, \u00falcera do duodeno, doen\u00e7as f\u00fangicas, glaucoma.<\/span><\/p>\n<p class=\"western\"><span style=\"color: #212121;\"><b>Apresenta\u00e7\u00e3o:<br \/>\n<\/b><\/span><span style=\"color: #212121;\">Caixa contendo blister 10 comp.<\/span><\/p>\n<p class=\"western\"><span style=\"color: #212121;\">Mantenha entre 5 \u00b0 C. e 35 graus c.<br \/>\n<\/span><span style=\"color: #212121;\">Manter afastado de luz solar directa, humidade e calor.<\/span><\/p>\n<p class=\"western\"><span style=\"color: #212121;\">Registro Minist\u00e9rio da Pecu\u00e1ria, Agricultura e Pesca (Uruguai): A 2023<\/span><\/p>\n","protected":false},"excerpt":{"rendered":"<p>Prednisolona 10,0 mg Excipientes c.s.p 250,0 mg<\/p>\n","protected":false},"featured_media":1344,"comment_status":"open","ping_status":"closed","template":"","meta":[],"product_cat":[604,555],"product_tag":[],"class_list":["post-539","product","type-product","status-publish","has-post-thumbnail","hentry","product_cat-produtos-a-z","product_cat-anti-inflamatorios","thumb-has-effect","prod-rating-off"],"acf":[],"aioseo_notices":[],"_links":{"self":[{"href":"https:\/\/laboratoriounimedical.com\/pt-br\/wp-json\/wp\/v2\/product\/539","targetHints":{"allow":["GET"]}}],"collection":[{"href":"https:\/\/laboratoriounimedical.com\/pt-br\/wp-json\/wp\/v2\/product"}],"about":[{"href":"https:\/\/laboratoriounimedical.com\/pt-br\/wp-json\/wp\/v2\/types\/product"}],"replies":[{"embeddable":true,"href":"https:\/\/laboratoriounimedical.com\/pt-br\/wp-json\/wp\/v2\/comments?post=539"}],"wp:featuredmedia":[{"embeddable":true,"href":"https:\/\/laboratoriounimedical.com\/pt-br\/wp-json\/wp\/v2\/media\/1344"}],"wp:attachment":[{"href":"https:\/\/laboratoriounimedical.com\/pt-br\/wp-json\/wp\/v2\/media?parent=539"}],"wp:term":[{"taxonomy":"product_cat","embeddable":true,"href":"https:\/\/laboratoriounimedical.com\/pt-br\/wp-json\/wp\/v2\/product_cat?post=539"},{"taxonomy":"product_tag","embeddable":true,"href":"https:\/\/laboratoriounimedical.com\/pt-br\/wp-json\/wp\/v2\/product_tag?post=539"}],"curies":[{"name":"wp","href":"https:\/\/api.w.org\/{rel}","templated":true}]}}