{"id":542,"date":"2023-08-03T11:36:38","date_gmt":"2023-08-03T14:36:38","guid":{"rendered":"https:\/\/laboratoriounimedical.com\/producto\/prednisolona-20\/"},"modified":"2023-11-28T16:23:51","modified_gmt":"2023-11-28T19:23:51","slug":"prednisolona-20","status":"publish","type":"product","link":"https:\/\/laboratoriounimedical.com\/pt-br\/producto\/prednisolona-20\/","title":{"rendered":"Prednisolona 20"},"content":{"rendered":"<p class=\"western\" style=\"text-align: center;\"><span style=\"color: #212121;\"><b>Anti-inflamat\u00f3rios, antial\u00e9rgicos, antipruritico &#8211; comprimidos para uso ora<\/b><\/span><span style=\"color: #212121;\">l<\/span><\/p>\n<p class=\"western\"><span style=\"color: #212121;\"><b>FORMULA | Cada comprimido cont\u00e9m:<br \/>\n<\/b><\/span><span style=\"color: #212121;\">Prednisolona&#8230;&#8230;&#8230;&#8230;&#8230;&#8230;&#8230; ..20 mg<br \/>\n<\/span><span style=\"color: #212121;\">Excipientes c.s.p &#8230;&#8230;&#8230;&#8230;.. 250 mg<\/span><\/p>\n<p class=\"western\"><span style=\"color: #212121;\"><b>A\u00c7\u00c3O:<br \/>\n<\/b><\/span><span style=\"color: #212121;\">A prednisolona \u00e9 um corticoster\u00f3ide de ac\u00e7\u00e3o interm\u00e9dia.<br \/>\n<\/span><span style=\"color: #212121;\">\u00c9 aconselh\u00e1vel administrar os comprimidos em c\u00e3es entre 7 e 10 horas da manh\u00e3 e no gato entre 22 e 24 horas de forma a coincidir com a curva hormonal normal.<\/span><\/p>\n<p class=\"western\"><span style=\"color: #212121;\"><b>MODO DE USAR:<br \/>\n<\/b><\/span><span style=\"color: #212121;\">Prednisolona 20 mg Unimedical indicado em c\u00e3es como anti-inflamatorio, antipruritico e antial\u00e9rgico.<br \/>\n<\/span><span style=\"color: #212121;\">Recomenda-se em les\u00f5es inflamat\u00f3rias e al\u00e9rgicas da pele.<br \/>\n<\/span><span style=\"color: #212121;\">Como terapia de substitui\u00e7\u00e3o, como tratamento de processos inflamat\u00f3rios e al\u00e9rgicos, ao suprimir processos inflamat\u00f3rios.<br \/>\n<\/span><span style=\"color: #212121;\">Controla os processos auto-imunes (p\u00eanfigo vulgar, p\u00eanfigo vegetante, p\u00eanfigo foli\u00e1ceo e p\u00eanfigo eritematoso) dermatite al\u00e9rgica, por contato, seborreicas.<\/span><\/p>\n<p class=\"western\"><span style=\"color: #212121;\"><strong>Contra-indica\u00e7\u00f5es:<\/strong><br \/>\n<\/span><span style=\"color: #212121;\">N\u00e3o utilizar em caso de sarna demod\u00e9cica, artrite cr\u00f4nica, insufici\u00eancia hep\u00e1tica e renal, \u00falcera duodenal, pancreatite em doen\u00e7as infecciosas agudas, doen\u00e7as f\u00fangicas e glaucoma<\/span><\/p>\n<p class=\"western\"><span style=\"color: #212121;\"><b>DOSE:<br \/>\n<\/b><\/span><span style=\"color: #212121;\">Em c\u00e3es, recomenda-se de dosagem entre 7 e 10:00, para coincidir com a curva hormonal normal.<\/span><\/p>\n<p class=\"western\"><span style=\"color: #212121;\">terapia de reposi\u00e7\u00e3o &#8230;&#8230;&#8230;&#8230;&#8230;&#8230;&#8230;&#8230;&#8230;&#8230;&#8230;&#8230;&#8230;&#8230;&#8230; .. 0,25 mg \/ kg. (01.04 tablet \/ 20 kg \/ dia)<br \/>\n<\/span><span style=\"color: #212121;\">alergias da pele e processos inflamat\u00f3rios &#8230;&#8230;&#8230; 0,5 a 1 mg \/ kg. \/ dia (1\/4 a 1 comprimido \/ 20 kg \/ dia)<br \/>\n<\/span><span style=\"color: #212121;\">doen\u00e7as auto-imunes e certos cancros &#8230;&#8230;&#8230;&#8230; .2-4mg \/ kg \/ dia (4\/2 comprimido \/ 20 kg \/ dia)<\/span><\/p>\n<p class=\"western\"><span style=\"color: #212121;\"><u>Em tratamentos prolongados:<br \/>\n<\/u><\/span><span style=\"color: #212121;\">1) efectuar a indu\u00e7\u00e3o de 5 a 7 dias a uma taxa de 0,5 a mg \/ kg. \/ Dia (1\/2 comprimido \/ 20 kg \/ dia)<br \/>\n<\/span><span style=\"color: #212121;\">2) Continue com uma dose dupla de 1 a 2 mg \/ kg.d\u00eda todos os 48 Hs (1-2 tablet \/ 20 kg \/ dia) fornec\u00ea-lo na parte da manh\u00e3 no c\u00e3o.<br \/>\n<\/span><span style=\"color: #212121;\">3) reduzir a dose a 50%, intervalos semanais.<br \/>\n<\/span><span style=\"color: #212121;\">4) interromper gradualmente.<\/span><\/p>\n<p class=\"western\"><span style=\"color: #212121;\"><b>ARMAZENAMENTO<\/b><\/span><span style=\"color: #212121;\">:<br \/>\n<\/span><span style=\"color: #212121;\">Armazenar em local fresco, seco e protegido da luz solar. Manter fora do alcance das crian\u00e7as, deficientes e animais de estima\u00e7\u00e3o.<\/span><\/p>\n<p class=\"western\"><span style=\"color: #212121;\">Reg. MGAP A 4454<\/span><\/p>\n<p class=\"western\"><span style=\"color: #212121;\">Reg. MIDAS RF-4126-07<\/span><\/p>\n<p class=\"western\"><span style=\"color: #212121;\">Reg. SENASA UY5-14-10-4414 *<\/span><\/p>\n","protected":false},"excerpt":{"rendered":"<p>Prednisolona 20,0 mg Excipientes c.s.p 250,0 mg<\/p>\n","protected":false},"featured_media":1350,"comment_status":"open","ping_status":"closed","template":"","meta":[],"product_cat":[604,555],"product_tag":[],"class_list":["post-542","product","type-product","status-publish","has-post-thumbnail","hentry","product_cat-produtos-a-z","product_cat-anti-inflamatorios","thumb-has-effect","prod-rating-off"],"acf":[],"aioseo_notices":[],"_links":{"self":[{"href":"https:\/\/laboratoriounimedical.com\/pt-br\/wp-json\/wp\/v2\/product\/542","targetHints":{"allow":["GET"]}}],"collection":[{"href":"https:\/\/laboratoriounimedical.com\/pt-br\/wp-json\/wp\/v2\/product"}],"about":[{"href":"https:\/\/laboratoriounimedical.com\/pt-br\/wp-json\/wp\/v2\/types\/product"}],"replies":[{"embeddable":true,"href":"https:\/\/laboratoriounimedical.com\/pt-br\/wp-json\/wp\/v2\/comments?post=542"}],"wp:featuredmedia":[{"embeddable":true,"href":"https:\/\/laboratoriounimedical.com\/pt-br\/wp-json\/wp\/v2\/media\/1350"}],"wp:attachment":[{"href":"https:\/\/laboratoriounimedical.com\/pt-br\/wp-json\/wp\/v2\/media?parent=542"}],"wp:term":[{"taxonomy":"product_cat","embeddable":true,"href":"https:\/\/laboratoriounimedical.com\/pt-br\/wp-json\/wp\/v2\/product_cat?post=542"},{"taxonomy":"product_tag","embeddable":true,"href":"https:\/\/laboratoriounimedical.com\/pt-br\/wp-json\/wp\/v2\/product_tag?post=542"}],"curies":[{"name":"wp","href":"https:\/\/api.w.org\/{rel}","templated":true}]}}