{"id":544,"date":"2023-08-07T11:38:56","date_gmt":"2023-08-07T14:38:56","guid":{"rendered":"https:\/\/laboratoriounimedical.com\/producto\/tirovet-4\/"},"modified":"2023-11-28T16:28:51","modified_gmt":"2023-11-28T19:28:51","slug":"tirovet-4","status":"publish","type":"product","link":"https:\/\/laboratoriounimedical.com\/pt-br\/producto\/tirovet-4\/","title":{"rendered":"Tirovet 4"},"content":{"rendered":"<p>Use em caninos<br \/>\nHorm\u00f4nio tireoidiano levotiroxina s\u00f3dico para hipotireoidismo<br \/>\n<strong>Indica\u00e7\u00f5es:<\/strong><br \/>\nIndicado para o tratamento do hipotireoidismo deficiente horm\u00f4nio da tire\u00f3ide de qualquer etiologia. Terapia de reposi\u00e7\u00e3o.<br \/>\n<strong>Dosagem:<\/strong><br \/>\nEm c\u00e3es, a dose di\u00e1ria de 0,02 mg a 0,04 mg por Kg (equivalente a 1 comprimido de 0,4 mg para 10 a 20 kg de peso).<\/p>\n<p>Considera\u00e7\u00f5es sobre dosagem:<br \/>\nNo in\u00edcio do tratamento, comece com uma dose 0,02 mg \/ Kg (1 comprimido por 20 Kg de Peso) 2 vezes ao dia.<br \/>\nCom uma dose m\u00e1xima de 0,8 mg 2 vezes ao dia.<br \/>\nAp\u00f3s 4-8 semanas, avalie a resposta cl\u00ednica e me\u00e7a o n\u00edvel de T4 em 4-6 horas ap\u00f3s a dose.<\/p>\n<p>Se a resposta cl\u00ednica for positiva e<br \/>\n1) T4 normal baixo: A dose deve ser aumentada e verificada novamente em 4 semanas.<br \/>\n2) T4 Normal alto ou ligeiramente superior ao normal: n\u00e3o altere o dose e verifique novamente em 6 meses.<br \/>\n3) 40% ou mais acima do normal: diminua a dose ou considere administra\u00e7\u00e3o uma vez por dia e verifique novamente ap\u00f3s 4 semanas<br \/>\n(se uma dose di\u00e1ria levar ao n\u00edvel anterior).<\/p>\n<p>Se a resposta cl\u00ednica for negativa e<br \/>\n1) T4 normal baixo: aumentar a dose e verificar novamente em 8 semanas (pode ser necess\u00e1rio aumentar a dose novamente) passar para a dosagem<br \/>\n3 vezes ao dia ou reavaliar o diagn\u00f3stico.<br \/>\n2) T4 Normal alto at\u00e9 um aumento de 40% ou mais acima da faixa normal:<\/p>\n<p>Reavalie o diagn\u00f3stico.<\/p>\n<p><em>Fonte: Donald C. Plumb Manual of Veterinary Pharmacology Sexta Edi\u00e7\u00e3o<\/em><\/p>\n<p><strong>Contra-indica\u00e7\u00f5es<\/strong><br \/>\nContra-indicado em pacientes com infarto agudo do mioc\u00e1rdio, tireotoxicose, insufici\u00eancia adrenal n\u00e3o tratada. Deve ser usado com cautela e em uma dose inicial baixa nos pacientes com hipoadrenocorticismo concomitante (tratado), doen\u00e7a card\u00edaca, diabetes.<\/p>\n","protected":false},"excerpt":{"rendered":"<p>Levotiroxina 0.4mg<\/p>\n","protected":false},"featured_media":1365,"comment_status":"open","ping_status":"closed","template":"","meta":[],"product_cat":[604,561],"product_tag":[],"class_list":["post-544","product","type-product","status-publish","has-post-thumbnail","hentry","product_cat-produtos-a-z","product_cat-hormonios","thumb-has-effect","prod-rating-off"],"acf":[],"aioseo_notices":[],"_links":{"self":[{"href":"https:\/\/laboratoriounimedical.com\/pt-br\/wp-json\/wp\/v2\/product\/544","targetHints":{"allow":["GET"]}}],"collection":[{"href":"https:\/\/laboratoriounimedical.com\/pt-br\/wp-json\/wp\/v2\/product"}],"about":[{"href":"https:\/\/laboratoriounimedical.com\/pt-br\/wp-json\/wp\/v2\/types\/product"}],"replies":[{"embeddable":true,"href":"https:\/\/laboratoriounimedical.com\/pt-br\/wp-json\/wp\/v2\/comments?post=544"}],"wp:featuredmedia":[{"embeddable":true,"href":"https:\/\/laboratoriounimedical.com\/pt-br\/wp-json\/wp\/v2\/media\/1365"}],"wp:attachment":[{"href":"https:\/\/laboratoriounimedical.com\/pt-br\/wp-json\/wp\/v2\/media?parent=544"}],"wp:term":[{"taxonomy":"product_cat","embeddable":true,"href":"https:\/\/laboratoriounimedical.com\/pt-br\/wp-json\/wp\/v2\/product_cat?post=544"},{"taxonomy":"product_tag","embeddable":true,"href":"https:\/\/laboratoriounimedical.com\/pt-br\/wp-json\/wp\/v2\/product_tag?post=544"}],"curies":[{"name":"wp","href":"https:\/\/api.w.org\/{rel}","templated":true}]}}