{"id":549,"date":"2023-08-10T11:42:58","date_gmt":"2023-08-10T14:42:58","guid":{"rendered":"https:\/\/laboratoriounimedical.com\/producto\/uniflox-max\/"},"modified":"2023-11-28T16:29:57","modified_gmt":"2023-11-28T19:29:57","slug":"uniflox-max","status":"publish","type":"product","link":"https:\/\/laboratoriounimedical.com\/pt-br\/producto\/uniflox-max\/","title":{"rendered":"Uniflox Max"},"content":{"rendered":"<p class=\"western\"><span style=\"color: #212121;\"><b>Uso em c\u00e3es, gatos e coelhos.<\/b><\/span><\/p>\n<p class=\"western\"><span style=\"color: #212121;\">E. Uniflox \u00e9 um antibi\u00f3tico de \u00faltima gera\u00e7\u00e3o com comprovados efeitos ja que trata-se de uma quinolona do grupo das fluorquinolonas con \u00f3timos efeitos contra bact\u00e9rias gram-positivas e gram-negativas, assim como Mycoplasma e clam\u00eddia.<\/span><\/p>\n<p class=\"western\"><span style=\"color: #212121;\">Quinolonas s\u00e3o geralmente bactericidas, microrganismos sens\u00edveis perdem a sua viabilidade dentro de 20 minutos de exposi\u00e7\u00e3o a concentra\u00e7\u00f5es \u00f3timas de novas fluoroquinolonas. As fluoroquinolonas exibem actividade antibacteriana significativa em concentra\u00e7\u00f5es extremamente baixas.<br \/>\n<\/span><\/p>\n<p class=\"western\"><span style=\"color: #212121;\"><b>Indica\u00e7\u00f5es \/ Usos:<br \/>\n<\/b><\/span><span style=\"color: #212121;\">Tratamento de infec\u00e7\u00f5es locaes e sist\u00e9micas, especialmente contra infec\u00e7\u00f5es profundas. Infec\u00e7\u00f5es respirat\u00f3rias, intestinal, infec\u00e7\u00f5es urin\u00e1rias, ouvidos, pele, bem como a prostatite, meningoencefalite, osteomielite e artrite bacteriana<br \/>\n<\/span><\/p>\n<p class=\"western\"><span style=\"color: #212121;\"><b>FORMULA | Cada comprimido cont\u00e9m:<\/b><\/span><span style=\"color: #212121;\"><br \/>\nEnrofloxacina &#8230;&#8230;&#8230;. 150 mg<br \/>\nEXCP c.s.p &#8230;&#8230;&#8230;&#8230;&#8230; 400 mg<\/span><\/p>\n<p class=\"western\"><span style=\"color: #212121;\"><b>DOSAGEM<\/b><\/span><span style=\"color: #212121;\"><br \/>\n<\/span><span style=\"color: #212121;\"><u>C\u00e3es e gatos:<\/u><\/span><span style=\"color: #212121;\">\u00a01 comprimido (150 mg) por 30 kg a cada 24 horas durante 5 a 10 dias de acordo com o veterin\u00e1rio respons\u00e1vel.<br \/>\n<\/span><span style=\"color: #212121;\"><u>Coelhos:<\/u><\/span><span style=\"color: #212121;\">\u00a05 mg \/ kg por via oral a cada 24 horas moendo os comprimidos de acordo com o m\u00e9dico assistente.<\/span><\/p>\n<p class=\"western\"><span style=\"color: #212121;\"><b>CONTRA-INDICA\u00c7\u00d5ES<\/b><\/span><span style=\"color: #212121;\"><br \/>\nEvitar o uso em animais em crescimento para tratamentos prolongados, porque ocorrem eros\u00f5es cartilaginosas<br \/>\n<\/span><\/p>\n<p class=\"western\"><span style=\"color: #212121;\">Reg N \u00b0 A 4314 MGAP<\/span><\/p>\n","protected":false},"excerpt":{"rendered":"<p>Enrofloxacina 150,0 mg Excipientes c.s.p 400,0 mg<\/p>\n","protected":false},"featured_media":1380,"comment_status":"open","ping_status":"closed","template":"","meta":[],"product_cat":[604,554],"product_tag":[],"class_list":["post-549","product","type-product","status-publish","has-post-thumbnail","hentry","product_cat-produtos-a-z","product_cat-antibioticos-pt-br","thumb-has-effect","prod-rating-off"],"acf":[],"aioseo_notices":[],"_links":{"self":[{"href":"https:\/\/laboratoriounimedical.com\/pt-br\/wp-json\/wp\/v2\/product\/549","targetHints":{"allow":["GET"]}}],"collection":[{"href":"https:\/\/laboratoriounimedical.com\/pt-br\/wp-json\/wp\/v2\/product"}],"about":[{"href":"https:\/\/laboratoriounimedical.com\/pt-br\/wp-json\/wp\/v2\/types\/product"}],"replies":[{"embeddable":true,"href":"https:\/\/laboratoriounimedical.com\/pt-br\/wp-json\/wp\/v2\/comments?post=549"}],"wp:featuredmedia":[{"embeddable":true,"href":"https:\/\/laboratoriounimedical.com\/pt-br\/wp-json\/wp\/v2\/media\/1380"}],"wp:attachment":[{"href":"https:\/\/laboratoriounimedical.com\/pt-br\/wp-json\/wp\/v2\/media?parent=549"}],"wp:term":[{"taxonomy":"product_cat","embeddable":true,"href":"https:\/\/laboratoriounimedical.com\/pt-br\/wp-json\/wp\/v2\/product_cat?post=549"},{"taxonomy":"product_tag","embeddable":true,"href":"https:\/\/laboratoriounimedical.com\/pt-br\/wp-json\/wp\/v2\/product_tag?post=549"}],"curies":[{"name":"wp","href":"https:\/\/api.w.org\/{rel}","templated":true}]}}