{"id":550,"date":"2023-08-11T12:01:27","date_gmt":"2023-08-11T15:01:27","guid":{"rendered":"https:\/\/laboratoriounimedical.com\/producto\/uniletas-forte\/"},"modified":"2023-11-28T16:30:14","modified_gmt":"2023-11-28T19:30:14","slug":"uniletas-forte","status":"publish","type":"product","link":"https:\/\/laboratoriounimedical.com\/pt-br\/producto\/uniletas-forte\/","title":{"rendered":"Uniletas Forte"},"content":{"rendered":"<p class=\"western\" style=\"text-align: center;\"><span style=\"color: #212121;\"><b>Anticonvulsivante, sedativo para c\u00e3es e gatos.<\/b><\/span><\/p>\n<p class=\"western\"><span style=\"color: #212121;\">Fenobarbital de s\u00f3dio deprime especificamente centros motores do c\u00f3rtex cerebral. Tem o mais amplo espectro de actividade contra os padr\u00f5es convulsivantes diferentes e \u00e9 um dos mais potentes anticonvulsivante dispon\u00edvel, \u00e9 tamb\u00e9m menos t\u00f3xico.<\/span><\/p>\n<p class=\"western\"><span style=\"color: #212121;\"><b>F\u00f3rmula | Cada comprimido cont\u00e9m:<br \/>\n<\/b><\/span><span style=\"color: #212121;\">Fenobarbital s\u00f3dico\u2026\u2026\u2026\u2026\u2026\u2026\u2026\u2026\u2026\u2026\u2026.100,0 mg<br \/>\n<\/span><span style=\"color: #212121;\">Excipientes c.s.p\u2026\u2026\u2026\u2026\u2026\u2026\u2026\u2026\u2026\u2026\u2026\u2026.250,0 mg<\/span><\/p>\n<p class=\"western\"><span style=\"color: #212121;\"><b>Indica\u00e7\u00f5es \/ Usos:<br \/>\n<\/b><\/span><span style=\"color: #212121;\">Controle sintom\u00e1tico e profil\u00e1tico de contra\u00e7\u00f5es epilepsia convulsiva utilizado para o tratamento de manuten\u00e7\u00e3o. Sedativo geral em c\u00e3es nervosos por aperto. sedativo g\u00e1strico.<\/span><\/p>\n<p class=\"western\"><span style=\"color: #212121;\"><b>Administra\u00e7\u00e3o e dosagem:<br \/>\n<\/b><\/span><span style=\"color: #212121;\">A administra\u00e7\u00e3o oral.<br \/>\n<\/span><span style=\"color: #212121;\">\u00c9 recomendado para a dose de manuten\u00e7\u00e3o de longo prazo de 2,0 a 6,0 mg \/ kg, divididos em duas doses di\u00e1rias em c\u00e3es. No gato pode utilizar uma dose de 4,0 mg \/ kg a cada 12 horas. \u00e9 necess\u00e1ria uma vigil\u00e2ncia da concentra\u00e7\u00e3o do medicamento 3 semanas a partir do in\u00edcio do tratamento e 2 semanas depois de alterar a dosagem.<\/span><\/p>\n<p class=\"western\"><span style=\"color: #212121;\"><b>Contra-indica\u00e7\u00f5es \/ precau\u00e7\u00f5es:<br \/>\n<\/b><\/span><span style=\"color: #212121;\">Quando \u00e9 para ser administrado como manuten\u00e7\u00e3o e mudar\u00e1 para o diazepam fenobarbital deve ser feito cuidadosamente e, gradualmente, devido \u00e0 poss\u00edvel potencia\u00e7\u00e3o.<\/span><\/p>\n<p class=\"western\"><span style=\"color: #212121;\"><b>Apresenta\u00e7\u00e3o:<br \/>\n<\/b><\/span><span style=\"color: #212121;\">Caixa com blister contendo 20 comprimidos.<\/span><\/p>\n<p class=\"western\"><span style=\"color: #212121;\">Manter entre 5 \u00b0 C e 35 \u00b0 C.<br \/>\n<\/span><span style=\"color: #212121;\">Manter afastado de luz solar directa, humidade e calor.<br \/>\n<\/span><span style=\"color: #212121;\">Controlada de f\u00e1rmacos.<br \/>\n<\/span><span style=\"color: #212121;\">Manter fora do alcance das crian\u00e7as.<\/span><\/p>\n<p class=\"western\"><span style=\"color: #212121;\">Registro Minist\u00e9rio da Pecu\u00e1ria, Agricultura e Pesca (Uruguai): A 2707<\/span><\/p>\n","protected":false},"excerpt":{"rendered":"<p>Anticonvulsivante, sedativo para c\u00e3es e gatos. Fenobarbital de s\u00f3dio deprime especificamente centros motores do c\u00f3rtex cerebral. Tem o mais amplo espectro de actividade contra os padr\u00f5es convulsivantes diferentes e \u00e9 um dos mais potentes anticonvulsivante dispon\u00edvel, \u00e9 tamb\u00e9m menos t\u00f3xico. F\u00f3rmula | Cada comprimido cont\u00e9m: Fenobarbital s\u00f3dico\u2026\u2026\u2026\u2026\u2026\u2026\u2026\u2026\u2026\u2026\u2026.100,0 mg Excipientes c.s.p\u2026\u2026\u2026\u2026\u2026\u2026\u2026\u2026\u2026\u2026\u2026\u2026.250,0 mg Indica\u00e7\u00f5es \/ Usos: Controle sintom\u00e1tico e profil\u00e1tico de contra\u00e7\u00f5es&hellip;<\/p>\n","protected":false},"featured_media":1371,"comment_status":"open","ping_status":"closed","template":"","meta":[],"product_cat":[604,539],"product_tag":[],"class_list":["post-550","product","type-product","status-publish","has-post-thumbnail","hentry","product_cat-produtos-a-z","product_cat-sicotropicos-pt-br","thumb-has-effect","prod-rating-off"],"acf":[],"aioseo_notices":[],"_links":{"self":[{"href":"https:\/\/laboratoriounimedical.com\/pt-br\/wp-json\/wp\/v2\/product\/550","targetHints":{"allow":["GET"]}}],"collection":[{"href":"https:\/\/laboratoriounimedical.com\/pt-br\/wp-json\/wp\/v2\/product"}],"about":[{"href":"https:\/\/laboratoriounimedical.com\/pt-br\/wp-json\/wp\/v2\/types\/product"}],"replies":[{"embeddable":true,"href":"https:\/\/laboratoriounimedical.com\/pt-br\/wp-json\/wp\/v2\/comments?post=550"}],"wp:featuredmedia":[{"embeddable":true,"href":"https:\/\/laboratoriounimedical.com\/pt-br\/wp-json\/wp\/v2\/media\/1371"}],"wp:attachment":[{"href":"https:\/\/laboratoriounimedical.com\/pt-br\/wp-json\/wp\/v2\/media?parent=550"}],"wp:term":[{"taxonomy":"product_cat","embeddable":true,"href":"https:\/\/laboratoriounimedical.com\/pt-br\/wp-json\/wp\/v2\/product_cat?post=550"},{"taxonomy":"product_tag","embeddable":true,"href":"https:\/\/laboratoriounimedical.com\/pt-br\/wp-json\/wp\/v2\/product_tag?post=550"}],"curies":[{"name":"wp","href":"https:\/\/api.w.org\/{rel}","templated":true}]}}