{"id":560,"date":"2023-08-18T11:52:04","date_gmt":"2023-08-18T14:52:04","guid":{"rendered":"https:\/\/laboratoriounimedical.com\/producto\/vitalflex-hyaluronic\/"},"modified":"2023-11-28T16:34:34","modified_gmt":"2023-11-28T19:34:34","slug":"vitalflex-hyaluronic","status":"publish","type":"product","link":"https:\/\/laboratoriounimedical.com\/pt-br\/producto\/vitalflex-hyaluronic\/","title":{"rendered":"Vitalflex Hyaluronic"},"content":{"rendered":"<p class=\"western\" style=\"text-align: center;\"><span style=\"color: #212121;\"><b>Comprimidos palat\u00e1veis<\/b><\/span><\/p>\n<p class=\"western\"><span style=\"color: #212121;\">Melhorador da fun\u00e7\u00e3o articular. Condroprotector.<br \/>\n<\/span><span style=\"color: #212121;\">Alimentos complementares para c\u00e3es \u00e0 base de \u00e1cido hialur\u00f4nico, glucosamina, sulfato de condroitina e magn\u00e9sio.<br \/>\n<\/span><span style=\"color: #212121;\">\u00danico suplemento com \u00e1cido hialur\u00f4nico incorporado.<\/span><\/p>\n<p class=\"western\"><span style=\"color: #212121;\"><b>F\u00f3rmula:<br \/>\n<\/b><\/span><span style=\"color: #212121;\">Cada comprimido cont\u00e9m:<br \/>\n<\/span><span style=\"color: #212121;\">\u00c1cido hialur\u00f4nico \u2026\u2026\u2026\u2026\u2026\u2026\u2026\u2026\u2026\u2026\u2026\u2026\u202620 mg<br \/>\n<\/span><span style=\"color: #212121;\">Glucosamida sulfato sal s\u00f3dica\u2026\u2026\u2026..628.4 mg<br \/>\n<\/span><span style=\"color: #212121;\">Condroitin sulfato sal s\u00f3dica \u2026\u2026\u2026\u2026..111.1 mg<br \/>\n<\/span><span style=\"color: #212121;\">Sulfato de manganeso\u2026\u2026\u2026\u2026\u2026\u2026.\u2026..33.3 mg<br \/>\n<\/span><span style=\"color: #212121;\">Excipientes c.s.p\u2026\u2026\u2026\u2026\u2026\u2026\u2026\u2026\u2026\u2026\u2026.. 2000 mg<\/span><\/p>\n<p class=\"western\"><span style=\"color: #212121;\"><b>INDICA\u00c7\u00d5ES<br \/>\n<\/b><\/span><span style=\"color: #212121;\">\u2022 Em grandes cachorros de ra\u00e7a de crescimento r\u00e1pido<br \/>\n<\/span><span style=\"color: #212121;\">\u2022 Em cachorros de ra\u00e7as com alto grau de displasia da anca<br \/>\n<\/span><span style=\"color: #212121;\">\u2022 Ap\u00f3s cirurgia comum ou condi\u00e7\u00f5es p\u00f3s-traum\u00e1ticas a fim de assegurar uma melhor recupera\u00e7\u00e3o<br \/>\n<\/span><span style=\"color: #212121;\">\u2022 Em situa\u00e7\u00f5es de imobiliza\u00e7\u00e3o de articula\u00e7\u00f5es, curativos ou outra<br \/>\n<\/span><span style=\"color: #212121;\">\u2022 Regenera\u00e7\u00e3o cartilagem articular<br \/>\n<\/span><span style=\"color: #212121;\">\u2022 Especialmente indicado como um suplemento diet\u00e9tico em animais com desgaste articular idade avan\u00e7ada, exerc\u00edcio de alta ou com sobrepeso.<\/span><\/p>\n<p class=\"western\"><span style=\"color: #212121;\">A diminui\u00e7\u00e3o da produ\u00e7\u00e3o pelo corpo de glucosamina e condroitina da como resultado o desgaste acelerado da cartilagem e provoca dor intensa.Quanto mais danificadas s\u00e3o as partes afectadas, maior a dor e deforma\u00e7\u00e3o; e pode causar uma diminui\u00e7\u00e3o na fun\u00e7\u00e3o da articula\u00e7\u00e3o. Ao fornecer VITALFLEX HYALURONIC pode efetivamente evitar o desgaste da cartilagem articular.<br \/>\n<\/span><span style=\"color: #212121;\">Nova pesquisa indica que a massa de cartilagem n\u00e3o s\u00f3 pode regenerar, mas tamb\u00e9m pode atingir uma alta elasticidade se o material necess\u00e1rio \u00e9 fornecido.<\/span><\/p>\n<p class=\"western\"><span style=\"color: #212121;\"><b>DOSAGEM<br \/>\n<\/b><\/span><span style=\"color: #212121;\">Caninos e Felinos<br \/>\n<\/span><span style=\"color: #212121;\">1 comprimido a cada 20 quilos de peso por dia.<br \/>\n<\/span><span style=\"color: #212121;\">A dura\u00e7\u00e3o do abastecimento \u00e9 recomendada pelo menos 6 semanas salvo indica\u00e7\u00e3o em contr\u00e1rio do veterin\u00e1rio respons\u00e1vel.<\/span><\/p>\n<p class=\"western\"><span style=\"color: #212121;\"><b>ACAO<br \/>\n<\/b><\/span><span style=\"color: #212121;\">\u00c1cido hialur\u00f3nico: \u00e9 o principal componente do l\u00edquido sinovial. Esta mol\u00e9cula confere propriedades lubrificantes, fornecendo flexibilidade para as articula\u00e7\u00f5es. O \u00e1cido hialur\u00f3nico pertence a glicosaminoglicanos, cadeia longa, que em forma hidrolisada facilita sua absor\u00e7\u00e3o. Ele tamb\u00e9m tem caracter\u00edsticas estruturais estando presente em concentra\u00e7\u00f5es elevadas nas articula\u00e7\u00f5es, cartilagem e pele.<\/span><\/p>\n<p class=\"western\"><span style=\"color: #212121;\">Sulfato de glucosamina: A fun\u00e7\u00e3o principal \u00e9 estimular a gera\u00e7\u00e3o de cartilagem articular e promover a incorpora\u00e7\u00e3o de enxofre para cartilagem. Estimular a gera\u00e7\u00e3o de subst\u00e2ncias necess\u00e1rias para o funcionamento das articula\u00e7\u00f5es e estimular a repara\u00e7\u00e3o conjunta. Ele aumenta a s\u00edntese de componentes da matriz pelos condr\u00f3citos, particularmente em animais idosos, cuja taxa de s\u00edntese de glicosaminoglicanos diminui com a idade.<\/span><\/p>\n<p class=\"western\"><span style=\"color: #212121;\">a quantidade necess\u00e1ria de glucosamina n\u00e3o \u00e9 obtida atrav\u00e9s da dieta, uma vez que n\u00e3o est\u00e1 presente em qualquer dos alimentos habituais (incluindo dietas equilibradas), excepto crust\u00e1ceos. Portanto, devemos fornec\u00ea-la em forma de suplemento.<\/span><\/p>\n<p class=\"western\"><span style=\"color: #212121;\">O sulfato de condroitina (ou &#8220;condroit\u00edn sulfato&#8221;): \u00c9 um componente fundamental da matriz da cartilagem e \u00e9 a principal respons\u00e1vel pela hidrata\u00e7\u00e3o adequada. \u00c9 essencial para manter a elasticidade e a flexibilidade da articula\u00e7\u00e3o.<\/span><\/p>\n<p class=\"western\"><span style=\"color: #212121;\">\u00c9 usada para o tratamento sintom\u00e1tico da osteoartrite.<\/span><\/p>\n<p class=\"western\"><span style=\"color: #212121;\">Mangan\u00eas: envolvido na s\u00edntese de hidratos de carbono e gorduras como na absor\u00e7\u00e3o de c\u00e1lcio e ferro. Participa no desenvolvimento saud\u00e1vel dos ossos e cartilagem e p\u00e2ncreas \u00e9 respons\u00e1vel por ativar algumas fun\u00e7\u00f5es enzim\u00e1ticas<\/span><\/p>\n","protected":false},"excerpt":{"rendered":"<p>\u00c1cido hialur\u00f4nico 20 mg Glucosamida 628.4 mg Condroitin 111.1 mg Sulfato de manganeso 33.3 mg Excipientes c.s.p 2000 mg<\/p>\n","protected":false},"featured_media":1392,"comment_status":"open","ping_status":"closed","template":"","meta":[],"product_cat":[604,575],"product_tag":[],"class_list":["post-560","product","type-product","status-publish","has-post-thumbnail","hentry","product_cat-produtos-a-z","product_cat-osteoarticular-pt-br","thumb-has-effect","prod-rating-off"],"acf":[],"aioseo_notices":[],"_links":{"self":[{"href":"https:\/\/laboratoriounimedical.com\/pt-br\/wp-json\/wp\/v2\/product\/560","targetHints":{"allow":["GET"]}}],"collection":[{"href":"https:\/\/laboratoriounimedical.com\/pt-br\/wp-json\/wp\/v2\/product"}],"about":[{"href":"https:\/\/laboratoriounimedical.com\/pt-br\/wp-json\/wp\/v2\/types\/product"}],"replies":[{"embeddable":true,"href":"https:\/\/laboratoriounimedical.com\/pt-br\/wp-json\/wp\/v2\/comments?post=560"}],"wp:featuredmedia":[{"embeddable":true,"href":"https:\/\/laboratoriounimedical.com\/pt-br\/wp-json\/wp\/v2\/media\/1392"}],"wp:attachment":[{"href":"https:\/\/laboratoriounimedical.com\/pt-br\/wp-json\/wp\/v2\/media?parent=560"}],"wp:term":[{"taxonomy":"product_cat","embeddable":true,"href":"https:\/\/laboratoriounimedical.com\/pt-br\/wp-json\/wp\/v2\/product_cat?post=560"},{"taxonomy":"product_tag","embeddable":true,"href":"https:\/\/laboratoriounimedical.com\/pt-br\/wp-json\/wp\/v2\/product_tag?post=560"}],"curies":[{"name":"wp","href":"https:\/\/api.w.org\/{rel}","templated":true}]}}